{"id":9341,"date":"2025-04-07T09:09:18","date_gmt":"2025-04-07T09:09:18","guid":{"rendered":"https:\/\/one-offmarbella.com\/?post_type=product&#038;p=9341"},"modified":"2025-04-23T13:56:01","modified_gmt":"2025-04-23T13:56:01","slug":"camiseta-exclusive-maison","status":"publish","type":"product","link":"https:\/\/one-offmarbella.com\/en\/tienda\/camisetas\/camiseta-exclusive-maison\/","title":{"rendered":"Camiseta Exclusive Maison"},"content":{"rendered":"<ul>\n<li>100% algod\u00f3n org\u00e1nico hilado y peinado.<\/li>\n<li>Jersey sencillo, 200 g\/m\u00b2.<\/li>\n<li>Tejido lavado para un acabado suave.<\/li>\n<li>Corte extragrande, cuello simulado.<\/li>\n<li>Hombros ca\u00eddos y mangas montadas.<\/li>\n<\/ul>","protected":false},"excerpt":{"rendered":"<p>La <strong>Camiseta Exclusive Maison<\/strong> est\u00e1 numerada a <strong>58 unidades<\/strong> como tributo al a\u00f1o <strong>1858<\/strong>, cuando por primera vez se present\u00f3 una colecci\u00f3n de moda sobre cuerpos reales. Hasta entonces, las prendas solo se exhib\u00edan sobre maniqu\u00edes: aquel desfile cambi\u00f3 la forma de ver, sentir y vestir la moda.<\/p>\n<p>Esta pieza rinde homenaje a ese momento revolucionario con un dise\u00f1o limpio pero lleno de significado. En el frontal, lleva bordado el logo de <strong>Exclusive Maison<\/strong> junto con la numeraci\u00f3n, como una firma personal. En la parte trasera, un parche distintivo representa el alma de la colecci\u00f3n: el atelier, lo artesanal, lo aut\u00e9ntico.<\/p>\n<p>Cada camiseta no solo viste, sino que representa una ruptura con lo est\u00e1tico, un homenaje a la vida que hay detr\u00e1s de cada prenda y de quienes las llevan.<\/p>\n<hr \/>\n<p>Men's Model Size L: 75 kg; 186 cm<br \/>\nModelo Mujer Talla M: 55kg; 169 cm<\/p>","protected":false},"featured_media":9411,"template":"","meta":[],"product_brand":[],"product_cat":[39],"product_tag":[],"class_list":{"0":"post-9341","1":"product","2":"type-product","3":"status-publish","4":"has-post-thumbnail","6":"product_cat-camisetas","8":"first","9":"instock","10":"shipping-taxable","11":"purchasable","12":"product-type-variable"},"yoast_head":"<!-- This site is optimized with the Yoast SEO plugin v24.3 - https:\/\/yoast.com\/wordpress\/plugins\/seo\/ -->\n<title>Camiseta Exclusive Maison | One Off Marbella<\/title>\n<meta name=\"description\" content=\"Antiguamente se dise\u00f1aban las prendas para cada uno de nosotros, tradici\u00f3n y arte que se ha perdido con la masificaci\u00f3n. Esta prenda es un tributo a esa \u00e9poca mostrando en la espalda un dise\u00f1o realizado a mano para 34 distinguidos que entiendan la clase y singularidad detr\u00e1s de cada golpe. Este dise\u00f1o sobre un azul elegante es una extensi\u00f3n de la clase y armon\u00eda que nos trasmite el golf.\" \/>\n<meta name=\"robots\" content=\"index, follow, max-snippet:-1, max-image-preview:large, max-video-preview:-1\" \/>\n<link rel=\"canonical\" href=\"https:\/\/one-offmarbella.com\/en\/tienda\/camisetas\/camiseta-exclusive-maison\/\" \/>\n<meta property=\"og:locale\" content=\"en_US\" \/>\n<meta property=\"og:type\" content=\"article\" \/>\n<meta property=\"og:title\" content=\"Camiseta Exclusive Maison | One Off Marbella\" \/>\n<meta property=\"og:description\" content=\"Antiguamente se dise\u00f1aban las prendas para cada uno de nosotros, tradici\u00f3n y arte que se ha perdido con la masificaci\u00f3n. Esta prenda es un tributo a esa \u00e9poca mostrando en la espalda un dise\u00f1o realizado a mano para 34 distinguidos que entiendan la clase y singularidad detr\u00e1s de cada golpe. Este dise\u00f1o sobre un azul elegante es una extensi\u00f3n de la clase y armon\u00eda que nos trasmite el golf.\" \/>\n<meta property=\"og:url\" content=\"https:\/\/one-offmarbella.com\/en\/tienda\/camisetas\/camiseta-exclusive-maison\/\" \/>\n<meta property=\"og:site_name\" content=\"One Off Marbella\" \/>\n<meta property=\"article:modified_time\" content=\"2025-04-23T13:56:01+00:00\" \/>\n<meta property=\"og:image\" content=\"https:\/\/one-offmarbella.com\/wp-content\/uploads\/2025\/04\/Camiseta-EM-1.jpg\" \/>\n\t<meta property=\"og:image:width\" content=\"1920\" \/>\n\t<meta property=\"og:image:height\" content=\"2560\" \/>\n\t<meta property=\"og:image:type\" content=\"image\/jpeg\" \/>\n<meta name=\"twitter:card\" content=\"summary_large_image\" \/>\n<meta name=\"twitter:label1\" content=\"Est. reading time\" \/>\n\t<meta name=\"twitter:data1\" content=\"1 minute\" \/>\n<script type=\"application\/ld+json\" class=\"yoast-schema-graph\">{\"@context\":\"https:\/\/schema.org\",\"@graph\":[{\"@type\":\"WebPage\",\"@id\":\"https:\/\/one-offmarbella.com\/tienda\/camisetas\/camiseta-exclusive-maison\/\",\"url\":\"https:\/\/one-offmarbella.com\/tienda\/camisetas\/camiseta-exclusive-maison\/\",\"name\":\"Camiseta Exclusive Maison | One Off Marbella\",\"isPartOf\":{\"@id\":\"https:\/\/one-offmarbella.com\/#website\"},\"primaryImageOfPage\":{\"@id\":\"https:\/\/one-offmarbella.com\/tienda\/camisetas\/camiseta-exclusive-maison\/#primaryimage\"},\"image\":{\"@id\":\"https:\/\/one-offmarbella.com\/tienda\/camisetas\/camiseta-exclusive-maison\/#primaryimage\"},\"thumbnailUrl\":\"https:\/\/one-offmarbella.com\/wp-content\/uploads\/2025\/04\/Camiseta-EM-1.jpg\",\"datePublished\":\"2025-04-07T09:09:18+00:00\",\"dateModified\":\"2025-04-23T13:56:01+00:00\",\"description\":\"Antiguamente se dise\u00f1aban las prendas para cada uno de nosotros, tradici\u00f3n y arte que se ha perdido con la masificaci\u00f3n. Esta prenda es un tributo a esa \u00e9poca mostrando en la espalda un dise\u00f1o realizado a mano para 34 distinguidos que entiendan la clase y singularidad detr\u00e1s de cada golpe. Este dise\u00f1o sobre un azul elegante es una extensi\u00f3n de la clase y armon\u00eda que nos trasmite el golf.\",\"breadcrumb\":{\"@id\":\"https:\/\/one-offmarbella.com\/tienda\/camisetas\/camiseta-exclusive-maison\/#breadcrumb\"},\"inLanguage\":\"en-US\",\"potentialAction\":[{\"@type\":\"ReadAction\",\"target\":[\"https:\/\/one-offmarbella.com\/tienda\/camisetas\/camiseta-exclusive-maison\/\"]}]},{\"@type\":\"ImageObject\",\"inLanguage\":\"en-US\",\"@id\":\"https:\/\/one-offmarbella.com\/tienda\/camisetas\/camiseta-exclusive-maison\/#primaryimage\",\"url\":\"https:\/\/one-offmarbella.com\/wp-content\/uploads\/2025\/04\/Camiseta-EM-1.jpg\",\"contentUrl\":\"https:\/\/one-offmarbella.com\/wp-content\/uploads\/2025\/04\/Camiseta-EM-1.jpg\",\"width\":1920,\"height\":2560},{\"@type\":\"BreadcrumbList\",\"@id\":\"https:\/\/one-offmarbella.com\/tienda\/camisetas\/camiseta-exclusive-maison\/#breadcrumb\",\"itemListElement\":[{\"@type\":\"ListItem\",\"position\":1,\"name\":\"Portada\",\"item\":\"https:\/\/one-offmarbella.com\/\"},{\"@type\":\"ListItem\",\"position\":2,\"name\":\"Tienda\",\"item\":\"https:\/\/one-offmarbella.com\/tienda\/\"},{\"@type\":\"ListItem\",\"position\":3,\"name\":\"Camiseta Exclusive Maison\"}]},{\"@type\":\"WebSite\",\"@id\":\"https:\/\/one-offmarbella.com\/#website\",\"url\":\"https:\/\/one-offmarbella.com\/\",\"name\":\"One - Off Marbella\",\"description\":\"Bienvenido a One - Off Marbella, la \u00fanica marca que hace prendas de numeraci\u00f3n \u00fanica y limitada. Calidad, sostenibilidad y personalidad.\",\"potentialAction\":[{\"@type\":\"SearchAction\",\"target\":{\"@type\":\"EntryPoint\",\"urlTemplate\":\"https:\/\/one-offmarbella.com\/?s={search_term_string}\"},\"query-input\":{\"@type\":\"PropertyValueSpecification\",\"valueRequired\":true,\"valueName\":\"search_term_string\"}}],\"inLanguage\":\"en-US\"}]}<\/script>\n<!-- \/ Yoast SEO plugin. -->","yoast_head_json":{"title":"Camiseta Exclusive Maison | One Off Marbella","description":"Antiguamente se dise\u00f1aban las prendas para cada uno de nosotros, tradici\u00f3n y arte que se ha perdido con la masificaci\u00f3n. Esta prenda es un tributo a esa \u00e9poca mostrando en la espalda un dise\u00f1o realizado a mano para 34 distinguidos que entiendan la clase y singularidad detr\u00e1s de cada golpe. Este dise\u00f1o sobre un azul elegante es una extensi\u00f3n de la clase y armon\u00eda que nos trasmite el golf.","robots":{"index":"index","follow":"follow","max-snippet":"max-snippet:-1","max-image-preview":"max-image-preview:large","max-video-preview":"max-video-preview:-1"},"canonical":"https:\/\/one-offmarbella.com\/en\/tienda\/camisetas\/camiseta-exclusive-maison\/","og_locale":"en_US","og_type":"article","og_title":"Camiseta Exclusive Maison | One Off Marbella","og_description":"Antiguamente se dise\u00f1aban las prendas para cada uno de nosotros, tradici\u00f3n y arte que se ha perdido con la masificaci\u00f3n. Esta prenda es un tributo a esa \u00e9poca mostrando en la espalda un dise\u00f1o realizado a mano para 34 distinguidos que entiendan la clase y singularidad detr\u00e1s de cada golpe. Este dise\u00f1o sobre un azul elegante es una extensi\u00f3n de la clase y armon\u00eda que nos trasmite el golf.","og_url":"https:\/\/one-offmarbella.com\/en\/tienda\/camisetas\/camiseta-exclusive-maison\/","og_site_name":"One Off Marbella","article_modified_time":"2025-04-23T13:56:01+00:00","og_image":[{"width":1920,"height":2560,"url":"https:\/\/one-offmarbella.com\/wp-content\/uploads\/2025\/04\/Camiseta-EM-1.jpg","type":"image\/jpeg"}],"twitter_card":"summary_large_image","twitter_misc":{"Est. reading time":"1 minute"},"schema":{"@context":"https:\/\/schema.org","@graph":[{"@type":"WebPage","@id":"https:\/\/one-offmarbella.com\/tienda\/camisetas\/camiseta-exclusive-maison\/","url":"https:\/\/one-offmarbella.com\/tienda\/camisetas\/camiseta-exclusive-maison\/","name":"Camiseta Exclusive Maison | One Off Marbella","isPartOf":{"@id":"https:\/\/one-offmarbella.com\/#website"},"primaryImageOfPage":{"@id":"https:\/\/one-offmarbella.com\/tienda\/camisetas\/camiseta-exclusive-maison\/#primaryimage"},"image":{"@id":"https:\/\/one-offmarbella.com\/tienda\/camisetas\/camiseta-exclusive-maison\/#primaryimage"},"thumbnailUrl":"https:\/\/one-offmarbella.com\/wp-content\/uploads\/2025\/04\/Camiseta-EM-1.jpg","datePublished":"2025-04-07T09:09:18+00:00","dateModified":"2025-04-23T13:56:01+00:00","description":"Antiguamente se dise\u00f1aban las prendas para cada uno de nosotros, tradici\u00f3n y arte que se ha perdido con la masificaci\u00f3n. Esta prenda es un tributo a esa \u00e9poca mostrando en la espalda un dise\u00f1o realizado a mano para 34 distinguidos que entiendan la clase y singularidad detr\u00e1s de cada golpe. Este dise\u00f1o sobre un azul elegante es una extensi\u00f3n de la clase y armon\u00eda que nos trasmite el golf.","breadcrumb":{"@id":"https:\/\/one-offmarbella.com\/tienda\/camisetas\/camiseta-exclusive-maison\/#breadcrumb"},"inLanguage":"en-US","potentialAction":[{"@type":"ReadAction","target":["https:\/\/one-offmarbella.com\/tienda\/camisetas\/camiseta-exclusive-maison\/"]}]},{"@type":"ImageObject","inLanguage":"en-US","@id":"https:\/\/one-offmarbella.com\/tienda\/camisetas\/camiseta-exclusive-maison\/#primaryimage","url":"https:\/\/one-offmarbella.com\/wp-content\/uploads\/2025\/04\/Camiseta-EM-1.jpg","contentUrl":"https:\/\/one-offmarbella.com\/wp-content\/uploads\/2025\/04\/Camiseta-EM-1.jpg","width":1920,"height":2560},{"@type":"BreadcrumbList","@id":"https:\/\/one-offmarbella.com\/tienda\/camisetas\/camiseta-exclusive-maison\/#breadcrumb","itemListElement":[{"@type":"ListItem","position":1,"name":"Portada","item":"https:\/\/one-offmarbella.com\/"},{"@type":"ListItem","position":2,"name":"Tienda","item":"https:\/\/one-offmarbella.com\/tienda\/"},{"@type":"ListItem","position":3,"name":"Camiseta Exclusive Maison"}]},{"@type":"WebSite","@id":"https:\/\/one-offmarbella.com\/#website","url":"https:\/\/one-offmarbella.com\/","name":"One - Off Marbella","description":"Bienvenido a One - Off Marbella, la \u00fanica marca que hace prendas de numeraci\u00f3n \u00fanica y limitada. Calidad, sostenibilidad y personalidad.","potentialAction":[{"@type":"SearchAction","target":{"@type":"EntryPoint","urlTemplate":"https:\/\/one-offmarbella.com\/?s={search_term_string}"},"query-input":{"@type":"PropertyValueSpecification","valueRequired":true,"valueName":"search_term_string"}}],"inLanguage":"en-US"}]}},"_links":{"self":[{"href":"https:\/\/one-offmarbella.com\/en\/wp-json\/wp\/v2\/product\/9341","targetHints":{"allow":["GET"]}}],"collection":[{"href":"https:\/\/one-offmarbella.com\/en\/wp-json\/wp\/v2\/product"}],"about":[{"href":"https:\/\/one-offmarbella.com\/en\/wp-json\/wp\/v2\/types\/product"}],"version-history":[{"count":1,"href":"https:\/\/one-offmarbella.com\/en\/wp-json\/wp\/v2\/product\/9341\/revisions"}],"predecessor-version":[{"id":9350,"href":"https:\/\/one-offmarbella.com\/en\/wp-json\/wp\/v2\/product\/9341\/revisions\/9350"}],"wp:featuredmedia":[{"embeddable":true,"href":"https:\/\/one-offmarbella.com\/en\/wp-json\/wp\/v2\/media\/9411"}],"wp:attachment":[{"href":"https:\/\/one-offmarbella.com\/en\/wp-json\/wp\/v2\/media?parent=9341"}],"wp:term":[{"taxonomy":"product_brand","embeddable":true,"href":"https:\/\/one-offmarbella.com\/en\/wp-json\/wp\/v2\/product_brand?post=9341"},{"taxonomy":"product_cat","embeddable":true,"href":"https:\/\/one-offmarbella.com\/en\/wp-json\/wp\/v2\/product_cat?post=9341"},{"taxonomy":"product_tag","embeddable":true,"href":"https:\/\/one-offmarbella.com\/en\/wp-json\/wp\/v2\/product_tag?post=9341"}],"curies":[{"name":"wp","href":"https:\/\/api.w.org\/{rel}","templated":true}]}}