{"id":9334,"date":"2025-04-07T09:03:10","date_gmt":"2025-04-07T09:03:10","guid":{"rendered":"https:\/\/one-offmarbella.com\/?post_type=product&#038;p=9334"},"modified":"2025-04-23T13:56:48","modified_gmt":"2025-04-23T13:56:48","slug":"sudadera-exclusive-maison","status":"publish","type":"product","link":"https:\/\/one-offmarbella.com\/en\/tienda\/sudaderas\/sudadera-exclusive-maison\/","title":{"rendered":"Sudadera Exclusive Maison"},"content":{"rendered":"<ul>\n<li>100% algod\u00f3n felpa no perchada.<\/li>\n<li>Organic Carded, Dry Handfeel.<\/li>\n<li>Capucha doble y bolsillo canguro.<\/li>\n<li>Pespunte doble en sisas, pu\u00f1os y bajo.<\/li>\n<li>Canal\u00e9 2&#215;1 en pu\u00f1os y cintura.<\/li>\n<\/ul>","protected":false},"excerpt":{"rendered":"<p>La <strong>Sudadera Exclusive Maison<\/strong> est\u00e1 limitada a <strong>47 unidades<\/strong>, en honor al a\u00f1o <strong>1947<\/strong>, cuando Christian Dior present\u00f3 su primera colecci\u00f3n: el ic\u00f3nico <em>New Look<\/em>. Aquella propuesta revolucion\u00f3 la silueta femenina y marc\u00f3 un antes y un despu\u00e9s en la historia de la moda. Esta prenda toma esa inspiraci\u00f3n para convertir lo esencial en algo excepcional.<\/p>\n<p>A primera vista, puede parecer una sudadera con capucha cl\u00e1sica. Pero el detalle del cuello con botones a\u00f1ade una distinci\u00f3n inesperada: una reinterpretaci\u00f3n contempor\u00e1nea del cambio radical que supuso el <em>New Look<\/em>. En la espalda, un gran logo deja claro que lo que llevas no es com\u00fan \u2014te dice cu\u00e1ntas unidades existen en todo el mundo y cu\u00e1l es la tuya.<\/p>\n<p>Porque a veces, lo verdaderamente disruptivo nace desde lo m\u00e1s sencillo, con la actitud de quien sabe que forma parte de algo \u00fanico.<\/p>\n<hr \/>\n<p>Modelo Hombre: Mide 1.84 cm y pesa 80 kg \u2013 Usa una M<\/p>","protected":false},"featured_media":9410,"template":"","meta":[],"product_brand":[],"product_cat":[98],"product_tag":[],"class_list":{"0":"post-9334","1":"product","2":"type-product","3":"status-publish","4":"has-post-thumbnail","6":"product_cat-sudaderas","8":"first","9":"instock","10":"shipping-taxable","11":"purchasable","12":"product-type-variable"},"yoast_head":"<!-- This site is optimized with the Yoast SEO plugin v24.3 - https:\/\/yoast.com\/wordpress\/plugins\/seo\/ -->\n<title>Sudadera Exclusive Maison | One Off Marbella<\/title>\n<meta name=\"description\" content=\"La sudadera Racing Team, limitada a 50 unidades, celebra la historia y exclusividad del Porsche Rothman que conquist\u00f3 el Dakar en 1986. Cada prenda, con numeraci\u00f3n bordada, honra a los visionarios del equipo. Adquiere esta pieza \u00fanica de resiliencia y adaptaci\u00f3n en One-Off Marbella.\" \/>\n<meta name=\"robots\" content=\"index, follow, max-snippet:-1, max-image-preview:large, max-video-preview:-1\" \/>\n<link rel=\"canonical\" href=\"https:\/\/one-offmarbella.com\/en\/tienda\/sudaderas\/sudadera-exclusive-maison\/\" \/>\n<meta property=\"og:locale\" content=\"en_US\" \/>\n<meta property=\"og:type\" content=\"article\" \/>\n<meta property=\"og:title\" content=\"Sudadera Exclusive Maison | One Off Marbella\" \/>\n<meta property=\"og:description\" content=\"La sudadera Racing Team, limitada a 50 unidades, celebra la historia y exclusividad del Porsche Rothman que conquist\u00f3 el Dakar en 1986. Cada prenda, con numeraci\u00f3n bordada, honra a los visionarios del equipo. Adquiere esta pieza \u00fanica de resiliencia y adaptaci\u00f3n en One-Off Marbella.\" \/>\n<meta property=\"og:url\" content=\"https:\/\/one-offmarbella.com\/en\/tienda\/sudaderas\/sudadera-exclusive-maison\/\" \/>\n<meta property=\"og:site_name\" content=\"One Off Marbella\" \/>\n<meta property=\"article:modified_time\" content=\"2025-04-23T13:56:48+00:00\" \/>\n<meta property=\"og:image\" content=\"https:\/\/one-offmarbella.com\/wp-content\/uploads\/2025\/04\/sudadera-EM.v2-scaled.jpg\" \/>\n\t<meta property=\"og:image:width\" content=\"1920\" \/>\n\t<meta property=\"og:image:height\" content=\"2560\" \/>\n\t<meta property=\"og:image:type\" content=\"image\/jpeg\" \/>\n<meta name=\"twitter:card\" content=\"summary_large_image\" \/>\n<meta name=\"twitter:label1\" content=\"Est. reading time\" \/>\n\t<meta name=\"twitter:data1\" content=\"1 minute\" \/>\n<script type=\"application\/ld+json\" class=\"yoast-schema-graph\">{\"@context\":\"https:\/\/schema.org\",\"@graph\":[{\"@type\":\"WebPage\",\"@id\":\"https:\/\/one-offmarbella.com\/tienda\/sudaderas\/sudadera-exclusive-maison\/\",\"url\":\"https:\/\/one-offmarbella.com\/tienda\/sudaderas\/sudadera-exclusive-maison\/\",\"name\":\"Sudadera Exclusive Maison | One Off Marbella\",\"isPartOf\":{\"@id\":\"https:\/\/one-offmarbella.com\/#website\"},\"primaryImageOfPage\":{\"@id\":\"https:\/\/one-offmarbella.com\/tienda\/sudaderas\/sudadera-exclusive-maison\/#primaryimage\"},\"image\":{\"@id\":\"https:\/\/one-offmarbella.com\/tienda\/sudaderas\/sudadera-exclusive-maison\/#primaryimage\"},\"thumbnailUrl\":\"https:\/\/one-offmarbella.com\/wp-content\/uploads\/2025\/04\/sudadera-EM.v2-scaled.jpg\",\"datePublished\":\"2025-04-07T09:03:10+00:00\",\"dateModified\":\"2025-04-23T13:56:48+00:00\",\"description\":\"La sudadera Racing Team, limitada a 50 unidades, celebra la historia y exclusividad del Porsche Rothman que conquist\u00f3 el Dakar en 1986. Cada prenda, con numeraci\u00f3n bordada, honra a los visionarios del equipo. Adquiere esta pieza \u00fanica de resiliencia y adaptaci\u00f3n en One-Off Marbella.\",\"breadcrumb\":{\"@id\":\"https:\/\/one-offmarbella.com\/tienda\/sudaderas\/sudadera-exclusive-maison\/#breadcrumb\"},\"inLanguage\":\"en-US\",\"potentialAction\":[{\"@type\":\"ReadAction\",\"target\":[\"https:\/\/one-offmarbella.com\/tienda\/sudaderas\/sudadera-exclusive-maison\/\"]}]},{\"@type\":\"ImageObject\",\"inLanguage\":\"en-US\",\"@id\":\"https:\/\/one-offmarbella.com\/tienda\/sudaderas\/sudadera-exclusive-maison\/#primaryimage\",\"url\":\"https:\/\/one-offmarbella.com\/wp-content\/uploads\/2025\/04\/sudadera-EM.v2-scaled.jpg\",\"contentUrl\":\"https:\/\/one-offmarbella.com\/wp-content\/uploads\/2025\/04\/sudadera-EM.v2-scaled.jpg\",\"width\":1920,\"height\":2560,\"caption\":\"sudadera modelo EM.v2 one off Matbella\"},{\"@type\":\"BreadcrumbList\",\"@id\":\"https:\/\/one-offmarbella.com\/tienda\/sudaderas\/sudadera-exclusive-maison\/#breadcrumb\",\"itemListElement\":[{\"@type\":\"ListItem\",\"position\":1,\"name\":\"Portada\",\"item\":\"https:\/\/one-offmarbella.com\/\"},{\"@type\":\"ListItem\",\"position\":2,\"name\":\"Tienda\",\"item\":\"https:\/\/one-offmarbella.com\/tienda\/\"},{\"@type\":\"ListItem\",\"position\":3,\"name\":\"Sudadera Exclusive Maison\"}]},{\"@type\":\"WebSite\",\"@id\":\"https:\/\/one-offmarbella.com\/#website\",\"url\":\"https:\/\/one-offmarbella.com\/\",\"name\":\"One - Off Marbella\",\"description\":\"Bienvenido a One - Off Marbella, la \u00fanica marca que hace prendas de numeraci\u00f3n \u00fanica y limitada. Calidad, sostenibilidad y personalidad.\",\"potentialAction\":[{\"@type\":\"SearchAction\",\"target\":{\"@type\":\"EntryPoint\",\"urlTemplate\":\"https:\/\/one-offmarbella.com\/?s={search_term_string}\"},\"query-input\":{\"@type\":\"PropertyValueSpecification\",\"valueRequired\":true,\"valueName\":\"search_term_string\"}}],\"inLanguage\":\"en-US\"}]}<\/script>\n<!-- \/ Yoast SEO plugin. -->","yoast_head_json":{"title":"Sudadera Exclusive Maison | One Off Marbella","description":"La sudadera Racing Team, limitada a 50 unidades, celebra la historia y exclusividad del Porsche Rothman que conquist\u00f3 el Dakar en 1986. Cada prenda, con numeraci\u00f3n bordada, honra a los visionarios del equipo. Adquiere esta pieza \u00fanica de resiliencia y adaptaci\u00f3n en One-Off Marbella.","robots":{"index":"index","follow":"follow","max-snippet":"max-snippet:-1","max-image-preview":"max-image-preview:large","max-video-preview":"max-video-preview:-1"},"canonical":"https:\/\/one-offmarbella.com\/en\/tienda\/sudaderas\/sudadera-exclusive-maison\/","og_locale":"en_US","og_type":"article","og_title":"Sudadera Exclusive Maison | One Off Marbella","og_description":"La sudadera Racing Team, limitada a 50 unidades, celebra la historia y exclusividad del Porsche Rothman que conquist\u00f3 el Dakar en 1986. Cada prenda, con numeraci\u00f3n bordada, honra a los visionarios del equipo. Adquiere esta pieza \u00fanica de resiliencia y adaptaci\u00f3n en One-Off Marbella.","og_url":"https:\/\/one-offmarbella.com\/en\/tienda\/sudaderas\/sudadera-exclusive-maison\/","og_site_name":"One Off Marbella","article_modified_time":"2025-04-23T13:56:48+00:00","og_image":[{"width":1920,"height":2560,"url":"https:\/\/one-offmarbella.com\/wp-content\/uploads\/2025\/04\/sudadera-EM.v2-scaled.jpg","type":"image\/jpeg"}],"twitter_card":"summary_large_image","twitter_misc":{"Est. reading time":"1 minute"},"schema":{"@context":"https:\/\/schema.org","@graph":[{"@type":"WebPage","@id":"https:\/\/one-offmarbella.com\/tienda\/sudaderas\/sudadera-exclusive-maison\/","url":"https:\/\/one-offmarbella.com\/tienda\/sudaderas\/sudadera-exclusive-maison\/","name":"Sudadera Exclusive Maison | One Off Marbella","isPartOf":{"@id":"https:\/\/one-offmarbella.com\/#website"},"primaryImageOfPage":{"@id":"https:\/\/one-offmarbella.com\/tienda\/sudaderas\/sudadera-exclusive-maison\/#primaryimage"},"image":{"@id":"https:\/\/one-offmarbella.com\/tienda\/sudaderas\/sudadera-exclusive-maison\/#primaryimage"},"thumbnailUrl":"https:\/\/one-offmarbella.com\/wp-content\/uploads\/2025\/04\/sudadera-EM.v2-scaled.jpg","datePublished":"2025-04-07T09:03:10+00:00","dateModified":"2025-04-23T13:56:48+00:00","description":"La sudadera Racing Team, limitada a 50 unidades, celebra la historia y exclusividad del Porsche Rothman que conquist\u00f3 el Dakar en 1986. Cada prenda, con numeraci\u00f3n bordada, honra a los visionarios del equipo. Adquiere esta pieza \u00fanica de resiliencia y adaptaci\u00f3n en One-Off Marbella.","breadcrumb":{"@id":"https:\/\/one-offmarbella.com\/tienda\/sudaderas\/sudadera-exclusive-maison\/#breadcrumb"},"inLanguage":"en-US","potentialAction":[{"@type":"ReadAction","target":["https:\/\/one-offmarbella.com\/tienda\/sudaderas\/sudadera-exclusive-maison\/"]}]},{"@type":"ImageObject","inLanguage":"en-US","@id":"https:\/\/one-offmarbella.com\/tienda\/sudaderas\/sudadera-exclusive-maison\/#primaryimage","url":"https:\/\/one-offmarbella.com\/wp-content\/uploads\/2025\/04\/sudadera-EM.v2-scaled.jpg","contentUrl":"https:\/\/one-offmarbella.com\/wp-content\/uploads\/2025\/04\/sudadera-EM.v2-scaled.jpg","width":1920,"height":2560,"caption":"sudadera modelo EM.v2 one off Matbella"},{"@type":"BreadcrumbList","@id":"https:\/\/one-offmarbella.com\/tienda\/sudaderas\/sudadera-exclusive-maison\/#breadcrumb","itemListElement":[{"@type":"ListItem","position":1,"name":"Portada","item":"https:\/\/one-offmarbella.com\/"},{"@type":"ListItem","position":2,"name":"Tienda","item":"https:\/\/one-offmarbella.com\/tienda\/"},{"@type":"ListItem","position":3,"name":"Sudadera Exclusive Maison"}]},{"@type":"WebSite","@id":"https:\/\/one-offmarbella.com\/#website","url":"https:\/\/one-offmarbella.com\/","name":"One - Off Marbella","description":"Bienvenido a One - Off Marbella, la \u00fanica marca que hace prendas de numeraci\u00f3n \u00fanica y limitada. Calidad, sostenibilidad y personalidad.","potentialAction":[{"@type":"SearchAction","target":{"@type":"EntryPoint","urlTemplate":"https:\/\/one-offmarbella.com\/?s={search_term_string}"},"query-input":{"@type":"PropertyValueSpecification","valueRequired":true,"valueName":"search_term_string"}}],"inLanguage":"en-US"}]}},"_links":{"self":[{"href":"https:\/\/one-offmarbella.com\/en\/wp-json\/wp\/v2\/product\/9334","targetHints":{"allow":["GET"]}}],"collection":[{"href":"https:\/\/one-offmarbella.com\/en\/wp-json\/wp\/v2\/product"}],"about":[{"href":"https:\/\/one-offmarbella.com\/en\/wp-json\/wp\/v2\/types\/product"}],"version-history":[{"count":1,"href":"https:\/\/one-offmarbella.com\/en\/wp-json\/wp\/v2\/product\/9334\/revisions"}],"predecessor-version":[{"id":9340,"href":"https:\/\/one-offmarbella.com\/en\/wp-json\/wp\/v2\/product\/9334\/revisions\/9340"}],"wp:featuredmedia":[{"embeddable":true,"href":"https:\/\/one-offmarbella.com\/en\/wp-json\/wp\/v2\/media\/9410"}],"wp:attachment":[{"href":"https:\/\/one-offmarbella.com\/en\/wp-json\/wp\/v2\/media?parent=9334"}],"wp:term":[{"taxonomy":"product_brand","embeddable":true,"href":"https:\/\/one-offmarbella.com\/en\/wp-json\/wp\/v2\/product_brand?post=9334"},{"taxonomy":"product_cat","embeddable":true,"href":"https:\/\/one-offmarbella.com\/en\/wp-json\/wp\/v2\/product_cat?post=9334"},{"taxonomy":"product_tag","embeddable":true,"href":"https:\/\/one-offmarbella.com\/en\/wp-json\/wp\/v2\/product_tag?post=9334"}],"curies":[{"name":"wp","href":"https:\/\/api.w.org\/{rel}","templated":true}]}}