{"id":8829,"date":"2024-11-20T06:52:39","date_gmt":"2024-11-20T06:52:39","guid":{"rendered":"https:\/\/one-offmarbella.com\/?post_type=product&#038;p=8829"},"modified":"2024-11-20T06:55:24","modified_gmt":"2024-11-20T06:55:24","slug":"media-cremallera-20-ghost-club","status":"publish","type":"product","link":"https:\/\/one-offmarbella.com\/en\/tienda\/sudaderas\/media-cremallera-20-ghost-club\/","title":{"rendered":"Media Cremallera 20 &#8211; Ghost Club"},"content":{"rendered":"<ul>\n<li>100% algod\u00f3n Felpa no perchada.<\/li>\n<li>Organic Carded, Dry Handfeel.<\/li>\n<li>Corte Oversize.<\/li>\n<\/ul>","protected":false},"excerpt":{"rendered":"<p><span style=\"font-weight: 400;\">In the past, garments were designed for each of us, a tradition and art that has been lost with massification. This garment is a tribute to that era, showing on the back a hand-made design for 34 distinguished individuals who understand the class and uniqueness behind each stroke. This design on an elegant blue is an extension of the class and harmony that golf conveys to us. <\/span><\/p>\n<hr \/>\n<p>Men's Model Size L: 75 kg; 186 cm<br \/>\nModelo Mujer Talla M: 55kg; 156 cm<\/p>","protected":false},"featured_media":8792,"template":"","meta":[],"product_brand":[],"product_cat":[98],"product_tag":[],"class_list":{"0":"post-8829","1":"product","2":"type-product","3":"status-publish","4":"has-post-thumbnail","6":"product_cat-sudaderas","8":"first","9":"instock","10":"shipping-taxable","11":"purchasable","12":"product-type-variable"},"yoast_head":"<!-- This site is optimized with the Yoast SEO plugin v24.3 - https:\/\/yoast.com\/wordpress\/plugins\/seo\/ -->\n<title>Media Cremallera 20 - Ghost Club | One Off Marbella<\/title>\n<meta name=\"description\" content=\"Descubre la media cremallera en honor al 20-Ghost Club, limitada a 20 unidades. Inspirada en la tradici\u00f3n y elegancia de los modelos cl\u00e1sicos de Rolls-Royce, esta prenda exclusiva est\u00e1 dise\u00f1ada para perdurar y convertirse en parte de tu legado. \u00a1Hazte con una pieza \u00fanica hoy en One-Off Marbella!\" \/>\n<meta name=\"robots\" content=\"index, follow, max-snippet:-1, max-image-preview:large, max-video-preview:-1\" \/>\n<link rel=\"canonical\" href=\"https:\/\/one-offmarbella.com\/en\/tienda\/sudaderas\/media-cremallera-20-ghost-club\/\" \/>\n<meta property=\"og:locale\" content=\"en_US\" \/>\n<meta property=\"og:type\" content=\"article\" \/>\n<meta property=\"og:title\" content=\"Media Cremallera 20 - Ghost Club | One Off Marbella\" \/>\n<meta property=\"og:description\" content=\"Descubre la media cremallera en honor al 20-Ghost Club, limitada a 20 unidades. Inspirada en la tradici\u00f3n y elegancia de los modelos cl\u00e1sicos de Rolls-Royce, esta prenda exclusiva est\u00e1 dise\u00f1ada para perdurar y convertirse en parte de tu legado. \u00a1Hazte con una pieza \u00fanica hoy en One-Off Marbella!\" \/>\n<meta property=\"og:url\" content=\"https:\/\/one-offmarbella.com\/en\/tienda\/sudaderas\/media-cremallera-20-ghost-club\/\" \/>\n<meta property=\"og:site_name\" content=\"One Off Marbella\" \/>\n<meta property=\"article:modified_time\" content=\"2024-11-20T06:55:24+00:00\" \/>\n<meta property=\"og:image\" content=\"https:\/\/one-offmarbella.com\/wp-content\/uploads\/2024\/11\/Sudadera-roja-683x1024.png\" \/>\n\t<meta property=\"og:image:width\" content=\"683\" \/>\n\t<meta property=\"og:image:height\" content=\"1024\" \/>\n\t<meta property=\"og:image:type\" content=\"image\/png\" \/>\n<meta name=\"twitter:card\" content=\"summary_large_image\" \/>\n<meta name=\"twitter:label1\" content=\"Est. reading time\" \/>\n\t<meta name=\"twitter:data1\" content=\"1 minute\" \/>\n<script type=\"application\/ld+json\" class=\"yoast-schema-graph\">{\"@context\":\"https:\/\/schema.org\",\"@graph\":[{\"@type\":\"WebPage\",\"@id\":\"https:\/\/one-offmarbella.com\/tienda\/sudaderas\/media-cremallera-20-ghost-club\/\",\"url\":\"https:\/\/one-offmarbella.com\/tienda\/sudaderas\/media-cremallera-20-ghost-club\/\",\"name\":\"Media Cremallera 20 - Ghost Club | One Off Marbella\",\"isPartOf\":{\"@id\":\"https:\/\/one-offmarbella.com\/#website\"},\"primaryImageOfPage\":{\"@id\":\"https:\/\/one-offmarbella.com\/tienda\/sudaderas\/media-cremallera-20-ghost-club\/#primaryimage\"},\"image\":{\"@id\":\"https:\/\/one-offmarbella.com\/tienda\/sudaderas\/media-cremallera-20-ghost-club\/#primaryimage\"},\"thumbnailUrl\":\"https:\/\/one-offmarbella.com\/wp-content\/uploads\/2024\/11\/Sudadera-roja.png\",\"datePublished\":\"2024-11-20T06:52:39+00:00\",\"dateModified\":\"2024-11-20T06:55:24+00:00\",\"description\":\"Descubre la media cremallera en honor al 20-Ghost Club, limitada a 20 unidades. Inspirada en la tradici\u00f3n y elegancia de los modelos cl\u00e1sicos de Rolls-Royce, esta prenda exclusiva est\u00e1 dise\u00f1ada para perdurar y convertirse en parte de tu legado. \u00a1Hazte con una pieza \u00fanica hoy en One-Off Marbella!\",\"breadcrumb\":{\"@id\":\"https:\/\/one-offmarbella.com\/tienda\/sudaderas\/media-cremallera-20-ghost-club\/#breadcrumb\"},\"inLanguage\":\"en-US\",\"potentialAction\":[{\"@type\":\"ReadAction\",\"target\":[\"https:\/\/one-offmarbella.com\/tienda\/sudaderas\/media-cremallera-20-ghost-club\/\"]}]},{\"@type\":\"ImageObject\",\"inLanguage\":\"en-US\",\"@id\":\"https:\/\/one-offmarbella.com\/tienda\/sudaderas\/media-cremallera-20-ghost-club\/#primaryimage\",\"url\":\"https:\/\/one-offmarbella.com\/wp-content\/uploads\/2024\/11\/Sudadera-roja.png\",\"contentUrl\":\"https:\/\/one-offmarbella.com\/wp-content\/uploads\/2024\/11\/Sudadera-roja.png\",\"width\":4000,\"height\":6000},{\"@type\":\"BreadcrumbList\",\"@id\":\"https:\/\/one-offmarbella.com\/tienda\/sudaderas\/media-cremallera-20-ghost-club\/#breadcrumb\",\"itemListElement\":[{\"@type\":\"ListItem\",\"position\":1,\"name\":\"Portada\",\"item\":\"https:\/\/one-offmarbella.com\/\"},{\"@type\":\"ListItem\",\"position\":2,\"name\":\"Tienda\",\"item\":\"https:\/\/one-offmarbella.com\/tienda\/\"},{\"@type\":\"ListItem\",\"position\":3,\"name\":\"Media Cremallera 20 &#8211; Ghost Club\"}]},{\"@type\":\"WebSite\",\"@id\":\"https:\/\/one-offmarbella.com\/#website\",\"url\":\"https:\/\/one-offmarbella.com\/\",\"name\":\"One - Off Marbella\",\"description\":\"Bienvenido a One - Off Marbella, la \u00fanica marca que hace prendas de numeraci\u00f3n \u00fanica y limitada. Calidad, sostenibilidad y personalidad.\",\"potentialAction\":[{\"@type\":\"SearchAction\",\"target\":{\"@type\":\"EntryPoint\",\"urlTemplate\":\"https:\/\/one-offmarbella.com\/?s={search_term_string}\"},\"query-input\":{\"@type\":\"PropertyValueSpecification\",\"valueRequired\":true,\"valueName\":\"search_term_string\"}}],\"inLanguage\":\"en-US\"}]}<\/script>\n<!-- \/ Yoast SEO plugin. -->","yoast_head_json":{"title":"Media Cremallera 20 - Ghost Club | One Off Marbella","description":"Descubre la media cremallera en honor al 20-Ghost Club, limitada a 20 unidades. Inspirada en la tradici\u00f3n y elegancia de los modelos cl\u00e1sicos de Rolls-Royce, esta prenda exclusiva est\u00e1 dise\u00f1ada para perdurar y convertirse en parte de tu legado. \u00a1Hazte con una pieza \u00fanica hoy en One-Off Marbella!","robots":{"index":"index","follow":"follow","max-snippet":"max-snippet:-1","max-image-preview":"max-image-preview:large","max-video-preview":"max-video-preview:-1"},"canonical":"https:\/\/one-offmarbella.com\/en\/tienda\/sudaderas\/media-cremallera-20-ghost-club\/","og_locale":"en_US","og_type":"article","og_title":"Media Cremallera 20 - Ghost Club | One Off Marbella","og_description":"Descubre la media cremallera en honor al 20-Ghost Club, limitada a 20 unidades. Inspirada en la tradici\u00f3n y elegancia de los modelos cl\u00e1sicos de Rolls-Royce, esta prenda exclusiva est\u00e1 dise\u00f1ada para perdurar y convertirse en parte de tu legado. \u00a1Hazte con una pieza \u00fanica hoy en One-Off Marbella!","og_url":"https:\/\/one-offmarbella.com\/en\/tienda\/sudaderas\/media-cremallera-20-ghost-club\/","og_site_name":"One Off Marbella","article_modified_time":"2024-11-20T06:55:24+00:00","og_image":[{"width":683,"height":1024,"url":"https:\/\/one-offmarbella.com\/wp-content\/uploads\/2024\/11\/Sudadera-roja-683x1024.png","type":"image\/png"}],"twitter_card":"summary_large_image","twitter_misc":{"Est. reading time":"1 minute"},"schema":{"@context":"https:\/\/schema.org","@graph":[{"@type":"WebPage","@id":"https:\/\/one-offmarbella.com\/tienda\/sudaderas\/media-cremallera-20-ghost-club\/","url":"https:\/\/one-offmarbella.com\/tienda\/sudaderas\/media-cremallera-20-ghost-club\/","name":"Media Cremallera 20 - Ghost Club | One Off Marbella","isPartOf":{"@id":"https:\/\/one-offmarbella.com\/#website"},"primaryImageOfPage":{"@id":"https:\/\/one-offmarbella.com\/tienda\/sudaderas\/media-cremallera-20-ghost-club\/#primaryimage"},"image":{"@id":"https:\/\/one-offmarbella.com\/tienda\/sudaderas\/media-cremallera-20-ghost-club\/#primaryimage"},"thumbnailUrl":"https:\/\/one-offmarbella.com\/wp-content\/uploads\/2024\/11\/Sudadera-roja.png","datePublished":"2024-11-20T06:52:39+00:00","dateModified":"2024-11-20T06:55:24+00:00","description":"Descubre la media cremallera en honor al 20-Ghost Club, limitada a 20 unidades. Inspirada en la tradici\u00f3n y elegancia de los modelos cl\u00e1sicos de Rolls-Royce, esta prenda exclusiva est\u00e1 dise\u00f1ada para perdurar y convertirse en parte de tu legado. \u00a1Hazte con una pieza \u00fanica hoy en One-Off Marbella!","breadcrumb":{"@id":"https:\/\/one-offmarbella.com\/tienda\/sudaderas\/media-cremallera-20-ghost-club\/#breadcrumb"},"inLanguage":"en-US","potentialAction":[{"@type":"ReadAction","target":["https:\/\/one-offmarbella.com\/tienda\/sudaderas\/media-cremallera-20-ghost-club\/"]}]},{"@type":"ImageObject","inLanguage":"en-US","@id":"https:\/\/one-offmarbella.com\/tienda\/sudaderas\/media-cremallera-20-ghost-club\/#primaryimage","url":"https:\/\/one-offmarbella.com\/wp-content\/uploads\/2024\/11\/Sudadera-roja.png","contentUrl":"https:\/\/one-offmarbella.com\/wp-content\/uploads\/2024\/11\/Sudadera-roja.png","width":4000,"height":6000},{"@type":"BreadcrumbList","@id":"https:\/\/one-offmarbella.com\/tienda\/sudaderas\/media-cremallera-20-ghost-club\/#breadcrumb","itemListElement":[{"@type":"ListItem","position":1,"name":"Portada","item":"https:\/\/one-offmarbella.com\/"},{"@type":"ListItem","position":2,"name":"Tienda","item":"https:\/\/one-offmarbella.com\/tienda\/"},{"@type":"ListItem","position":3,"name":"Media Cremallera 20 &#8211; Ghost Club"}]},{"@type":"WebSite","@id":"https:\/\/one-offmarbella.com\/#website","url":"https:\/\/one-offmarbella.com\/","name":"One - Off Marbella","description":"Bienvenido a One - Off Marbella, la \u00fanica marca que hace prendas de numeraci\u00f3n \u00fanica y limitada. Calidad, sostenibilidad y personalidad.","potentialAction":[{"@type":"SearchAction","target":{"@type":"EntryPoint","urlTemplate":"https:\/\/one-offmarbella.com\/?s={search_term_string}"},"query-input":{"@type":"PropertyValueSpecification","valueRequired":true,"valueName":"search_term_string"}}],"inLanguage":"en-US"}]}},"_links":{"self":[{"href":"https:\/\/one-offmarbella.com\/en\/wp-json\/wp\/v2\/product\/8829","targetHints":{"allow":["GET"]}}],"collection":[{"href":"https:\/\/one-offmarbella.com\/en\/wp-json\/wp\/v2\/product"}],"about":[{"href":"https:\/\/one-offmarbella.com\/en\/wp-json\/wp\/v2\/types\/product"}],"version-history":[{"count":1,"href":"https:\/\/one-offmarbella.com\/en\/wp-json\/wp\/v2\/product\/8829\/revisions"}],"predecessor-version":[{"id":8855,"href":"https:\/\/one-offmarbella.com\/en\/wp-json\/wp\/v2\/product\/8829\/revisions\/8855"}],"wp:featuredmedia":[{"embeddable":true,"href":"https:\/\/one-offmarbella.com\/en\/wp-json\/wp\/v2\/media\/8792"}],"wp:attachment":[{"href":"https:\/\/one-offmarbella.com\/en\/wp-json\/wp\/v2\/media?parent=8829"}],"wp:term":[{"taxonomy":"product_brand","embeddable":true,"href":"https:\/\/one-offmarbella.com\/en\/wp-json\/wp\/v2\/product_brand?post=8829"},{"taxonomy":"product_cat","embeddable":true,"href":"https:\/\/one-offmarbella.com\/en\/wp-json\/wp\/v2\/product_cat?post=8829"},{"taxonomy":"product_tag","embeddable":true,"href":"https:\/\/one-offmarbella.com\/en\/wp-json\/wp\/v2\/product_tag?post=8829"}],"curies":[{"name":"wp","href":"https:\/\/api.w.org\/{rel}","templated":true}]}}