{"id":6349,"date":"2024-07-27T11:03:51","date_gmt":"2024-07-27T11:03:51","guid":{"rendered":"https:\/\/one-offmarbella.com\/?post_type=product&#038;p=6349"},"modified":"2024-11-22T18:14:15","modified_gmt":"2024-11-22T18:14:15","slug":"camiseta-manga-larga-mcga","status":"publish","type":"product","link":"https:\/\/one-offmarbella.com\/en\/tienda\/camisetas\/camiseta-manga-larga-mcga\/","title":{"rendered":"Long-Sleeved T-Shirt \"MCGA\""},"content":{"rendered":"<ul>\n<li><span style=\"font-weight: 400;\">100% organic cotton.<\/span><\/li>\n<li><span style=\"font-weight: 400;\">250 GSM.<\/span><\/li>\n<li><span style=\"font-weight: 400;\">Oversized with slightly dropped shoulders.<\/span><\/li>\n<li><span style=\"font-weight: 400;\">Hem without elastic band.<\/span><\/li>\n<\/ul>","protected":false},"excerpt":{"rendered":"<p><span style=\"font-weight: 400;\">Beige and blue should never be overlooked when we talk about the classics. This is a garment designed to highlight the value of the limited and that within a golf course shines with every swing. <\/span><span style=\"font-weight: 400;\"><br \/>\n<\/span><span style=\"font-weight: 400;\"><br \/>\n<\/span><span style=\"font-weight: 400;\">The numbering and its exclusivity stand out in this design as we understand that, like in golf, few perceive the value of the unique and classic. It is the ability to be part of a group of people who value uniqueness that, in this case, unites the elegance of this sport and the uniqueness of each of the 57 garments.<\/span><\/p>\n<hr \/>\n<p>Men's Model Size L: 75 kg; 186 cm<br \/>\nModelo Mujer Talla M: 55kg; 156 cm<\/p>","protected":false},"featured_media":9044,"template":"","meta":[],"product_brand":[],"product_cat":[39],"product_tag":[],"class_list":{"0":"post-6349","1":"product","2":"type-product","3":"status-publish","4":"has-post-thumbnail","6":"product_cat-camisetas","8":"first","9":"instock","10":"shipping-taxable","11":"purchasable","12":"product-type-variable"},"yoast_head":"<!-- This site is optimized with the Yoast SEO plugin v24.3 - https:\/\/yoast.com\/wordpress\/plugins\/seo\/ -->\n<title>CAMISETA MANGA LARGA &quot;MCGA&quot; | One Off Marbella<\/title>\n<meta name=\"description\" content=\"El beige y azul nunca se deben dejar de lado cuando hablamos de lo cl\u00e1sico. Se trata de una prenda dise\u00f1ada para poner de manifiesto el valor de lo limitado y que dentro de un campo de golf luce con cada swing.\" \/>\n<meta name=\"robots\" content=\"index, follow, max-snippet:-1, max-image-preview:large, max-video-preview:-1\" \/>\n<link rel=\"canonical\" href=\"https:\/\/one-offmarbella.com\/en\/tienda\/camisetas\/camiseta-manga-larga-mcga\/\" \/>\n<meta property=\"og:locale\" content=\"en_US\" \/>\n<meta property=\"og:type\" content=\"article\" \/>\n<meta property=\"og:title\" content=\"CAMISETA MANGA LARGA &quot;MCGA&quot; | One Off Marbella\" \/>\n<meta property=\"og:description\" content=\"El beige y azul nunca se deben dejar de lado cuando hablamos de lo cl\u00e1sico. Se trata de una prenda dise\u00f1ada para poner de manifiesto el valor de lo limitado y que dentro de un campo de golf luce con cada swing.\" \/>\n<meta property=\"og:url\" content=\"https:\/\/one-offmarbella.com\/en\/tienda\/camisetas\/camiseta-manga-larga-mcga\/\" \/>\n<meta property=\"og:site_name\" content=\"One Off Marbella\" \/>\n<meta property=\"article:modified_time\" content=\"2024-11-22T18:14:15+00:00\" \/>\n<meta property=\"og:image\" content=\"https:\/\/one-offmarbella.com\/wp-content\/uploads\/2024\/07\/CAMISETA-ML-MCGA.png\" \/>\n\t<meta property=\"og:image:width\" content=\"4000\" \/>\n\t<meta property=\"og:image:height\" content=\"6000\" \/>\n\t<meta property=\"og:image:type\" content=\"image\/png\" \/>\n<meta name=\"twitter:card\" content=\"summary_large_image\" \/>\n<meta name=\"twitter:label1\" content=\"Est. reading time\" \/>\n\t<meta name=\"twitter:data1\" content=\"1 minute\" \/>\n<script type=\"application\/ld+json\" class=\"yoast-schema-graph\">{\"@context\":\"https:\/\/schema.org\",\"@graph\":[{\"@type\":\"WebPage\",\"@id\":\"https:\/\/one-offmarbella.com\/tienda\/camisetas\/camiseta-manga-larga-mcga\/\",\"url\":\"https:\/\/one-offmarbella.com\/tienda\/camisetas\/camiseta-manga-larga-mcga\/\",\"name\":\"CAMISETA MANGA LARGA \\\"MCGA\\\" | One Off Marbella\",\"isPartOf\":{\"@id\":\"https:\/\/one-offmarbella.com\/#website\"},\"primaryImageOfPage\":{\"@id\":\"https:\/\/one-offmarbella.com\/tienda\/camisetas\/camiseta-manga-larga-mcga\/#primaryimage\"},\"image\":{\"@id\":\"https:\/\/one-offmarbella.com\/tienda\/camisetas\/camiseta-manga-larga-mcga\/#primaryimage\"},\"thumbnailUrl\":\"https:\/\/one-offmarbella.com\/wp-content\/uploads\/2024\/07\/CAMISETA-ML-MCGA.png\",\"datePublished\":\"2024-07-27T11:03:51+00:00\",\"dateModified\":\"2024-11-22T18:14:15+00:00\",\"description\":\"El beige y azul nunca se deben dejar de lado cuando hablamos de lo cl\u00e1sico. Se trata de una prenda dise\u00f1ada para poner de manifiesto el valor de lo limitado y que dentro de un campo de golf luce con cada swing.\",\"breadcrumb\":{\"@id\":\"https:\/\/one-offmarbella.com\/tienda\/camisetas\/camiseta-manga-larga-mcga\/#breadcrumb\"},\"inLanguage\":\"en-US\",\"potentialAction\":[{\"@type\":\"ReadAction\",\"target\":[\"https:\/\/one-offmarbella.com\/tienda\/camisetas\/camiseta-manga-larga-mcga\/\"]}]},{\"@type\":\"ImageObject\",\"inLanguage\":\"en-US\",\"@id\":\"https:\/\/one-offmarbella.com\/tienda\/camisetas\/camiseta-manga-larga-mcga\/#primaryimage\",\"url\":\"https:\/\/one-offmarbella.com\/wp-content\/uploads\/2024\/07\/CAMISETA-ML-MCGA.png\",\"contentUrl\":\"https:\/\/one-offmarbella.com\/wp-content\/uploads\/2024\/07\/CAMISETA-ML-MCGA.png\",\"width\":4000,\"height\":6000},{\"@type\":\"BreadcrumbList\",\"@id\":\"https:\/\/one-offmarbella.com\/tienda\/camisetas\/camiseta-manga-larga-mcga\/#breadcrumb\",\"itemListElement\":[{\"@type\":\"ListItem\",\"position\":1,\"name\":\"Portada\",\"item\":\"https:\/\/one-offmarbella.com\/\"},{\"@type\":\"ListItem\",\"position\":2,\"name\":\"Tienda\",\"item\":\"https:\/\/one-offmarbella.com\/tienda\/\"},{\"@type\":\"ListItem\",\"position\":3,\"name\":\"CAMISETA MANGA LARGA &#8220;MCGA&#8221;\"}]},{\"@type\":\"WebSite\",\"@id\":\"https:\/\/one-offmarbella.com\/#website\",\"url\":\"https:\/\/one-offmarbella.com\/\",\"name\":\"One - Off Marbella\",\"description\":\"Bienvenido a One - Off Marbella, la \u00fanica marca que hace prendas de numeraci\u00f3n \u00fanica y limitada. Calidad, sostenibilidad y personalidad.\",\"potentialAction\":[{\"@type\":\"SearchAction\",\"target\":{\"@type\":\"EntryPoint\",\"urlTemplate\":\"https:\/\/one-offmarbella.com\/?s={search_term_string}\"},\"query-input\":{\"@type\":\"PropertyValueSpecification\",\"valueRequired\":true,\"valueName\":\"search_term_string\"}}],\"inLanguage\":\"en-US\"}]}<\/script>\n<!-- \/ Yoast SEO plugin. -->","yoast_head_json":{"title":"CAMISETA MANGA LARGA \"MCGA\" | One Off Marbella","description":"El beige y azul nunca se deben dejar de lado cuando hablamos de lo cl\u00e1sico. Se trata de una prenda dise\u00f1ada para poner de manifiesto el valor de lo limitado y que dentro de un campo de golf luce con cada swing.","robots":{"index":"index","follow":"follow","max-snippet":"max-snippet:-1","max-image-preview":"max-image-preview:large","max-video-preview":"max-video-preview:-1"},"canonical":"https:\/\/one-offmarbella.com\/en\/tienda\/camisetas\/camiseta-manga-larga-mcga\/","og_locale":"en_US","og_type":"article","og_title":"CAMISETA MANGA LARGA \"MCGA\" | One Off Marbella","og_description":"El beige y azul nunca se deben dejar de lado cuando hablamos de lo cl\u00e1sico. Se trata de una prenda dise\u00f1ada para poner de manifiesto el valor de lo limitado y que dentro de un campo de golf luce con cada swing.","og_url":"https:\/\/one-offmarbella.com\/en\/tienda\/camisetas\/camiseta-manga-larga-mcga\/","og_site_name":"One Off Marbella","article_modified_time":"2024-11-22T18:14:15+00:00","og_image":[{"width":4000,"height":6000,"url":"https:\/\/one-offmarbella.com\/wp-content\/uploads\/2024\/07\/CAMISETA-ML-MCGA.png","type":"image\/png"}],"twitter_card":"summary_large_image","twitter_misc":{"Est. reading time":"1 minute"},"schema":{"@context":"https:\/\/schema.org","@graph":[{"@type":"WebPage","@id":"https:\/\/one-offmarbella.com\/tienda\/camisetas\/camiseta-manga-larga-mcga\/","url":"https:\/\/one-offmarbella.com\/tienda\/camisetas\/camiseta-manga-larga-mcga\/","name":"CAMISETA MANGA LARGA \"MCGA\" | One Off Marbella","isPartOf":{"@id":"https:\/\/one-offmarbella.com\/#website"},"primaryImageOfPage":{"@id":"https:\/\/one-offmarbella.com\/tienda\/camisetas\/camiseta-manga-larga-mcga\/#primaryimage"},"image":{"@id":"https:\/\/one-offmarbella.com\/tienda\/camisetas\/camiseta-manga-larga-mcga\/#primaryimage"},"thumbnailUrl":"https:\/\/one-offmarbella.com\/wp-content\/uploads\/2024\/07\/CAMISETA-ML-MCGA.png","datePublished":"2024-07-27T11:03:51+00:00","dateModified":"2024-11-22T18:14:15+00:00","description":"El beige y azul nunca se deben dejar de lado cuando hablamos de lo cl\u00e1sico. Se trata de una prenda dise\u00f1ada para poner de manifiesto el valor de lo limitado y que dentro de un campo de golf luce con cada swing.","breadcrumb":{"@id":"https:\/\/one-offmarbella.com\/tienda\/camisetas\/camiseta-manga-larga-mcga\/#breadcrumb"},"inLanguage":"en-US","potentialAction":[{"@type":"ReadAction","target":["https:\/\/one-offmarbella.com\/tienda\/camisetas\/camiseta-manga-larga-mcga\/"]}]},{"@type":"ImageObject","inLanguage":"en-US","@id":"https:\/\/one-offmarbella.com\/tienda\/camisetas\/camiseta-manga-larga-mcga\/#primaryimage","url":"https:\/\/one-offmarbella.com\/wp-content\/uploads\/2024\/07\/CAMISETA-ML-MCGA.png","contentUrl":"https:\/\/one-offmarbella.com\/wp-content\/uploads\/2024\/07\/CAMISETA-ML-MCGA.png","width":4000,"height":6000},{"@type":"BreadcrumbList","@id":"https:\/\/one-offmarbella.com\/tienda\/camisetas\/camiseta-manga-larga-mcga\/#breadcrumb","itemListElement":[{"@type":"ListItem","position":1,"name":"Portada","item":"https:\/\/one-offmarbella.com\/"},{"@type":"ListItem","position":2,"name":"Tienda","item":"https:\/\/one-offmarbella.com\/tienda\/"},{"@type":"ListItem","position":3,"name":"CAMISETA MANGA LARGA &#8220;MCGA&#8221;"}]},{"@type":"WebSite","@id":"https:\/\/one-offmarbella.com\/#website","url":"https:\/\/one-offmarbella.com\/","name":"One - Off Marbella","description":"Bienvenido a One - Off Marbella, la \u00fanica marca que hace prendas de numeraci\u00f3n \u00fanica y limitada. Calidad, sostenibilidad y personalidad.","potentialAction":[{"@type":"SearchAction","target":{"@type":"EntryPoint","urlTemplate":"https:\/\/one-offmarbella.com\/?s={search_term_string}"},"query-input":{"@type":"PropertyValueSpecification","valueRequired":true,"valueName":"search_term_string"}}],"inLanguage":"en-US"}]}},"_links":{"self":[{"href":"https:\/\/one-offmarbella.com\/en\/wp-json\/wp\/v2\/product\/6349","targetHints":{"allow":["GET"]}}],"collection":[{"href":"https:\/\/one-offmarbella.com\/en\/wp-json\/wp\/v2\/product"}],"about":[{"href":"https:\/\/one-offmarbella.com\/en\/wp-json\/wp\/v2\/types\/product"}],"version-history":[{"count":6,"href":"https:\/\/one-offmarbella.com\/en\/wp-json\/wp\/v2\/product\/6349\/revisions"}],"predecessor-version":[{"id":6473,"href":"https:\/\/one-offmarbella.com\/en\/wp-json\/wp\/v2\/product\/6349\/revisions\/6473"}],"wp:featuredmedia":[{"embeddable":true,"href":"https:\/\/one-offmarbella.com\/en\/wp-json\/wp\/v2\/media\/9044"}],"wp:attachment":[{"href":"https:\/\/one-offmarbella.com\/en\/wp-json\/wp\/v2\/media?parent=6349"}],"wp:term":[{"taxonomy":"product_brand","embeddable":true,"href":"https:\/\/one-offmarbella.com\/en\/wp-json\/wp\/v2\/product_brand?post=6349"},{"taxonomy":"product_cat","embeddable":true,"href":"https:\/\/one-offmarbella.com\/en\/wp-json\/wp\/v2\/product_cat?post=6349"},{"taxonomy":"product_tag","embeddable":true,"href":"https:\/\/one-offmarbella.com\/en\/wp-json\/wp\/v2\/product_tag?post=6349"}],"curies":[{"name":"wp","href":"https:\/\/api.w.org\/{rel}","templated":true}]}}