{"id":57,"date":"2020-05-24T11:21:44","date_gmt":"2020-05-24T11:21:44","guid":{"rendered":"http:\/\/ownshopwp.spiraclethemes.com\/demo1\/?post_type=product&#038;p=57"},"modified":"2024-08-29T17:29:15","modified_gmt":"2024-08-29T17:29:15","slug":"uniqueness","status":"publish","type":"product","link":"https:\/\/one-offmarbella.com\/en\/tienda\/camisetas\/uniqueness\/","title":{"rendered":"Uniqueness"},"content":{"rendered":"<ul>\n<li><span style=\"font-weight: 400;\">Khaki-colored T-shirt. Numbering embroidered, chest phrase, and back design in DTF (Direct to Film).<\/span><\/li>\n<li><span style=\"font-weight: 400;\">50 units.<\/span><\/li>\n<li><span style=\"font-weight: 400;\">Loose fit.<\/span><\/li>\n<li><span style=\"font-weight: 400;\">100% Combed and Ring-Spun Organic Cotton. Simple jersey knit. 180 grams.\u00a0<\/span><\/li>\n<li><span style=\"font-weight: 400;\">Men's Model: Wears XL, height 182 cm, weight 80 kg.<\/span><\/li>\n<li><span style=\"font-weight: 400;\">Women's Model: Wears S, height 163 cm, weight 61 kg.<\/span><\/li>\n<\/ul>","protected":false},"excerpt":{"rendered":"<p class=\"translation-block\"><span style=\"font-weight: 400\">This Uniqueness <a href=\"https:\/\/one-offmarbella.com\/en\/camisetas\/\" target=\"_self\"><strong>T-shirt<\/strong><\/a> boasts an appearance and neutral fit, with an effortlessly casual touch. Crafted in combed and ring-spun simple jersey knit cotton, it results in a lightweight garment that is pleasant to the touch. Perfect for enjoying the breeze on summer nights.\n<\/span><\/p>","protected":false},"featured_media":693,"template":"","meta":[],"product_brand":[],"product_cat":[39],"product_tag":[],"class_list":{"0":"post-57","1":"product","2":"type-product","3":"status-publish","4":"has-post-thumbnail","6":"product_cat-camisetas","8":"first","9":"instock","10":"shipping-taxable","11":"purchasable","12":"product-type-variable"},"yoast_head":"<!-- This site is optimized with the Yoast SEO plugin v24.3 - https:\/\/yoast.com\/wordpress\/plugins\/seo\/ -->\n<title>Uniqueness - Camiseta | One - Off Marbella<\/title>\n<meta name=\"description\" content=\"Consigue ya la edici\u00f3n limitada de Uniqueness, camiseta de One - Off Marbella. Una prenda \u00fanica y perfecta para el verano. \u00a1S\u00f3lo 50 unidades!\" \/>\n<meta name=\"robots\" content=\"index, follow, max-snippet:-1, max-image-preview:large, max-video-preview:-1\" \/>\n<link rel=\"canonical\" href=\"https:\/\/one-offmarbella.com\/en\/tienda\/camisetas\/uniqueness\/\" \/>\n<meta property=\"og:locale\" content=\"en_US\" \/>\n<meta property=\"og:type\" content=\"article\" \/>\n<meta property=\"og:title\" content=\"Uniqueness - Camiseta | One - Off Marbella\" \/>\n<meta property=\"og:description\" content=\"Consigue ya la edici\u00f3n limitada de Uniqueness, camiseta de One - Off Marbella. Una prenda \u00fanica y perfecta para el verano. \u00a1S\u00f3lo 50 unidades!\" \/>\n<meta property=\"og:url\" content=\"https:\/\/one-offmarbella.com\/en\/tienda\/camisetas\/uniqueness\/\" \/>\n<meta property=\"og:site_name\" content=\"One Off Marbella\" \/>\n<meta property=\"article:modified_time\" content=\"2024-08-29T17:29:15+00:00\" \/>\n<meta property=\"og:image\" content=\"https:\/\/one-offmarbella.com\/wp-content\/uploads\/2020\/05\/Uniquenesst-shirtsoneoffmarbella02.jpg\" \/>\n\t<meta property=\"og:image:width\" content=\"1000\" \/>\n\t<meta property=\"og:image:height\" content=\"1499\" \/>\n\t<meta property=\"og:image:type\" content=\"image\/jpeg\" \/>\n<meta name=\"twitter:card\" content=\"summary_large_image\" \/>\n<meta name=\"twitter:label1\" content=\"Est. reading time\" \/>\n\t<meta name=\"twitter:data1\" content=\"1 minute\" \/>\n<script type=\"application\/ld+json\" class=\"yoast-schema-graph\">{\"@context\":\"https:\/\/schema.org\",\"@graph\":[{\"@type\":\"WebPage\",\"@id\":\"https:\/\/one-offmarbella.com\/tienda\/camisetas\/uniqueness\/\",\"url\":\"https:\/\/one-offmarbella.com\/tienda\/camisetas\/uniqueness\/\",\"name\":\"Uniqueness - Camiseta | One - Off Marbella\",\"isPartOf\":{\"@id\":\"https:\/\/one-offmarbella.com\/#website\"},\"primaryImageOfPage\":{\"@id\":\"https:\/\/one-offmarbella.com\/tienda\/camisetas\/uniqueness\/#primaryimage\"},\"image\":{\"@id\":\"https:\/\/one-offmarbella.com\/tienda\/camisetas\/uniqueness\/#primaryimage\"},\"thumbnailUrl\":\"https:\/\/one-offmarbella.com\/wp-content\/uploads\/2020\/05\/Uniquenesst-shirtsoneoffmarbella02.jpg\",\"datePublished\":\"2020-05-24T11:21:44+00:00\",\"dateModified\":\"2024-08-29T17:29:15+00:00\",\"description\":\"Consigue ya la edici\u00f3n limitada de Uniqueness, camiseta de One - Off Marbella. Una prenda \u00fanica y perfecta para el verano. \u00a1S\u00f3lo 50 unidades!\",\"breadcrumb\":{\"@id\":\"https:\/\/one-offmarbella.com\/tienda\/camisetas\/uniqueness\/#breadcrumb\"},\"inLanguage\":\"en-US\",\"potentialAction\":[{\"@type\":\"ReadAction\",\"target\":[\"https:\/\/one-offmarbella.com\/tienda\/camisetas\/uniqueness\/\"]}]},{\"@type\":\"ImageObject\",\"inLanguage\":\"en-US\",\"@id\":\"https:\/\/one-offmarbella.com\/tienda\/camisetas\/uniqueness\/#primaryimage\",\"url\":\"https:\/\/one-offmarbella.com\/wp-content\/uploads\/2020\/05\/Uniquenesst-shirtsoneoffmarbella02.jpg\",\"contentUrl\":\"https:\/\/one-offmarbella.com\/wp-content\/uploads\/2020\/05\/Uniquenesst-shirtsoneoffmarbella02.jpg\",\"width\":1000,\"height\":1499,\"caption\":\"Descubre la Uniqueness Tshirt de One - Off Marbella, una camiseta \u00fanica y exclusiva. Disponemos de unidades limitadas.\"},{\"@type\":\"BreadcrumbList\",\"@id\":\"https:\/\/one-offmarbella.com\/tienda\/camisetas\/uniqueness\/#breadcrumb\",\"itemListElement\":[{\"@type\":\"ListItem\",\"position\":1,\"name\":\"Portada\",\"item\":\"https:\/\/one-offmarbella.com\/\"},{\"@type\":\"ListItem\",\"position\":2,\"name\":\"Tienda\",\"item\":\"https:\/\/one-offmarbella.com\/tienda\/\"},{\"@type\":\"ListItem\",\"position\":3,\"name\":\"Uniqueness\"}]},{\"@type\":\"WebSite\",\"@id\":\"https:\/\/one-offmarbella.com\/#website\",\"url\":\"https:\/\/one-offmarbella.com\/\",\"name\":\"One - Off Marbella\",\"description\":\"Bienvenido a One - Off Marbella, la \u00fanica marca que hace prendas de numeraci\u00f3n \u00fanica y limitada. Calidad, sostenibilidad y personalidad.\",\"potentialAction\":[{\"@type\":\"SearchAction\",\"target\":{\"@type\":\"EntryPoint\",\"urlTemplate\":\"https:\/\/one-offmarbella.com\/?s={search_term_string}\"},\"query-input\":{\"@type\":\"PropertyValueSpecification\",\"valueRequired\":true,\"valueName\":\"search_term_string\"}}],\"inLanguage\":\"en-US\"}]}<\/script>\n<!-- \/ Yoast SEO plugin. -->","yoast_head_json":{"title":"Uniqueness - Camiseta | One - Off Marbella","description":"Consigue ya la edici\u00f3n limitada de Uniqueness, camiseta de One - Off Marbella. Una prenda \u00fanica y perfecta para el verano. \u00a1S\u00f3lo 50 unidades!","robots":{"index":"index","follow":"follow","max-snippet":"max-snippet:-1","max-image-preview":"max-image-preview:large","max-video-preview":"max-video-preview:-1"},"canonical":"https:\/\/one-offmarbella.com\/en\/tienda\/camisetas\/uniqueness\/","og_locale":"en_US","og_type":"article","og_title":"Uniqueness - Camiseta | One - Off Marbella","og_description":"Consigue ya la edici\u00f3n limitada de Uniqueness, camiseta de One - Off Marbella. Una prenda \u00fanica y perfecta para el verano. \u00a1S\u00f3lo 50 unidades!","og_url":"https:\/\/one-offmarbella.com\/en\/tienda\/camisetas\/uniqueness\/","og_site_name":"One Off Marbella","article_modified_time":"2024-08-29T17:29:15+00:00","og_image":[{"width":1000,"height":1499,"url":"https:\/\/one-offmarbella.com\/wp-content\/uploads\/2020\/05\/Uniquenesst-shirtsoneoffmarbella02.jpg","type":"image\/jpeg"}],"twitter_card":"summary_large_image","twitter_misc":{"Est. reading time":"1 minute"},"schema":{"@context":"https:\/\/schema.org","@graph":[{"@type":"WebPage","@id":"https:\/\/one-offmarbella.com\/tienda\/camisetas\/uniqueness\/","url":"https:\/\/one-offmarbella.com\/tienda\/camisetas\/uniqueness\/","name":"Uniqueness - Camiseta | One - Off Marbella","isPartOf":{"@id":"https:\/\/one-offmarbella.com\/#website"},"primaryImageOfPage":{"@id":"https:\/\/one-offmarbella.com\/tienda\/camisetas\/uniqueness\/#primaryimage"},"image":{"@id":"https:\/\/one-offmarbella.com\/tienda\/camisetas\/uniqueness\/#primaryimage"},"thumbnailUrl":"https:\/\/one-offmarbella.com\/wp-content\/uploads\/2020\/05\/Uniquenesst-shirtsoneoffmarbella02.jpg","datePublished":"2020-05-24T11:21:44+00:00","dateModified":"2024-08-29T17:29:15+00:00","description":"Consigue ya la edici\u00f3n limitada de Uniqueness, camiseta de One - Off Marbella. Una prenda \u00fanica y perfecta para el verano. \u00a1S\u00f3lo 50 unidades!","breadcrumb":{"@id":"https:\/\/one-offmarbella.com\/tienda\/camisetas\/uniqueness\/#breadcrumb"},"inLanguage":"en-US","potentialAction":[{"@type":"ReadAction","target":["https:\/\/one-offmarbella.com\/tienda\/camisetas\/uniqueness\/"]}]},{"@type":"ImageObject","inLanguage":"en-US","@id":"https:\/\/one-offmarbella.com\/tienda\/camisetas\/uniqueness\/#primaryimage","url":"https:\/\/one-offmarbella.com\/wp-content\/uploads\/2020\/05\/Uniquenesst-shirtsoneoffmarbella02.jpg","contentUrl":"https:\/\/one-offmarbella.com\/wp-content\/uploads\/2020\/05\/Uniquenesst-shirtsoneoffmarbella02.jpg","width":1000,"height":1499,"caption":"Descubre la Uniqueness Tshirt de One - Off Marbella, una camiseta \u00fanica y exclusiva. Disponemos de unidades limitadas."},{"@type":"BreadcrumbList","@id":"https:\/\/one-offmarbella.com\/tienda\/camisetas\/uniqueness\/#breadcrumb","itemListElement":[{"@type":"ListItem","position":1,"name":"Portada","item":"https:\/\/one-offmarbella.com\/"},{"@type":"ListItem","position":2,"name":"Tienda","item":"https:\/\/one-offmarbella.com\/tienda\/"},{"@type":"ListItem","position":3,"name":"Uniqueness"}]},{"@type":"WebSite","@id":"https:\/\/one-offmarbella.com\/#website","url":"https:\/\/one-offmarbella.com\/","name":"One - Off Marbella","description":"Bienvenido a One - Off Marbella, la \u00fanica marca que hace prendas de numeraci\u00f3n \u00fanica y limitada. Calidad, sostenibilidad y personalidad.","potentialAction":[{"@type":"SearchAction","target":{"@type":"EntryPoint","urlTemplate":"https:\/\/one-offmarbella.com\/?s={search_term_string}"},"query-input":{"@type":"PropertyValueSpecification","valueRequired":true,"valueName":"search_term_string"}}],"inLanguage":"en-US"}]}},"_links":{"self":[{"href":"https:\/\/one-offmarbella.com\/en\/wp-json\/wp\/v2\/product\/57","targetHints":{"allow":["GET"]}}],"collection":[{"href":"https:\/\/one-offmarbella.com\/en\/wp-json\/wp\/v2\/product"}],"about":[{"href":"https:\/\/one-offmarbella.com\/en\/wp-json\/wp\/v2\/types\/product"}],"version-history":[{"count":3,"href":"https:\/\/one-offmarbella.com\/en\/wp-json\/wp\/v2\/product\/57\/revisions"}],"predecessor-version":[{"id":691,"href":"https:\/\/one-offmarbella.com\/en\/wp-json\/wp\/v2\/product\/57\/revisions\/691"}],"wp:featuredmedia":[{"embeddable":true,"href":"https:\/\/one-offmarbella.com\/en\/wp-json\/wp\/v2\/media\/693"}],"wp:attachment":[{"href":"https:\/\/one-offmarbella.com\/en\/wp-json\/wp\/v2\/media?parent=57"}],"wp:term":[{"taxonomy":"product_brand","embeddable":true,"href":"https:\/\/one-offmarbella.com\/en\/wp-json\/wp\/v2\/product_brand?post=57"},{"taxonomy":"product_cat","embeddable":true,"href":"https:\/\/one-offmarbella.com\/en\/wp-json\/wp\/v2\/product_cat?post=57"},{"taxonomy":"product_tag","embeddable":true,"href":"https:\/\/one-offmarbella.com\/en\/wp-json\/wp\/v2\/product_tag?post=57"}],"curies":[{"name":"wp","href":"https:\/\/api.w.org\/{rel}","templated":true}]}}