{"id":5353,"date":"2024-05-04T09:41:15","date_gmt":"2024-05-04T09:41:15","guid":{"rendered":"https:\/\/one-offmarbella.com\/?post_type=product&#038;p=5353"},"modified":"2024-11-22T18:16:49","modified_gmt":"2024-11-22T18:16:49","slug":"sudadera-oo","status":"publish","type":"product","link":"https:\/\/one-offmarbella.com\/en\/tienda\/sudaderas\/sudadera-oo\/","title":{"rendered":"Sudadera &#8220;OO&#8221;"},"content":{"rendered":"<ul>\n<li><span style=\"font-weight: 400;\">100% unbrushed loopback cotton for increased durability.<\/span><\/li>\n<li><span style=\"font-weight: 400;\">400 g\/m2<\/span><\/li>\n<li><span style=\"font-weight: 400;\">Oversized fit with wide sleeves.<\/span><\/li>\n<\/ul>","protected":false},"excerpt":{"rendered":"<p><span style=\"font-weight: 400;\">This sweatshirt is the result of merging two worlds that were once closely intertwined but, unfortunately, have been lost: luxury and exclusivity. We prioritize the number at the top of the collar to highlight its exclusive authenticity. On the right sleeve, a patch symbolizes this fusion of worlds. We believe it was our duty to add freshness to luxury through the oversized cut, the perfect summer color, and our hallmark, the numbering.<\/span><\/p>\n<hr \/>\n<p>&nbsp;<\/p>","protected":false},"featured_media":9026,"template":"","meta":[],"product_brand":[],"product_cat":[98],"product_tag":[],"class_list":{"0":"post-5353","1":"product","2":"type-product","3":"status-publish","4":"has-post-thumbnail","6":"product_cat-sudaderas","8":"first","9":"instock","10":"shipping-taxable","11":"purchasable","12":"product-type-variable"},"yoast_head":"<!-- This site is optimized with the Yoast SEO plugin v24.3 - https:\/\/yoast.com\/wordpress\/plugins\/seo\/ -->\n<title>Sudadera &quot;OO&quot; | One Off Marbella<\/title>\n<meta name=\"description\" content=\"Esta sudadera es el resultado de unir dos mundos que una vez estuvieron estrechamente entrelazados pero que, lamentablemente, se han perdido: el lujo y la exclusividad. Priorizamos el n\u00famero en la parte superior del cuello para destacar su autenticidad exclusiva.\" \/>\n<meta name=\"robots\" content=\"index, follow, max-snippet:-1, max-image-preview:large, max-video-preview:-1\" \/>\n<link rel=\"canonical\" href=\"https:\/\/one-offmarbella.com\/en\/tienda\/sudaderas\/sudadera-oo\/\" \/>\n<meta property=\"og:locale\" content=\"en_US\" \/>\n<meta property=\"og:type\" content=\"article\" \/>\n<meta property=\"og:title\" content=\"Sudadera &quot;OO&quot; | One Off Marbella\" \/>\n<meta property=\"og:description\" content=\"Esta sudadera es el resultado de unir dos mundos que una vez estuvieron estrechamente entrelazados pero que, lamentablemente, se han perdido: el lujo y la exclusividad. Priorizamos el n\u00famero en la parte superior del cuello para destacar su autenticidad exclusiva.\" \/>\n<meta property=\"og:url\" content=\"https:\/\/one-offmarbella.com\/en\/tienda\/sudaderas\/sudadera-oo\/\" \/>\n<meta property=\"og:site_name\" content=\"One Off Marbella\" \/>\n<meta property=\"article:modified_time\" content=\"2024-11-22T18:16:49+00:00\" \/>\n<meta property=\"og:image\" content=\"https:\/\/one-offmarbella.com\/wp-content\/uploads\/2024\/10\/SUDADERA-OO-1-1.png\" \/>\n\t<meta property=\"og:image:width\" content=\"683\" \/>\n\t<meta property=\"og:image:height\" content=\"1024\" \/>\n\t<meta property=\"og:image:type\" content=\"image\/png\" \/>\n<meta name=\"twitter:card\" content=\"summary_large_image\" \/>\n<meta name=\"twitter:label1\" content=\"Est. reading time\" \/>\n\t<meta name=\"twitter:data1\" content=\"1 minute\" \/>\n<script type=\"application\/ld+json\" class=\"yoast-schema-graph\">{\"@context\":\"https:\/\/schema.org\",\"@graph\":[{\"@type\":\"WebPage\",\"@id\":\"https:\/\/one-offmarbella.com\/tienda\/sudaderas\/sudadera-oo\/\",\"url\":\"https:\/\/one-offmarbella.com\/tienda\/sudaderas\/sudadera-oo\/\",\"name\":\"Sudadera \\\"OO\\\" | One Off Marbella\",\"isPartOf\":{\"@id\":\"https:\/\/one-offmarbella.com\/#website\"},\"primaryImageOfPage\":{\"@id\":\"https:\/\/one-offmarbella.com\/tienda\/sudaderas\/sudadera-oo\/#primaryimage\"},\"image\":{\"@id\":\"https:\/\/one-offmarbella.com\/tienda\/sudaderas\/sudadera-oo\/#primaryimage\"},\"thumbnailUrl\":\"https:\/\/one-offmarbella.com\/wp-content\/uploads\/2024\/10\/SUDADERA-OO-1-1.png\",\"datePublished\":\"2024-05-04T09:41:15+00:00\",\"dateModified\":\"2024-11-22T18:16:49+00:00\",\"description\":\"Esta sudadera es el resultado de unir dos mundos que una vez estuvieron estrechamente entrelazados pero que, lamentablemente, se han perdido: el lujo y la exclusividad. Priorizamos el n\u00famero en la parte superior del cuello para destacar su autenticidad exclusiva.\",\"breadcrumb\":{\"@id\":\"https:\/\/one-offmarbella.com\/tienda\/sudaderas\/sudadera-oo\/#breadcrumb\"},\"inLanguage\":\"en-US\",\"potentialAction\":[{\"@type\":\"ReadAction\",\"target\":[\"https:\/\/one-offmarbella.com\/tienda\/sudaderas\/sudadera-oo\/\"]}]},{\"@type\":\"ImageObject\",\"inLanguage\":\"en-US\",\"@id\":\"https:\/\/one-offmarbella.com\/tienda\/sudaderas\/sudadera-oo\/#primaryimage\",\"url\":\"https:\/\/one-offmarbella.com\/wp-content\/uploads\/2024\/10\/SUDADERA-OO-1-1.png\",\"contentUrl\":\"https:\/\/one-offmarbella.com\/wp-content\/uploads\/2024\/10\/SUDADERA-OO-1-1.png\",\"width\":4000,\"height\":6000},{\"@type\":\"BreadcrumbList\",\"@id\":\"https:\/\/one-offmarbella.com\/tienda\/sudaderas\/sudadera-oo\/#breadcrumb\",\"itemListElement\":[{\"@type\":\"ListItem\",\"position\":1,\"name\":\"Portada\",\"item\":\"https:\/\/one-offmarbella.com\/\"},{\"@type\":\"ListItem\",\"position\":2,\"name\":\"Tienda\",\"item\":\"https:\/\/one-offmarbella.com\/tienda\/\"},{\"@type\":\"ListItem\",\"position\":3,\"name\":\"Sudadera &#8220;OO&#8221;\"}]},{\"@type\":\"WebSite\",\"@id\":\"https:\/\/one-offmarbella.com\/#website\",\"url\":\"https:\/\/one-offmarbella.com\/\",\"name\":\"One - Off Marbella\",\"description\":\"Bienvenido a One - Off Marbella, la \u00fanica marca que hace prendas de numeraci\u00f3n \u00fanica y limitada. Calidad, sostenibilidad y personalidad.\",\"potentialAction\":[{\"@type\":\"SearchAction\",\"target\":{\"@type\":\"EntryPoint\",\"urlTemplate\":\"https:\/\/one-offmarbella.com\/?s={search_term_string}\"},\"query-input\":{\"@type\":\"PropertyValueSpecification\",\"valueRequired\":true,\"valueName\":\"search_term_string\"}}],\"inLanguage\":\"en-US\"}]}<\/script>\n<!-- \/ Yoast SEO plugin. -->","yoast_head_json":{"title":"Sudadera \"OO\" | One Off Marbella","description":"Esta sudadera es el resultado de unir dos mundos que una vez estuvieron estrechamente entrelazados pero que, lamentablemente, se han perdido: el lujo y la exclusividad. Priorizamos el n\u00famero en la parte superior del cuello para destacar su autenticidad exclusiva.","robots":{"index":"index","follow":"follow","max-snippet":"max-snippet:-1","max-image-preview":"max-image-preview:large","max-video-preview":"max-video-preview:-1"},"canonical":"https:\/\/one-offmarbella.com\/en\/tienda\/sudaderas\/sudadera-oo\/","og_locale":"en_US","og_type":"article","og_title":"Sudadera \"OO\" | One Off Marbella","og_description":"Esta sudadera es el resultado de unir dos mundos que una vez estuvieron estrechamente entrelazados pero que, lamentablemente, se han perdido: el lujo y la exclusividad. Priorizamos el n\u00famero en la parte superior del cuello para destacar su autenticidad exclusiva.","og_url":"https:\/\/one-offmarbella.com\/en\/tienda\/sudaderas\/sudadera-oo\/","og_site_name":"One Off Marbella","article_modified_time":"2024-11-22T18:16:49+00:00","og_image":[{"url":"https:\/\/one-offmarbella.com\/wp-content\/uploads\/2024\/10\/SUDADERA-OO-1-1.png","width":683,"height":1024,"type":"image\/png"}],"twitter_card":"summary_large_image","twitter_misc":{"Est. reading time":"1 minute"},"schema":{"@context":"https:\/\/schema.org","@graph":[{"@type":"WebPage","@id":"https:\/\/one-offmarbella.com\/tienda\/sudaderas\/sudadera-oo\/","url":"https:\/\/one-offmarbella.com\/tienda\/sudaderas\/sudadera-oo\/","name":"Sudadera \"OO\" | One Off Marbella","isPartOf":{"@id":"https:\/\/one-offmarbella.com\/#website"},"primaryImageOfPage":{"@id":"https:\/\/one-offmarbella.com\/tienda\/sudaderas\/sudadera-oo\/#primaryimage"},"image":{"@id":"https:\/\/one-offmarbella.com\/tienda\/sudaderas\/sudadera-oo\/#primaryimage"},"thumbnailUrl":"https:\/\/one-offmarbella.com\/wp-content\/uploads\/2024\/10\/SUDADERA-OO-1-1.png","datePublished":"2024-05-04T09:41:15+00:00","dateModified":"2024-11-22T18:16:49+00:00","description":"Esta sudadera es el resultado de unir dos mundos que una vez estuvieron estrechamente entrelazados pero que, lamentablemente, se han perdido: el lujo y la exclusividad. Priorizamos el n\u00famero en la parte superior del cuello para destacar su autenticidad exclusiva.","breadcrumb":{"@id":"https:\/\/one-offmarbella.com\/tienda\/sudaderas\/sudadera-oo\/#breadcrumb"},"inLanguage":"en-US","potentialAction":[{"@type":"ReadAction","target":["https:\/\/one-offmarbella.com\/tienda\/sudaderas\/sudadera-oo\/"]}]},{"@type":"ImageObject","inLanguage":"en-US","@id":"https:\/\/one-offmarbella.com\/tienda\/sudaderas\/sudadera-oo\/#primaryimage","url":"https:\/\/one-offmarbella.com\/wp-content\/uploads\/2024\/10\/SUDADERA-OO-1-1.png","contentUrl":"https:\/\/one-offmarbella.com\/wp-content\/uploads\/2024\/10\/SUDADERA-OO-1-1.png","width":4000,"height":6000},{"@type":"BreadcrumbList","@id":"https:\/\/one-offmarbella.com\/tienda\/sudaderas\/sudadera-oo\/#breadcrumb","itemListElement":[{"@type":"ListItem","position":1,"name":"Portada","item":"https:\/\/one-offmarbella.com\/"},{"@type":"ListItem","position":2,"name":"Tienda","item":"https:\/\/one-offmarbella.com\/tienda\/"},{"@type":"ListItem","position":3,"name":"Sudadera &#8220;OO&#8221;"}]},{"@type":"WebSite","@id":"https:\/\/one-offmarbella.com\/#website","url":"https:\/\/one-offmarbella.com\/","name":"One - Off Marbella","description":"Bienvenido a One - Off Marbella, la \u00fanica marca que hace prendas de numeraci\u00f3n \u00fanica y limitada. Calidad, sostenibilidad y personalidad.","potentialAction":[{"@type":"SearchAction","target":{"@type":"EntryPoint","urlTemplate":"https:\/\/one-offmarbella.com\/?s={search_term_string}"},"query-input":{"@type":"PropertyValueSpecification","valueRequired":true,"valueName":"search_term_string"}}],"inLanguage":"en-US"}]}},"_links":{"self":[{"href":"https:\/\/one-offmarbella.com\/en\/wp-json\/wp\/v2\/product\/5353","targetHints":{"allow":["GET"]}}],"collection":[{"href":"https:\/\/one-offmarbella.com\/en\/wp-json\/wp\/v2\/product"}],"about":[{"href":"https:\/\/one-offmarbella.com\/en\/wp-json\/wp\/v2\/types\/product"}],"version-history":[{"count":4,"href":"https:\/\/one-offmarbella.com\/en\/wp-json\/wp\/v2\/product\/5353\/revisions"}],"predecessor-version":[{"id":5445,"href":"https:\/\/one-offmarbella.com\/en\/wp-json\/wp\/v2\/product\/5353\/revisions\/5445"}],"wp:featuredmedia":[{"embeddable":true,"href":"https:\/\/one-offmarbella.com\/en\/wp-json\/wp\/v2\/media\/9026"}],"wp:attachment":[{"href":"https:\/\/one-offmarbella.com\/en\/wp-json\/wp\/v2\/media?parent=5353"}],"wp:term":[{"taxonomy":"product_brand","embeddable":true,"href":"https:\/\/one-offmarbella.com\/en\/wp-json\/wp\/v2\/product_brand?post=5353"},{"taxonomy":"product_cat","embeddable":true,"href":"https:\/\/one-offmarbella.com\/en\/wp-json\/wp\/v2\/product_cat?post=5353"},{"taxonomy":"product_tag","embeddable":true,"href":"https:\/\/one-offmarbella.com\/en\/wp-json\/wp\/v2\/product_tag?post=5353"}],"curies":[{"name":"wp","href":"https:\/\/api.w.org\/{rel}","templated":true}]}}