{"id":5338,"date":"2024-05-04T09:27:57","date_gmt":"2024-05-04T09:27:57","guid":{"rendered":"https:\/\/one-offmarbella.com\/?post_type=product&#038;p=5338"},"modified":"2024-11-22T18:18:19","modified_gmt":"2024-11-22T18:18:19","slug":"camiseta-oo","status":"publish","type":"product","link":"https:\/\/one-offmarbella.com\/en\/tienda\/camisetas\/camiseta-oo\/","title":{"rendered":"Camiseta &#8220;OO&#8221;"},"content":{"rendered":"<ul>\n<li><span style=\"font-weight: 400;\">100% combed cotton for extra softness.<\/span><\/li>\n<li><span style=\"font-weight: 400;\">Oversized and cropped cut.<\/span><\/li>\n<li><span style=\"font-weight: 400;\">220 g\/m2<\/span><\/li>\n<\/ul>","protected":false},"excerpt":{"rendered":"<p><span style=\"font-weight: 400;\">This design represents the harmony between two worlds that are no longer together: luxury and exclusivity. At One Off, we believe it's time to reclaim this union with a unique design: a cropped shirt numbered in a limited edition of 50 units. To illustrate this fusion, we've placed the numbering on the front to showcase exclusivity, and crafted a patch in the most artisanal way on the back.<\/span><\/p>\n<hr \/>\n<p>&nbsp;<\/p>","protected":false},"featured_media":9050,"template":"","meta":[],"product_brand":[],"product_cat":[39],"product_tag":[],"class_list":{"0":"post-5338","1":"product","2":"type-product","3":"status-publish","4":"has-post-thumbnail","6":"product_cat-camisetas","8":"first","9":"instock","10":"shipping-taxable","11":"purchasable","12":"product-type-variable"},"yoast_head":"<!-- This site is optimized with the Yoast SEO plugin v24.3 - https:\/\/yoast.com\/wordpress\/plugins\/seo\/ -->\n<title>Camiseta &quot;OO&quot; | One Off Marbella<\/title>\n<meta name=\"description\" content=\"Una prenda cl\u00e1sica con su distintivo bordado en la nunca hacen de esta sudadera una apuesta segura. Su corte moderno resalta la figura del cuerpo, acompa\u00f1ado de la elegancia del propio negro.Este dise\u00f1o representa la armon\u00eda entre dos mundos que ya no est\u00e1n juntos: el lujo y la exclusividad.\" \/>\n<meta name=\"robots\" content=\"index, follow, max-snippet:-1, max-image-preview:large, max-video-preview:-1\" \/>\n<link rel=\"canonical\" href=\"https:\/\/one-offmarbella.com\/en\/tienda\/camisetas\/camiseta-oo\/\" \/>\n<meta property=\"og:locale\" content=\"en_US\" \/>\n<meta property=\"og:type\" content=\"article\" \/>\n<meta property=\"og:title\" content=\"Camiseta &quot;OO&quot; | One Off Marbella\" \/>\n<meta property=\"og:description\" content=\"Una prenda cl\u00e1sica con su distintivo bordado en la nunca hacen de esta sudadera una apuesta segura. Su corte moderno resalta la figura del cuerpo, acompa\u00f1ado de la elegancia del propio negro.Este dise\u00f1o representa la armon\u00eda entre dos mundos que ya no est\u00e1n juntos: el lujo y la exclusividad.\" \/>\n<meta property=\"og:url\" content=\"https:\/\/one-offmarbella.com\/en\/tienda\/camisetas\/camiseta-oo\/\" \/>\n<meta property=\"og:site_name\" content=\"One Off Marbella\" \/>\n<meta property=\"article:modified_time\" content=\"2024-11-22T18:18:19+00:00\" \/>\n<meta property=\"og:image\" content=\"https:\/\/one-offmarbella.com\/wp-content\/uploads\/2024\/07\/CAMISA-OO.png\" \/>\n\t<meta property=\"og:image:width\" content=\"4000\" \/>\n\t<meta property=\"og:image:height\" content=\"6000\" \/>\n\t<meta property=\"og:image:type\" content=\"image\/png\" \/>\n<meta name=\"twitter:card\" content=\"summary_large_image\" \/>\n<meta name=\"twitter:label1\" content=\"Est. reading time\" \/>\n\t<meta name=\"twitter:data1\" content=\"1 minute\" \/>\n<script type=\"application\/ld+json\" class=\"yoast-schema-graph\">{\"@context\":\"https:\/\/schema.org\",\"@graph\":[{\"@type\":\"WebPage\",\"@id\":\"https:\/\/one-offmarbella.com\/tienda\/camisetas\/camiseta-oo\/\",\"url\":\"https:\/\/one-offmarbella.com\/tienda\/camisetas\/camiseta-oo\/\",\"name\":\"Camiseta \\\"OO\\\" | One Off Marbella\",\"isPartOf\":{\"@id\":\"https:\/\/one-offmarbella.com\/#website\"},\"primaryImageOfPage\":{\"@id\":\"https:\/\/one-offmarbella.com\/tienda\/camisetas\/camiseta-oo\/#primaryimage\"},\"image\":{\"@id\":\"https:\/\/one-offmarbella.com\/tienda\/camisetas\/camiseta-oo\/#primaryimage\"},\"thumbnailUrl\":\"https:\/\/one-offmarbella.com\/wp-content\/uploads\/2024\/07\/CAMISA-OO.png\",\"datePublished\":\"2024-05-04T09:27:57+00:00\",\"dateModified\":\"2024-11-22T18:18:19+00:00\",\"description\":\"Una prenda cl\u00e1sica con su distintivo bordado en la nunca hacen de esta sudadera una apuesta segura. Su corte moderno resalta la figura del cuerpo, acompa\u00f1ado de la elegancia del propio negro.Este dise\u00f1o representa la armon\u00eda entre dos mundos que ya no est\u00e1n juntos: el lujo y la exclusividad.\",\"breadcrumb\":{\"@id\":\"https:\/\/one-offmarbella.com\/tienda\/camisetas\/camiseta-oo\/#breadcrumb\"},\"inLanguage\":\"en-US\",\"potentialAction\":[{\"@type\":\"ReadAction\",\"target\":[\"https:\/\/one-offmarbella.com\/tienda\/camisetas\/camiseta-oo\/\"]}]},{\"@type\":\"ImageObject\",\"inLanguage\":\"en-US\",\"@id\":\"https:\/\/one-offmarbella.com\/tienda\/camisetas\/camiseta-oo\/#primaryimage\",\"url\":\"https:\/\/one-offmarbella.com\/wp-content\/uploads\/2024\/07\/CAMISA-OO.png\",\"contentUrl\":\"https:\/\/one-offmarbella.com\/wp-content\/uploads\/2024\/07\/CAMISA-OO.png\",\"width\":4000,\"height\":6000},{\"@type\":\"BreadcrumbList\",\"@id\":\"https:\/\/one-offmarbella.com\/tienda\/camisetas\/camiseta-oo\/#breadcrumb\",\"itemListElement\":[{\"@type\":\"ListItem\",\"position\":1,\"name\":\"Portada\",\"item\":\"https:\/\/one-offmarbella.com\/\"},{\"@type\":\"ListItem\",\"position\":2,\"name\":\"Tienda\",\"item\":\"https:\/\/one-offmarbella.com\/tienda\/\"},{\"@type\":\"ListItem\",\"position\":3,\"name\":\"Camiseta &#8220;OO&#8221;\"}]},{\"@type\":\"WebSite\",\"@id\":\"https:\/\/one-offmarbella.com\/#website\",\"url\":\"https:\/\/one-offmarbella.com\/\",\"name\":\"One - Off Marbella\",\"description\":\"Bienvenido a One - Off Marbella, la \u00fanica marca que hace prendas de numeraci\u00f3n \u00fanica y limitada. Calidad, sostenibilidad y personalidad.\",\"potentialAction\":[{\"@type\":\"SearchAction\",\"target\":{\"@type\":\"EntryPoint\",\"urlTemplate\":\"https:\/\/one-offmarbella.com\/?s={search_term_string}\"},\"query-input\":{\"@type\":\"PropertyValueSpecification\",\"valueRequired\":true,\"valueName\":\"search_term_string\"}}],\"inLanguage\":\"en-US\"}]}<\/script>\n<!-- \/ Yoast SEO plugin. -->","yoast_head_json":{"title":"Camiseta \"OO\" | One Off Marbella","description":"Una prenda cl\u00e1sica con su distintivo bordado en la nunca hacen de esta sudadera una apuesta segura. Su corte moderno resalta la figura del cuerpo, acompa\u00f1ado de la elegancia del propio negro.Este dise\u00f1o representa la armon\u00eda entre dos mundos que ya no est\u00e1n juntos: el lujo y la exclusividad.","robots":{"index":"index","follow":"follow","max-snippet":"max-snippet:-1","max-image-preview":"max-image-preview:large","max-video-preview":"max-video-preview:-1"},"canonical":"https:\/\/one-offmarbella.com\/en\/tienda\/camisetas\/camiseta-oo\/","og_locale":"en_US","og_type":"article","og_title":"Camiseta \"OO\" | One Off Marbella","og_description":"Una prenda cl\u00e1sica con su distintivo bordado en la nunca hacen de esta sudadera una apuesta segura. Su corte moderno resalta la figura del cuerpo, acompa\u00f1ado de la elegancia del propio negro.Este dise\u00f1o representa la armon\u00eda entre dos mundos que ya no est\u00e1n juntos: el lujo y la exclusividad.","og_url":"https:\/\/one-offmarbella.com\/en\/tienda\/camisetas\/camiseta-oo\/","og_site_name":"One Off Marbella","article_modified_time":"2024-11-22T18:18:19+00:00","og_image":[{"width":4000,"height":6000,"url":"https:\/\/one-offmarbella.com\/wp-content\/uploads\/2024\/07\/CAMISA-OO.png","type":"image\/png"}],"twitter_card":"summary_large_image","twitter_misc":{"Est. reading time":"1 minute"},"schema":{"@context":"https:\/\/schema.org","@graph":[{"@type":"WebPage","@id":"https:\/\/one-offmarbella.com\/tienda\/camisetas\/camiseta-oo\/","url":"https:\/\/one-offmarbella.com\/tienda\/camisetas\/camiseta-oo\/","name":"Camiseta \"OO\" | One Off Marbella","isPartOf":{"@id":"https:\/\/one-offmarbella.com\/#website"},"primaryImageOfPage":{"@id":"https:\/\/one-offmarbella.com\/tienda\/camisetas\/camiseta-oo\/#primaryimage"},"image":{"@id":"https:\/\/one-offmarbella.com\/tienda\/camisetas\/camiseta-oo\/#primaryimage"},"thumbnailUrl":"https:\/\/one-offmarbella.com\/wp-content\/uploads\/2024\/07\/CAMISA-OO.png","datePublished":"2024-05-04T09:27:57+00:00","dateModified":"2024-11-22T18:18:19+00:00","description":"Una prenda cl\u00e1sica con su distintivo bordado en la nunca hacen de esta sudadera una apuesta segura. Su corte moderno resalta la figura del cuerpo, acompa\u00f1ado de la elegancia del propio negro.Este dise\u00f1o representa la armon\u00eda entre dos mundos que ya no est\u00e1n juntos: el lujo y la exclusividad.","breadcrumb":{"@id":"https:\/\/one-offmarbella.com\/tienda\/camisetas\/camiseta-oo\/#breadcrumb"},"inLanguage":"en-US","potentialAction":[{"@type":"ReadAction","target":["https:\/\/one-offmarbella.com\/tienda\/camisetas\/camiseta-oo\/"]}]},{"@type":"ImageObject","inLanguage":"en-US","@id":"https:\/\/one-offmarbella.com\/tienda\/camisetas\/camiseta-oo\/#primaryimage","url":"https:\/\/one-offmarbella.com\/wp-content\/uploads\/2024\/07\/CAMISA-OO.png","contentUrl":"https:\/\/one-offmarbella.com\/wp-content\/uploads\/2024\/07\/CAMISA-OO.png","width":4000,"height":6000},{"@type":"BreadcrumbList","@id":"https:\/\/one-offmarbella.com\/tienda\/camisetas\/camiseta-oo\/#breadcrumb","itemListElement":[{"@type":"ListItem","position":1,"name":"Portada","item":"https:\/\/one-offmarbella.com\/"},{"@type":"ListItem","position":2,"name":"Tienda","item":"https:\/\/one-offmarbella.com\/tienda\/"},{"@type":"ListItem","position":3,"name":"Camiseta &#8220;OO&#8221;"}]},{"@type":"WebSite","@id":"https:\/\/one-offmarbella.com\/#website","url":"https:\/\/one-offmarbella.com\/","name":"One - Off Marbella","description":"Bienvenido a One - Off Marbella, la \u00fanica marca que hace prendas de numeraci\u00f3n \u00fanica y limitada. Calidad, sostenibilidad y personalidad.","potentialAction":[{"@type":"SearchAction","target":{"@type":"EntryPoint","urlTemplate":"https:\/\/one-offmarbella.com\/?s={search_term_string}"},"query-input":{"@type":"PropertyValueSpecification","valueRequired":true,"valueName":"search_term_string"}}],"inLanguage":"en-US"}]}},"_links":{"self":[{"href":"https:\/\/one-offmarbella.com\/en\/wp-json\/wp\/v2\/product\/5338","targetHints":{"allow":["GET"]}}],"collection":[{"href":"https:\/\/one-offmarbella.com\/en\/wp-json\/wp\/v2\/product"}],"about":[{"href":"https:\/\/one-offmarbella.com\/en\/wp-json\/wp\/v2\/types\/product"}],"version-history":[{"count":4,"href":"https:\/\/one-offmarbella.com\/en\/wp-json\/wp\/v2\/product\/5338\/revisions"}],"predecessor-version":[{"id":5352,"href":"https:\/\/one-offmarbella.com\/en\/wp-json\/wp\/v2\/product\/5338\/revisions\/5352"}],"wp:featuredmedia":[{"embeddable":true,"href":"https:\/\/one-offmarbella.com\/en\/wp-json\/wp\/v2\/media\/9050"}],"wp:attachment":[{"href":"https:\/\/one-offmarbella.com\/en\/wp-json\/wp\/v2\/media?parent=5338"}],"wp:term":[{"taxonomy":"product_brand","embeddable":true,"href":"https:\/\/one-offmarbella.com\/en\/wp-json\/wp\/v2\/product_brand?post=5338"},{"taxonomy":"product_cat","embeddable":true,"href":"https:\/\/one-offmarbella.com\/en\/wp-json\/wp\/v2\/product_cat?post=5338"},{"taxonomy":"product_tag","embeddable":true,"href":"https:\/\/one-offmarbella.com\/en\/wp-json\/wp\/v2\/product_tag?post=5338"}],"curies":[{"name":"wp","href":"https:\/\/api.w.org\/{rel}","templated":true}]}}