{"id":4482,"date":"2023-12-19T18:00:09","date_gmt":"2023-12-19T18:00:09","guid":{"rendered":"https:\/\/one-offmarbella.com\/?post_type=product&#038;p=4482"},"modified":"2024-08-29T17:15:47","modified_gmt":"2024-08-29T17:15:47","slug":"jersey","status":"publish","type":"product","link":"https:\/\/one-offmarbella.com\/en\/tienda\/jerseys\/jersey\/","title":{"rendered":"Knitwear"},"content":{"rendered":"<ul>\n<li>50% Cotton, 50% Acrylic.<\/li>\n<li>490 grams.<\/li>\n<li>Very soft English knit.<\/li>\n<li>100% Wool Patch.<\/li>\n<li>Half-zip with faux leather pull.<\/li>\n<\/ul>","protected":false},"excerpt":{"rendered":"<p>30 units of this gray knit sweater. The hand-sewn patch of 100% wool combined with the soft English knit sweater makes this garment the perfect element for this winter. This piece symbolizes involuntary elegance, complementing any outfit in a classic manner.<\/p>\n<hr \/>\n<p>Men's Model: Size XL, 78 kg, 180 cm<br \/>\nWomen's Model: Size S, 48 kg, 165 cm<\/p>","protected":false},"featured_media":4497,"template":"","meta":[],"product_brand":[],"product_cat":[99],"product_tag":[],"class_list":{"0":"post-4482","1":"product","2":"type-product","3":"status-publish","4":"has-post-thumbnail","6":"product_cat-jerseys","8":"first","9":"instock","10":"shipping-taxable","11":"purchasable","12":"product-type-variable"},"yoast_head":"<!-- This site is optimized with the Yoast SEO plugin v24.3 - https:\/\/yoast.com\/wordpress\/plugins\/seo\/ -->\n<title>Jersey | One Off Marbella<\/title>\n<meta name=\"description\" content=\"Una prenda cl\u00e1sica con su distintivo bordado en la nunca hacen de esta sudadera una apuesta segura. Su corte moderno resalta la figura del cuerpo, acompa\u00f1ado de la elegancia del propio negro.\" \/>\n<meta name=\"robots\" content=\"index, follow, max-snippet:-1, max-image-preview:large, max-video-preview:-1\" \/>\n<link rel=\"canonical\" href=\"https:\/\/one-offmarbella.com\/en\/tienda\/jerseys\/jersey\/\" \/>\n<meta property=\"og:locale\" content=\"en_US\" \/>\n<meta property=\"og:type\" content=\"article\" \/>\n<meta property=\"og:title\" content=\"Jersey | One Off Marbella\" \/>\n<meta property=\"og:description\" content=\"Una prenda cl\u00e1sica con su distintivo bordado en la nunca hacen de esta sudadera una apuesta segura. Su corte moderno resalta la figura del cuerpo, acompa\u00f1ado de la elegancia del propio negro.\" \/>\n<meta property=\"og:url\" content=\"https:\/\/one-offmarbella.com\/en\/tienda\/jerseys\/jersey\/\" \/>\n<meta property=\"og:site_name\" content=\"One Off Marbella\" \/>\n<meta property=\"article:modified_time\" content=\"2024-08-29T17:15:47+00:00\" \/>\n<meta property=\"og:image\" content=\"https:\/\/one-offmarbella.com\/wp-content\/uploads\/2023\/12\/Primera-portada-1-scaled.jpg\" \/>\n\t<meta property=\"og:image:width\" content=\"1707\" \/>\n\t<meta property=\"og:image:height\" content=\"2560\" \/>\n\t<meta property=\"og:image:type\" content=\"image\/jpeg\" \/>\n<meta name=\"twitter:card\" content=\"summary_large_image\" \/>\n<meta name=\"twitter:label1\" content=\"Est. reading time\" \/>\n\t<meta name=\"twitter:data1\" content=\"1 minute\" \/>\n<script type=\"application\/ld+json\" class=\"yoast-schema-graph\">{\"@context\":\"https:\/\/schema.org\",\"@graph\":[{\"@type\":\"WebPage\",\"@id\":\"https:\/\/one-offmarbella.com\/tienda\/jerseys\/jersey\/\",\"url\":\"https:\/\/one-offmarbella.com\/tienda\/jerseys\/jersey\/\",\"name\":\"Jersey | One Off Marbella\",\"isPartOf\":{\"@id\":\"https:\/\/one-offmarbella.com\/#website\"},\"primaryImageOfPage\":{\"@id\":\"https:\/\/one-offmarbella.com\/tienda\/jerseys\/jersey\/#primaryimage\"},\"image\":{\"@id\":\"https:\/\/one-offmarbella.com\/tienda\/jerseys\/jersey\/#primaryimage\"},\"thumbnailUrl\":\"https:\/\/one-offmarbella.com\/wp-content\/uploads\/2023\/12\/Primera-portada-1-scaled.jpg\",\"datePublished\":\"2023-12-19T18:00:09+00:00\",\"dateModified\":\"2024-08-29T17:15:47+00:00\",\"description\":\"Una prenda cl\u00e1sica con su distintivo bordado en la nunca hacen de esta sudadera una apuesta segura. Su corte moderno resalta la figura del cuerpo, acompa\u00f1ado de la elegancia del propio negro.\",\"breadcrumb\":{\"@id\":\"https:\/\/one-offmarbella.com\/tienda\/jerseys\/jersey\/#breadcrumb\"},\"inLanguage\":\"en-US\",\"potentialAction\":[{\"@type\":\"ReadAction\",\"target\":[\"https:\/\/one-offmarbella.com\/tienda\/jerseys\/jersey\/\"]}]},{\"@type\":\"ImageObject\",\"inLanguage\":\"en-US\",\"@id\":\"https:\/\/one-offmarbella.com\/tienda\/jerseys\/jersey\/#primaryimage\",\"url\":\"https:\/\/one-offmarbella.com\/wp-content\/uploads\/2023\/12\/Primera-portada-1-scaled.jpg\",\"contentUrl\":\"https:\/\/one-offmarbella.com\/wp-content\/uploads\/2023\/12\/Primera-portada-1-scaled.jpg\",\"width\":1707,\"height\":2560},{\"@type\":\"BreadcrumbList\",\"@id\":\"https:\/\/one-offmarbella.com\/tienda\/jerseys\/jersey\/#breadcrumb\",\"itemListElement\":[{\"@type\":\"ListItem\",\"position\":1,\"name\":\"Portada\",\"item\":\"https:\/\/one-offmarbella.com\/\"},{\"@type\":\"ListItem\",\"position\":2,\"name\":\"Tienda\",\"item\":\"https:\/\/one-offmarbella.com\/tienda\/\"},{\"@type\":\"ListItem\",\"position\":3,\"name\":\"Jersey\"}]},{\"@type\":\"WebSite\",\"@id\":\"https:\/\/one-offmarbella.com\/#website\",\"url\":\"https:\/\/one-offmarbella.com\/\",\"name\":\"One - Off Marbella\",\"description\":\"Bienvenido a One - Off Marbella, la \u00fanica marca que hace prendas de numeraci\u00f3n \u00fanica y limitada. Calidad, sostenibilidad y personalidad.\",\"potentialAction\":[{\"@type\":\"SearchAction\",\"target\":{\"@type\":\"EntryPoint\",\"urlTemplate\":\"https:\/\/one-offmarbella.com\/?s={search_term_string}\"},\"query-input\":{\"@type\":\"PropertyValueSpecification\",\"valueRequired\":true,\"valueName\":\"search_term_string\"}}],\"inLanguage\":\"en-US\"}]}<\/script>\n<!-- \/ Yoast SEO plugin. -->","yoast_head_json":{"title":"Jersey | One Off Marbella","description":"Una prenda cl\u00e1sica con su distintivo bordado en la nunca hacen de esta sudadera una apuesta segura. Su corte moderno resalta la figura del cuerpo, acompa\u00f1ado de la elegancia del propio negro.","robots":{"index":"index","follow":"follow","max-snippet":"max-snippet:-1","max-image-preview":"max-image-preview:large","max-video-preview":"max-video-preview:-1"},"canonical":"https:\/\/one-offmarbella.com\/en\/tienda\/jerseys\/jersey\/","og_locale":"en_US","og_type":"article","og_title":"Jersey | One Off Marbella","og_description":"Una prenda cl\u00e1sica con su distintivo bordado en la nunca hacen de esta sudadera una apuesta segura. Su corte moderno resalta la figura del cuerpo, acompa\u00f1ado de la elegancia del propio negro.","og_url":"https:\/\/one-offmarbella.com\/en\/tienda\/jerseys\/jersey\/","og_site_name":"One Off Marbella","article_modified_time":"2024-08-29T17:15:47+00:00","og_image":[{"width":1707,"height":2560,"url":"https:\/\/one-offmarbella.com\/wp-content\/uploads\/2023\/12\/Primera-portada-1-scaled.jpg","type":"image\/jpeg"}],"twitter_card":"summary_large_image","twitter_misc":{"Est. reading time":"1 minute"},"schema":{"@context":"https:\/\/schema.org","@graph":[{"@type":"WebPage","@id":"https:\/\/one-offmarbella.com\/tienda\/jerseys\/jersey\/","url":"https:\/\/one-offmarbella.com\/tienda\/jerseys\/jersey\/","name":"Jersey | One Off Marbella","isPartOf":{"@id":"https:\/\/one-offmarbella.com\/#website"},"primaryImageOfPage":{"@id":"https:\/\/one-offmarbella.com\/tienda\/jerseys\/jersey\/#primaryimage"},"image":{"@id":"https:\/\/one-offmarbella.com\/tienda\/jerseys\/jersey\/#primaryimage"},"thumbnailUrl":"https:\/\/one-offmarbella.com\/wp-content\/uploads\/2023\/12\/Primera-portada-1-scaled.jpg","datePublished":"2023-12-19T18:00:09+00:00","dateModified":"2024-08-29T17:15:47+00:00","description":"Una prenda cl\u00e1sica con su distintivo bordado en la nunca hacen de esta sudadera una apuesta segura. Su corte moderno resalta la figura del cuerpo, acompa\u00f1ado de la elegancia del propio negro.","breadcrumb":{"@id":"https:\/\/one-offmarbella.com\/tienda\/jerseys\/jersey\/#breadcrumb"},"inLanguage":"en-US","potentialAction":[{"@type":"ReadAction","target":["https:\/\/one-offmarbella.com\/tienda\/jerseys\/jersey\/"]}]},{"@type":"ImageObject","inLanguage":"en-US","@id":"https:\/\/one-offmarbella.com\/tienda\/jerseys\/jersey\/#primaryimage","url":"https:\/\/one-offmarbella.com\/wp-content\/uploads\/2023\/12\/Primera-portada-1-scaled.jpg","contentUrl":"https:\/\/one-offmarbella.com\/wp-content\/uploads\/2023\/12\/Primera-portada-1-scaled.jpg","width":1707,"height":2560},{"@type":"BreadcrumbList","@id":"https:\/\/one-offmarbella.com\/tienda\/jerseys\/jersey\/#breadcrumb","itemListElement":[{"@type":"ListItem","position":1,"name":"Portada","item":"https:\/\/one-offmarbella.com\/"},{"@type":"ListItem","position":2,"name":"Tienda","item":"https:\/\/one-offmarbella.com\/tienda\/"},{"@type":"ListItem","position":3,"name":"Jersey"}]},{"@type":"WebSite","@id":"https:\/\/one-offmarbella.com\/#website","url":"https:\/\/one-offmarbella.com\/","name":"One - Off Marbella","description":"Bienvenido a One - Off Marbella, la \u00fanica marca que hace prendas de numeraci\u00f3n \u00fanica y limitada. Calidad, sostenibilidad y personalidad.","potentialAction":[{"@type":"SearchAction","target":{"@type":"EntryPoint","urlTemplate":"https:\/\/one-offmarbella.com\/?s={search_term_string}"},"query-input":{"@type":"PropertyValueSpecification","valueRequired":true,"valueName":"search_term_string"}}],"inLanguage":"en-US"}]}},"_links":{"self":[{"href":"https:\/\/one-offmarbella.com\/en\/wp-json\/wp\/v2\/product\/4482","targetHints":{"allow":["GET"]}}],"collection":[{"href":"https:\/\/one-offmarbella.com\/en\/wp-json\/wp\/v2\/product"}],"about":[{"href":"https:\/\/one-offmarbella.com\/en\/wp-json\/wp\/v2\/types\/product"}],"version-history":[{"count":3,"href":"https:\/\/one-offmarbella.com\/en\/wp-json\/wp\/v2\/product\/4482\/revisions"}],"predecessor-version":[{"id":4615,"href":"https:\/\/one-offmarbella.com\/en\/wp-json\/wp\/v2\/product\/4482\/revisions\/4615"}],"wp:featuredmedia":[{"embeddable":true,"href":"https:\/\/one-offmarbella.com\/en\/wp-json\/wp\/v2\/media\/4497"}],"wp:attachment":[{"href":"https:\/\/one-offmarbella.com\/en\/wp-json\/wp\/v2\/media?parent=4482"}],"wp:term":[{"taxonomy":"product_brand","embeddable":true,"href":"https:\/\/one-offmarbella.com\/en\/wp-json\/wp\/v2\/product_brand?post=4482"},{"taxonomy":"product_cat","embeddable":true,"href":"https:\/\/one-offmarbella.com\/en\/wp-json\/wp\/v2\/product_cat?post=4482"},{"taxonomy":"product_tag","embeddable":true,"href":"https:\/\/one-offmarbella.com\/en\/wp-json\/wp\/v2\/product_tag?post=4482"}],"curies":[{"name":"wp","href":"https:\/\/api.w.org\/{rel}","templated":true}]}}