{"id":4452,"date":"2023-12-18T19:18:43","date_gmt":"2023-12-18T19:18:43","guid":{"rendered":"https:\/\/one-offmarbella.com\/?post_type=product&#038;p=4452"},"modified":"2024-11-22T18:20:17","modified_gmt":"2024-11-22T18:20:17","slug":"sudadera-con-capucha","status":"publish","type":"product","link":"https:\/\/one-offmarbella.com\/en\/tienda\/sudaderas\/sudadera-con-capucha\/","title":{"rendered":"Hooded Sweatshirt"},"content":{"rendered":"<ul>\n<li>100% Cotton.<\/li>\n<li>450 grams French terry.<\/li>\n<li>Boxy Fit.<\/li>\n<\/ul>","protected":false},"excerpt":{"rendered":"<p>75 units of this gray hooded sweatshirt. It stands out for its robust presence and substantial body. The minimalist design with embroidery using various techniques and densities, combined with the oversized cut, makes this sweatshirt truly unique.<\/p>\n<hr \/>\n<p>Men's Model: Size L, 78 kg, 180 cm<\/p>","protected":false},"featured_media":9048,"template":"","meta":[],"product_brand":[],"product_cat":[98],"product_tag":[],"class_list":{"0":"post-4452","1":"product","2":"type-product","3":"status-publish","4":"has-post-thumbnail","6":"product_cat-sudaderas","8":"first","9":"instock","10":"shipping-taxable","11":"purchasable","12":"product-type-variable"},"yoast_head":"<!-- This site is optimized with the Yoast SEO plugin v24.3 - https:\/\/yoast.com\/wordpress\/plugins\/seo\/ -->\n<title>Sudadera con capucha | One Off Marbella<\/title>\n<meta name=\"description\" content=\"Una prenda cl\u00e1sica con su distintivo bordado en la nunca hacen de esta sudadera una apuesta segura. Su corte moderno resalta la figura del cuerpo, acompa\u00f1ado de la elegancia del propio negro.\" \/>\n<meta name=\"robots\" content=\"index, follow, max-snippet:-1, max-image-preview:large, max-video-preview:-1\" \/>\n<link rel=\"canonical\" href=\"https:\/\/one-offmarbella.com\/en\/tienda\/sudaderas\/sudadera-con-capucha\/\" \/>\n<meta property=\"og:locale\" content=\"en_US\" \/>\n<meta property=\"og:type\" content=\"article\" \/>\n<meta property=\"og:title\" content=\"Sudadera con capucha | One Off Marbella\" \/>\n<meta property=\"og:description\" content=\"Una prenda cl\u00e1sica con su distintivo bordado en la nunca hacen de esta sudadera una apuesta segura. Su corte moderno resalta la figura del cuerpo, acompa\u00f1ado de la elegancia del propio negro.\" \/>\n<meta property=\"og:url\" content=\"https:\/\/one-offmarbella.com\/en\/tienda\/sudaderas\/sudadera-con-capucha\/\" \/>\n<meta property=\"og:site_name\" content=\"One Off Marbella\" \/>\n<meta property=\"article:modified_time\" content=\"2024-11-22T18:20:17+00:00\" \/>\n<meta property=\"og:image\" content=\"https:\/\/one-offmarbella.com\/wp-content\/uploads\/2024\/07\/Sudadera-Con-capucha-1-683x1024.png\" \/>\n\t<meta property=\"og:image:width\" content=\"683\" \/>\n\t<meta property=\"og:image:height\" content=\"1024\" \/>\n\t<meta property=\"og:image:type\" content=\"image\/png\" \/>\n<meta name=\"twitter:card\" content=\"summary_large_image\" \/>\n<meta name=\"twitter:label1\" content=\"Est. reading time\" \/>\n\t<meta name=\"twitter:data1\" content=\"1 minute\" \/>\n<script type=\"application\/ld+json\" class=\"yoast-schema-graph\">{\"@context\":\"https:\/\/schema.org\",\"@graph\":[{\"@type\":\"WebPage\",\"@id\":\"https:\/\/one-offmarbella.com\/tienda\/sudaderas\/sudadera-con-capucha\/\",\"url\":\"https:\/\/one-offmarbella.com\/tienda\/sudaderas\/sudadera-con-capucha\/\",\"name\":\"Sudadera con capucha | One Off Marbella\",\"isPartOf\":{\"@id\":\"https:\/\/one-offmarbella.com\/#website\"},\"primaryImageOfPage\":{\"@id\":\"https:\/\/one-offmarbella.com\/tienda\/sudaderas\/sudadera-con-capucha\/#primaryimage\"},\"image\":{\"@id\":\"https:\/\/one-offmarbella.com\/tienda\/sudaderas\/sudadera-con-capucha\/#primaryimage\"},\"thumbnailUrl\":\"https:\/\/one-offmarbella.com\/wp-content\/uploads\/2024\/07\/Sudadera-Con-capucha-1.png\",\"datePublished\":\"2023-12-18T19:18:43+00:00\",\"dateModified\":\"2024-11-22T18:20:17+00:00\",\"description\":\"Una prenda cl\u00e1sica con su distintivo bordado en la nunca hacen de esta sudadera una apuesta segura. Su corte moderno resalta la figura del cuerpo, acompa\u00f1ado de la elegancia del propio negro.\",\"breadcrumb\":{\"@id\":\"https:\/\/one-offmarbella.com\/tienda\/sudaderas\/sudadera-con-capucha\/#breadcrumb\"},\"inLanguage\":\"en-US\",\"potentialAction\":[{\"@type\":\"ReadAction\",\"target\":[\"https:\/\/one-offmarbella.com\/tienda\/sudaderas\/sudadera-con-capucha\/\"]}]},{\"@type\":\"ImageObject\",\"inLanguage\":\"en-US\",\"@id\":\"https:\/\/one-offmarbella.com\/tienda\/sudaderas\/sudadera-con-capucha\/#primaryimage\",\"url\":\"https:\/\/one-offmarbella.com\/wp-content\/uploads\/2024\/07\/Sudadera-Con-capucha-1.png\",\"contentUrl\":\"https:\/\/one-offmarbella.com\/wp-content\/uploads\/2024\/07\/Sudadera-Con-capucha-1.png\",\"width\":4000,\"height\":6000},{\"@type\":\"BreadcrumbList\",\"@id\":\"https:\/\/one-offmarbella.com\/tienda\/sudaderas\/sudadera-con-capucha\/#breadcrumb\",\"itemListElement\":[{\"@type\":\"ListItem\",\"position\":1,\"name\":\"Portada\",\"item\":\"https:\/\/one-offmarbella.com\/\"},{\"@type\":\"ListItem\",\"position\":2,\"name\":\"Tienda\",\"item\":\"https:\/\/one-offmarbella.com\/tienda\/\"},{\"@type\":\"ListItem\",\"position\":3,\"name\":\"Sudadera con capucha\"}]},{\"@type\":\"WebSite\",\"@id\":\"https:\/\/one-offmarbella.com\/#website\",\"url\":\"https:\/\/one-offmarbella.com\/\",\"name\":\"One - Off Marbella\",\"description\":\"Bienvenido a One - Off Marbella, la \u00fanica marca que hace prendas de numeraci\u00f3n \u00fanica y limitada. Calidad, sostenibilidad y personalidad.\",\"potentialAction\":[{\"@type\":\"SearchAction\",\"target\":{\"@type\":\"EntryPoint\",\"urlTemplate\":\"https:\/\/one-offmarbella.com\/?s={search_term_string}\"},\"query-input\":{\"@type\":\"PropertyValueSpecification\",\"valueRequired\":true,\"valueName\":\"search_term_string\"}}],\"inLanguage\":\"en-US\"}]}<\/script>\n<!-- \/ Yoast SEO plugin. -->","yoast_head_json":{"title":"Sudadera con capucha | One Off Marbella","description":"Una prenda cl\u00e1sica con su distintivo bordado en la nunca hacen de esta sudadera una apuesta segura. Su corte moderno resalta la figura del cuerpo, acompa\u00f1ado de la elegancia del propio negro.","robots":{"index":"index","follow":"follow","max-snippet":"max-snippet:-1","max-image-preview":"max-image-preview:large","max-video-preview":"max-video-preview:-1"},"canonical":"https:\/\/one-offmarbella.com\/en\/tienda\/sudaderas\/sudadera-con-capucha\/","og_locale":"en_US","og_type":"article","og_title":"Sudadera con capucha | One Off Marbella","og_description":"Una prenda cl\u00e1sica con su distintivo bordado en la nunca hacen de esta sudadera una apuesta segura. Su corte moderno resalta la figura del cuerpo, acompa\u00f1ado de la elegancia del propio negro.","og_url":"https:\/\/one-offmarbella.com\/en\/tienda\/sudaderas\/sudadera-con-capucha\/","og_site_name":"One Off Marbella","article_modified_time":"2024-11-22T18:20:17+00:00","og_image":[{"width":683,"height":1024,"url":"https:\/\/one-offmarbella.com\/wp-content\/uploads\/2024\/07\/Sudadera-Con-capucha-1-683x1024.png","type":"image\/png"}],"twitter_card":"summary_large_image","twitter_misc":{"Est. reading time":"1 minute"},"schema":{"@context":"https:\/\/schema.org","@graph":[{"@type":"WebPage","@id":"https:\/\/one-offmarbella.com\/tienda\/sudaderas\/sudadera-con-capucha\/","url":"https:\/\/one-offmarbella.com\/tienda\/sudaderas\/sudadera-con-capucha\/","name":"Sudadera con capucha | One Off Marbella","isPartOf":{"@id":"https:\/\/one-offmarbella.com\/#website"},"primaryImageOfPage":{"@id":"https:\/\/one-offmarbella.com\/tienda\/sudaderas\/sudadera-con-capucha\/#primaryimage"},"image":{"@id":"https:\/\/one-offmarbella.com\/tienda\/sudaderas\/sudadera-con-capucha\/#primaryimage"},"thumbnailUrl":"https:\/\/one-offmarbella.com\/wp-content\/uploads\/2024\/07\/Sudadera-Con-capucha-1.png","datePublished":"2023-12-18T19:18:43+00:00","dateModified":"2024-11-22T18:20:17+00:00","description":"Una prenda cl\u00e1sica con su distintivo bordado en la nunca hacen de esta sudadera una apuesta segura. Su corte moderno resalta la figura del cuerpo, acompa\u00f1ado de la elegancia del propio negro.","breadcrumb":{"@id":"https:\/\/one-offmarbella.com\/tienda\/sudaderas\/sudadera-con-capucha\/#breadcrumb"},"inLanguage":"en-US","potentialAction":[{"@type":"ReadAction","target":["https:\/\/one-offmarbella.com\/tienda\/sudaderas\/sudadera-con-capucha\/"]}]},{"@type":"ImageObject","inLanguage":"en-US","@id":"https:\/\/one-offmarbella.com\/tienda\/sudaderas\/sudadera-con-capucha\/#primaryimage","url":"https:\/\/one-offmarbella.com\/wp-content\/uploads\/2024\/07\/Sudadera-Con-capucha-1.png","contentUrl":"https:\/\/one-offmarbella.com\/wp-content\/uploads\/2024\/07\/Sudadera-Con-capucha-1.png","width":4000,"height":6000},{"@type":"BreadcrumbList","@id":"https:\/\/one-offmarbella.com\/tienda\/sudaderas\/sudadera-con-capucha\/#breadcrumb","itemListElement":[{"@type":"ListItem","position":1,"name":"Portada","item":"https:\/\/one-offmarbella.com\/"},{"@type":"ListItem","position":2,"name":"Tienda","item":"https:\/\/one-offmarbella.com\/tienda\/"},{"@type":"ListItem","position":3,"name":"Sudadera con capucha"}]},{"@type":"WebSite","@id":"https:\/\/one-offmarbella.com\/#website","url":"https:\/\/one-offmarbella.com\/","name":"One - Off Marbella","description":"Bienvenido a One - Off Marbella, la \u00fanica marca que hace prendas de numeraci\u00f3n \u00fanica y limitada. Calidad, sostenibilidad y personalidad.","potentialAction":[{"@type":"SearchAction","target":{"@type":"EntryPoint","urlTemplate":"https:\/\/one-offmarbella.com\/?s={search_term_string}"},"query-input":{"@type":"PropertyValueSpecification","valueRequired":true,"valueName":"search_term_string"}}],"inLanguage":"en-US"}]}},"_links":{"self":[{"href":"https:\/\/one-offmarbella.com\/en\/wp-json\/wp\/v2\/product\/4452","targetHints":{"allow":["GET"]}}],"collection":[{"href":"https:\/\/one-offmarbella.com\/en\/wp-json\/wp\/v2\/product"}],"about":[{"href":"https:\/\/one-offmarbella.com\/en\/wp-json\/wp\/v2\/types\/product"}],"version-history":[{"count":5,"href":"https:\/\/one-offmarbella.com\/en\/wp-json\/wp\/v2\/product\/4452\/revisions"}],"predecessor-version":[{"id":4651,"href":"https:\/\/one-offmarbella.com\/en\/wp-json\/wp\/v2\/product\/4452\/revisions\/4651"}],"wp:featuredmedia":[{"embeddable":true,"href":"https:\/\/one-offmarbella.com\/en\/wp-json\/wp\/v2\/media\/9048"}],"wp:attachment":[{"href":"https:\/\/one-offmarbella.com\/en\/wp-json\/wp\/v2\/media?parent=4452"}],"wp:term":[{"taxonomy":"product_brand","embeddable":true,"href":"https:\/\/one-offmarbella.com\/en\/wp-json\/wp\/v2\/product_brand?post=4452"},{"taxonomy":"product_cat","embeddable":true,"href":"https:\/\/one-offmarbella.com\/en\/wp-json\/wp\/v2\/product_cat?post=4452"},{"taxonomy":"product_tag","embeddable":true,"href":"https:\/\/one-offmarbella.com\/en\/wp-json\/wp\/v2\/product_tag?post=4452"}],"curies":[{"name":"wp","href":"https:\/\/api.w.org\/{rel}","templated":true}]}}