{"id":2603,"date":"2023-09-18T17:20:10","date_gmt":"2023-09-18T17:20:10","guid":{"rendered":"https:\/\/one-offmarbella.com\/?post_type=product&#038;p=2603"},"modified":"2024-12-13T07:00:58","modified_gmt":"2024-12-13T07:00:58","slug":"sudadera-cuello-redondo","status":"publish","type":"product","link":"https:\/\/one-offmarbella.com\/en\/tienda\/sudaderas\/sudadera-cuello-redondo\/","title":{"rendered":"Round Neck Sweatshirt (Sold Out)"},"content":{"rendered":"<ul>\n<li>\u00a085% Organic Cotton, 15% Recycled Polyester<\/li>\n<li>Brushed 3-thread Fleece<\/li>\n<li>280 grams<\/li>\n<\/ul>","protected":false},"excerpt":{"rendered":"<p>A classic garment with its distinctive embroidery on the nape makes this sweatshirt a safe bet. Its modern cut accentuates the body's silhouette, accompanied by the elegance of the deep black color.<\/p>\n<p>Men's Model: Size XL, 80 kg, 185 cm<br \/>\nWomen's Model: Size L, 50 kg, 165 cm<\/p>","protected":false},"featured_media":4677,"template":"","meta":[],"product_brand":[],"product_cat":[98],"product_tag":[],"class_list":{"0":"post-2603","1":"product","2":"type-product","3":"status-publish","4":"has-post-thumbnail","6":"product_cat-sudaderas","8":"first","9":"outofstock","10":"shipping-taxable","11":"purchasable","12":"product-type-variable"},"yoast_head":"<!-- This site is optimized with the Yoast SEO plugin v24.3 - https:\/\/yoast.com\/wordpress\/plugins\/seo\/ -->\n<title>Sudadera cuello redondo\u00a0(Agotado) | One Off Marbella<\/title>\n<meta name=\"description\" content=\"Una prenda cl\u00e1sica con su distintivo bordado en la nunca hacen de esta sudadera una apuesta segura. Su corte moderno resalta la figura del cuerpo, acompa\u00f1ado de la elegancia del propio negro.\" \/>\n<meta name=\"robots\" content=\"index, follow, max-snippet:-1, max-image-preview:large, max-video-preview:-1\" \/>\n<link rel=\"canonical\" href=\"https:\/\/one-offmarbella.com\/en\/tienda\/sudaderas\/sudadera-cuello-redondo\/\" \/>\n<meta property=\"og:locale\" content=\"en_US\" \/>\n<meta property=\"og:type\" content=\"article\" \/>\n<meta property=\"og:title\" content=\"Sudadera cuello redondo\u00a0(Agotado) | One Off Marbella\" \/>\n<meta property=\"og:description\" content=\"Una prenda cl\u00e1sica con su distintivo bordado en la nunca hacen de esta sudadera una apuesta segura. Su corte moderno resalta la figura del cuerpo, acompa\u00f1ado de la elegancia del propio negro.\" \/>\n<meta property=\"og:url\" content=\"https:\/\/one-offmarbella.com\/en\/tienda\/sudaderas\/sudadera-cuello-redondo\/\" \/>\n<meta property=\"og:site_name\" content=\"One Off Marbella\" \/>\n<meta property=\"article:modified_time\" content=\"2024-12-13T07:00:58+00:00\" \/>\n<meta property=\"og:image\" content=\"https:\/\/one-offmarbella.com\/wp-content\/uploads\/2024\/02\/sudadera_cuello-redondo_2024.png\" \/>\n\t<meta property=\"og:image:width\" content=\"2000\" \/>\n\t<meta property=\"og:image:height\" content=\"2600\" \/>\n\t<meta property=\"og:image:type\" content=\"image\/png\" \/>\n<meta name=\"twitter:card\" content=\"summary_large_image\" \/>\n<meta name=\"twitter:label1\" content=\"Est. reading time\" \/>\n\t<meta name=\"twitter:data1\" content=\"1 minute\" \/>\n<script type=\"application\/ld+json\" class=\"yoast-schema-graph\">{\"@context\":\"https:\/\/schema.org\",\"@graph\":[{\"@type\":\"WebPage\",\"@id\":\"https:\/\/one-offmarbella.com\/tienda\/sudaderas\/sudadera-cuello-redondo\/\",\"url\":\"https:\/\/one-offmarbella.com\/tienda\/sudaderas\/sudadera-cuello-redondo\/\",\"name\":\"Sudadera cuello redondo\u00a0(Agotado) | One Off Marbella\",\"isPartOf\":{\"@id\":\"https:\/\/one-offmarbella.com\/#website\"},\"primaryImageOfPage\":{\"@id\":\"https:\/\/one-offmarbella.com\/tienda\/sudaderas\/sudadera-cuello-redondo\/#primaryimage\"},\"image\":{\"@id\":\"https:\/\/one-offmarbella.com\/tienda\/sudaderas\/sudadera-cuello-redondo\/#primaryimage\"},\"thumbnailUrl\":\"https:\/\/one-offmarbella.com\/wp-content\/uploads\/2024\/02\/sudadera_cuello-redondo_2024.png\",\"datePublished\":\"2023-09-18T17:20:10+00:00\",\"dateModified\":\"2024-12-13T07:00:58+00:00\",\"description\":\"Una prenda cl\u00e1sica con su distintivo bordado en la nunca hacen de esta sudadera una apuesta segura. Su corte moderno resalta la figura del cuerpo, acompa\u00f1ado de la elegancia del propio negro.\",\"breadcrumb\":{\"@id\":\"https:\/\/one-offmarbella.com\/tienda\/sudaderas\/sudadera-cuello-redondo\/#breadcrumb\"},\"inLanguage\":\"en-US\",\"potentialAction\":[{\"@type\":\"ReadAction\",\"target\":[\"https:\/\/one-offmarbella.com\/tienda\/sudaderas\/sudadera-cuello-redondo\/\"]}]},{\"@type\":\"ImageObject\",\"inLanguage\":\"en-US\",\"@id\":\"https:\/\/one-offmarbella.com\/tienda\/sudaderas\/sudadera-cuello-redondo\/#primaryimage\",\"url\":\"https:\/\/one-offmarbella.com\/wp-content\/uploads\/2024\/02\/sudadera_cuello-redondo_2024.png\",\"contentUrl\":\"https:\/\/one-offmarbella.com\/wp-content\/uploads\/2024\/02\/sudadera_cuello-redondo_2024.png\",\"width\":2000,\"height\":2600},{\"@type\":\"BreadcrumbList\",\"@id\":\"https:\/\/one-offmarbella.com\/tienda\/sudaderas\/sudadera-cuello-redondo\/#breadcrumb\",\"itemListElement\":[{\"@type\":\"ListItem\",\"position\":1,\"name\":\"Portada\",\"item\":\"https:\/\/one-offmarbella.com\/\"},{\"@type\":\"ListItem\",\"position\":2,\"name\":\"Tienda\",\"item\":\"https:\/\/one-offmarbella.com\/tienda\/\"},{\"@type\":\"ListItem\",\"position\":3,\"name\":\"Sudadera cuello redondo\u00a0(Agotado)\"}]},{\"@type\":\"WebSite\",\"@id\":\"https:\/\/one-offmarbella.com\/#website\",\"url\":\"https:\/\/one-offmarbella.com\/\",\"name\":\"One - Off Marbella\",\"description\":\"Bienvenido a One - Off Marbella, la \u00fanica marca que hace prendas de numeraci\u00f3n \u00fanica y limitada. Calidad, sostenibilidad y personalidad.\",\"potentialAction\":[{\"@type\":\"SearchAction\",\"target\":{\"@type\":\"EntryPoint\",\"urlTemplate\":\"https:\/\/one-offmarbella.com\/?s={search_term_string}\"},\"query-input\":{\"@type\":\"PropertyValueSpecification\",\"valueRequired\":true,\"valueName\":\"search_term_string\"}}],\"inLanguage\":\"en-US\"}]}<\/script>\n<!-- \/ Yoast SEO plugin. -->","yoast_head_json":{"title":"Sudadera cuello redondo\u00a0(Agotado) | One Off Marbella","description":"Una prenda cl\u00e1sica con su distintivo bordado en la nunca hacen de esta sudadera una apuesta segura. Su corte moderno resalta la figura del cuerpo, acompa\u00f1ado de la elegancia del propio negro.","robots":{"index":"index","follow":"follow","max-snippet":"max-snippet:-1","max-image-preview":"max-image-preview:large","max-video-preview":"max-video-preview:-1"},"canonical":"https:\/\/one-offmarbella.com\/en\/tienda\/sudaderas\/sudadera-cuello-redondo\/","og_locale":"en_US","og_type":"article","og_title":"Sudadera cuello redondo\u00a0(Agotado) | One Off Marbella","og_description":"Una prenda cl\u00e1sica con su distintivo bordado en la nunca hacen de esta sudadera una apuesta segura. Su corte moderno resalta la figura del cuerpo, acompa\u00f1ado de la elegancia del propio negro.","og_url":"https:\/\/one-offmarbella.com\/en\/tienda\/sudaderas\/sudadera-cuello-redondo\/","og_site_name":"One Off Marbella","article_modified_time":"2024-12-13T07:00:58+00:00","og_image":[{"width":2000,"height":2600,"url":"https:\/\/one-offmarbella.com\/wp-content\/uploads\/2024\/02\/sudadera_cuello-redondo_2024.png","type":"image\/png"}],"twitter_card":"summary_large_image","twitter_misc":{"Est. reading time":"1 minute"},"schema":{"@context":"https:\/\/schema.org","@graph":[{"@type":"WebPage","@id":"https:\/\/one-offmarbella.com\/tienda\/sudaderas\/sudadera-cuello-redondo\/","url":"https:\/\/one-offmarbella.com\/tienda\/sudaderas\/sudadera-cuello-redondo\/","name":"Sudadera cuello redondo\u00a0(Agotado) | One Off Marbella","isPartOf":{"@id":"https:\/\/one-offmarbella.com\/#website"},"primaryImageOfPage":{"@id":"https:\/\/one-offmarbella.com\/tienda\/sudaderas\/sudadera-cuello-redondo\/#primaryimage"},"image":{"@id":"https:\/\/one-offmarbella.com\/tienda\/sudaderas\/sudadera-cuello-redondo\/#primaryimage"},"thumbnailUrl":"https:\/\/one-offmarbella.com\/wp-content\/uploads\/2024\/02\/sudadera_cuello-redondo_2024.png","datePublished":"2023-09-18T17:20:10+00:00","dateModified":"2024-12-13T07:00:58+00:00","description":"Una prenda cl\u00e1sica con su distintivo bordado en la nunca hacen de esta sudadera una apuesta segura. Su corte moderno resalta la figura del cuerpo, acompa\u00f1ado de la elegancia del propio negro.","breadcrumb":{"@id":"https:\/\/one-offmarbella.com\/tienda\/sudaderas\/sudadera-cuello-redondo\/#breadcrumb"},"inLanguage":"en-US","potentialAction":[{"@type":"ReadAction","target":["https:\/\/one-offmarbella.com\/tienda\/sudaderas\/sudadera-cuello-redondo\/"]}]},{"@type":"ImageObject","inLanguage":"en-US","@id":"https:\/\/one-offmarbella.com\/tienda\/sudaderas\/sudadera-cuello-redondo\/#primaryimage","url":"https:\/\/one-offmarbella.com\/wp-content\/uploads\/2024\/02\/sudadera_cuello-redondo_2024.png","contentUrl":"https:\/\/one-offmarbella.com\/wp-content\/uploads\/2024\/02\/sudadera_cuello-redondo_2024.png","width":2000,"height":2600},{"@type":"BreadcrumbList","@id":"https:\/\/one-offmarbella.com\/tienda\/sudaderas\/sudadera-cuello-redondo\/#breadcrumb","itemListElement":[{"@type":"ListItem","position":1,"name":"Portada","item":"https:\/\/one-offmarbella.com\/"},{"@type":"ListItem","position":2,"name":"Tienda","item":"https:\/\/one-offmarbella.com\/tienda\/"},{"@type":"ListItem","position":3,"name":"Sudadera cuello redondo\u00a0(Agotado)"}]},{"@type":"WebSite","@id":"https:\/\/one-offmarbella.com\/#website","url":"https:\/\/one-offmarbella.com\/","name":"One - Off Marbella","description":"Bienvenido a One - Off Marbella, la \u00fanica marca que hace prendas de numeraci\u00f3n \u00fanica y limitada. Calidad, sostenibilidad y personalidad.","potentialAction":[{"@type":"SearchAction","target":{"@type":"EntryPoint","urlTemplate":"https:\/\/one-offmarbella.com\/?s={search_term_string}"},"query-input":{"@type":"PropertyValueSpecification","valueRequired":true,"valueName":"search_term_string"}}],"inLanguage":"en-US"}]}},"_links":{"self":[{"href":"https:\/\/one-offmarbella.com\/en\/wp-json\/wp\/v2\/product\/2603","targetHints":{"allow":["GET"]}}],"collection":[{"href":"https:\/\/one-offmarbella.com\/en\/wp-json\/wp\/v2\/product"}],"about":[{"href":"https:\/\/one-offmarbella.com\/en\/wp-json\/wp\/v2\/types\/product"}],"version-history":[{"count":4,"href":"https:\/\/one-offmarbella.com\/en\/wp-json\/wp\/v2\/product\/2603\/revisions"}],"predecessor-version":[{"id":4811,"href":"https:\/\/one-offmarbella.com\/en\/wp-json\/wp\/v2\/product\/2603\/revisions\/4811"}],"wp:featuredmedia":[{"embeddable":true,"href":"https:\/\/one-offmarbella.com\/en\/wp-json\/wp\/v2\/media\/4677"}],"wp:attachment":[{"href":"https:\/\/one-offmarbella.com\/en\/wp-json\/wp\/v2\/media?parent=2603"}],"wp:term":[{"taxonomy":"product_brand","embeddable":true,"href":"https:\/\/one-offmarbella.com\/en\/wp-json\/wp\/v2\/product_brand?post=2603"},{"taxonomy":"product_cat","embeddable":true,"href":"https:\/\/one-offmarbella.com\/en\/wp-json\/wp\/v2\/product_cat?post=2603"},{"taxonomy":"product_tag","embeddable":true,"href":"https:\/\/one-offmarbella.com\/en\/wp-json\/wp\/v2\/product_tag?post=2603"}],"curies":[{"name":"wp","href":"https:\/\/api.w.org\/{rel}","templated":true}]}}