{"id":2481,"date":"2023-09-15T17:30:47","date_gmt":"2023-09-15T17:30:47","guid":{"rendered":"https:\/\/one-offmarbella.com\/?post_type=product&#038;p=2481"},"modified":"2024-12-13T07:13:00","modified_gmt":"2024-12-13T07:13:00","slug":"sudadera-media-cremallera","status":"publish","type":"product","link":"https:\/\/one-offmarbella.com\/en\/tienda\/sudaderas\/sudadera-media-cremallera\/","title":{"rendered":"Half-Zip Sweatshirt"},"content":{"rendered":"<ul>\n<li>100% Organic Ring-Spun Combed Cotton<\/li>\n<li>350 grams<\/li>\n<li>Italian Terry Cotton<\/li>\n<li>Garment with vintage effect<\/li>\n<li>Bronze zipper<\/li>\n<\/ul>","protected":false},"excerpt":{"rendered":"<p>Garment made of 100% Italian terry cotton in a worn grayish color. The modern cut, combined with the polo-style collar, results in an elegant and comfortable piece. Easy to pair with an unintentional elegance.<\/p>\n<p>Men's Model: Size L, 80 kg, 185 cm<br \/>\nWomen's Model: Size S, 50 kg, 165 cm<\/p>","protected":false},"featured_media":4086,"template":"","meta":[],"product_brand":[],"product_cat":[98],"product_tag":[],"class_list":{"0":"post-2481","1":"product","2":"type-product","3":"status-publish","4":"has-post-thumbnail","6":"product_cat-sudaderas","8":"first","9":"instock","10":"shipping-taxable","11":"purchasable","12":"product-type-variable"},"yoast_head":"<!-- This site is optimized with the Yoast SEO plugin v24.3 - https:\/\/yoast.com\/wordpress\/plugins\/seo\/ -->\n<title>Sudadera media cremallera | One Off Marbella<\/title>\n<meta name=\"description\" content=\"Prenda 100% algod\u00f3n de felpa italiana en color gris\u00e1ceo desgastado. El corte moderno sumado al cuello tipo polo resulta en una prenda elegante y c\u00f3moda. F\u00e1cil de combinar con una elegancia involuntaria.\" \/>\n<meta name=\"robots\" content=\"index, follow, max-snippet:-1, max-image-preview:large, max-video-preview:-1\" \/>\n<link rel=\"canonical\" href=\"https:\/\/one-offmarbella.com\/en\/tienda\/sudaderas\/sudadera-media-cremallera\/\" \/>\n<meta property=\"og:locale\" content=\"en_US\" \/>\n<meta property=\"og:type\" content=\"article\" \/>\n<meta property=\"og:title\" content=\"Sudadera media cremallera | One Off Marbella\" \/>\n<meta property=\"og:description\" content=\"Prenda 100% algod\u00f3n de felpa italiana en color gris\u00e1ceo desgastado. El corte moderno sumado al cuello tipo polo resulta en una prenda elegante y c\u00f3moda. F\u00e1cil de combinar con una elegancia involuntaria.\" \/>\n<meta property=\"og:url\" content=\"https:\/\/one-offmarbella.com\/en\/tienda\/sudaderas\/sudadera-media-cremallera\/\" \/>\n<meta property=\"og:site_name\" content=\"One Off Marbella\" \/>\n<meta property=\"article:modified_time\" content=\"2024-12-13T07:13:00+00:00\" \/>\n<meta property=\"og:image\" content=\"https:\/\/one-offmarbella.com\/wp-content\/uploads\/2023\/12\/media_cremallera_1000_1300-788x1024.png\" \/>\n\t<meta property=\"og:image:width\" content=\"788\" \/>\n\t<meta property=\"og:image:height\" content=\"1024\" \/>\n\t<meta property=\"og:image:type\" content=\"image\/png\" \/>\n<meta name=\"twitter:card\" content=\"summary_large_image\" \/>\n<meta name=\"twitter:label1\" content=\"Est. reading time\" \/>\n\t<meta name=\"twitter:data1\" content=\"1 minute\" \/>\n<script type=\"application\/ld+json\" class=\"yoast-schema-graph\">{\"@context\":\"https:\/\/schema.org\",\"@graph\":[{\"@type\":\"WebPage\",\"@id\":\"https:\/\/one-offmarbella.com\/tienda\/sudaderas\/sudadera-media-cremallera\/\",\"url\":\"https:\/\/one-offmarbella.com\/tienda\/sudaderas\/sudadera-media-cremallera\/\",\"name\":\"Sudadera media cremallera | One Off Marbella\",\"isPartOf\":{\"@id\":\"https:\/\/one-offmarbella.com\/#website\"},\"primaryImageOfPage\":{\"@id\":\"https:\/\/one-offmarbella.com\/tienda\/sudaderas\/sudadera-media-cremallera\/#primaryimage\"},\"image\":{\"@id\":\"https:\/\/one-offmarbella.com\/tienda\/sudaderas\/sudadera-media-cremallera\/#primaryimage\"},\"thumbnailUrl\":\"https:\/\/one-offmarbella.com\/wp-content\/uploads\/2023\/12\/media_cremallera_1000_1300.png\",\"datePublished\":\"2023-09-15T17:30:47+00:00\",\"dateModified\":\"2024-12-13T07:13:00+00:00\",\"description\":\"Prenda 100% algod\u00f3n de felpa italiana en color gris\u00e1ceo desgastado. El corte moderno sumado al cuello tipo polo resulta en una prenda elegante y c\u00f3moda. F\u00e1cil de combinar con una elegancia involuntaria.\",\"breadcrumb\":{\"@id\":\"https:\/\/one-offmarbella.com\/tienda\/sudaderas\/sudadera-media-cremallera\/#breadcrumb\"},\"inLanguage\":\"en-US\",\"potentialAction\":[{\"@type\":\"ReadAction\",\"target\":[\"https:\/\/one-offmarbella.com\/tienda\/sudaderas\/sudadera-media-cremallera\/\"]}]},{\"@type\":\"ImageObject\",\"inLanguage\":\"en-US\",\"@id\":\"https:\/\/one-offmarbella.com\/tienda\/sudaderas\/sudadera-media-cremallera\/#primaryimage\",\"url\":\"https:\/\/one-offmarbella.com\/wp-content\/uploads\/2023\/12\/media_cremallera_1000_1300.png\",\"contentUrl\":\"https:\/\/one-offmarbella.com\/wp-content\/uploads\/2023\/12\/media_cremallera_1000_1300.png\",\"width\":2000,\"height\":2600},{\"@type\":\"BreadcrumbList\",\"@id\":\"https:\/\/one-offmarbella.com\/tienda\/sudaderas\/sudadera-media-cremallera\/#breadcrumb\",\"itemListElement\":[{\"@type\":\"ListItem\",\"position\":1,\"name\":\"Portada\",\"item\":\"https:\/\/one-offmarbella.com\/\"},{\"@type\":\"ListItem\",\"position\":2,\"name\":\"Tienda\",\"item\":\"https:\/\/one-offmarbella.com\/tienda\/\"},{\"@type\":\"ListItem\",\"position\":3,\"name\":\"Sudadera media cremallera\"}]},{\"@type\":\"WebSite\",\"@id\":\"https:\/\/one-offmarbella.com\/#website\",\"url\":\"https:\/\/one-offmarbella.com\/\",\"name\":\"One - Off Marbella\",\"description\":\"Bienvenido a One - Off Marbella, la \u00fanica marca que hace prendas de numeraci\u00f3n \u00fanica y limitada. Calidad, sostenibilidad y personalidad.\",\"potentialAction\":[{\"@type\":\"SearchAction\",\"target\":{\"@type\":\"EntryPoint\",\"urlTemplate\":\"https:\/\/one-offmarbella.com\/?s={search_term_string}\"},\"query-input\":{\"@type\":\"PropertyValueSpecification\",\"valueRequired\":true,\"valueName\":\"search_term_string\"}}],\"inLanguage\":\"en-US\"}]}<\/script>\n<!-- \/ Yoast SEO plugin. -->","yoast_head_json":{"title":"Sudadera media cremallera | One Off Marbella","description":"Prenda 100% algod\u00f3n de felpa italiana en color gris\u00e1ceo desgastado. El corte moderno sumado al cuello tipo polo resulta en una prenda elegante y c\u00f3moda. F\u00e1cil de combinar con una elegancia involuntaria.","robots":{"index":"index","follow":"follow","max-snippet":"max-snippet:-1","max-image-preview":"max-image-preview:large","max-video-preview":"max-video-preview:-1"},"canonical":"https:\/\/one-offmarbella.com\/en\/tienda\/sudaderas\/sudadera-media-cremallera\/","og_locale":"en_US","og_type":"article","og_title":"Sudadera media cremallera | One Off Marbella","og_description":"Prenda 100% algod\u00f3n de felpa italiana en color gris\u00e1ceo desgastado. El corte moderno sumado al cuello tipo polo resulta en una prenda elegante y c\u00f3moda. F\u00e1cil de combinar con una elegancia involuntaria.","og_url":"https:\/\/one-offmarbella.com\/en\/tienda\/sudaderas\/sudadera-media-cremallera\/","og_site_name":"One Off Marbella","article_modified_time":"2024-12-13T07:13:00+00:00","og_image":[{"width":788,"height":1024,"url":"https:\/\/one-offmarbella.com\/wp-content\/uploads\/2023\/12\/media_cremallera_1000_1300-788x1024.png","type":"image\/png"}],"twitter_card":"summary_large_image","twitter_misc":{"Est. reading time":"1 minute"},"schema":{"@context":"https:\/\/schema.org","@graph":[{"@type":"WebPage","@id":"https:\/\/one-offmarbella.com\/tienda\/sudaderas\/sudadera-media-cremallera\/","url":"https:\/\/one-offmarbella.com\/tienda\/sudaderas\/sudadera-media-cremallera\/","name":"Sudadera media cremallera | One Off Marbella","isPartOf":{"@id":"https:\/\/one-offmarbella.com\/#website"},"primaryImageOfPage":{"@id":"https:\/\/one-offmarbella.com\/tienda\/sudaderas\/sudadera-media-cremallera\/#primaryimage"},"image":{"@id":"https:\/\/one-offmarbella.com\/tienda\/sudaderas\/sudadera-media-cremallera\/#primaryimage"},"thumbnailUrl":"https:\/\/one-offmarbella.com\/wp-content\/uploads\/2023\/12\/media_cremallera_1000_1300.png","datePublished":"2023-09-15T17:30:47+00:00","dateModified":"2024-12-13T07:13:00+00:00","description":"Prenda 100% algod\u00f3n de felpa italiana en color gris\u00e1ceo desgastado. El corte moderno sumado al cuello tipo polo resulta en una prenda elegante y c\u00f3moda. F\u00e1cil de combinar con una elegancia involuntaria.","breadcrumb":{"@id":"https:\/\/one-offmarbella.com\/tienda\/sudaderas\/sudadera-media-cremallera\/#breadcrumb"},"inLanguage":"en-US","potentialAction":[{"@type":"ReadAction","target":["https:\/\/one-offmarbella.com\/tienda\/sudaderas\/sudadera-media-cremallera\/"]}]},{"@type":"ImageObject","inLanguage":"en-US","@id":"https:\/\/one-offmarbella.com\/tienda\/sudaderas\/sudadera-media-cremallera\/#primaryimage","url":"https:\/\/one-offmarbella.com\/wp-content\/uploads\/2023\/12\/media_cremallera_1000_1300.png","contentUrl":"https:\/\/one-offmarbella.com\/wp-content\/uploads\/2023\/12\/media_cremallera_1000_1300.png","width":2000,"height":2600},{"@type":"BreadcrumbList","@id":"https:\/\/one-offmarbella.com\/tienda\/sudaderas\/sudadera-media-cremallera\/#breadcrumb","itemListElement":[{"@type":"ListItem","position":1,"name":"Portada","item":"https:\/\/one-offmarbella.com\/"},{"@type":"ListItem","position":2,"name":"Tienda","item":"https:\/\/one-offmarbella.com\/tienda\/"},{"@type":"ListItem","position":3,"name":"Sudadera media cremallera"}]},{"@type":"WebSite","@id":"https:\/\/one-offmarbella.com\/#website","url":"https:\/\/one-offmarbella.com\/","name":"One - Off Marbella","description":"Bienvenido a One - Off Marbella, la \u00fanica marca que hace prendas de numeraci\u00f3n \u00fanica y limitada. Calidad, sostenibilidad y personalidad.","potentialAction":[{"@type":"SearchAction","target":{"@type":"EntryPoint","urlTemplate":"https:\/\/one-offmarbella.com\/?s={search_term_string}"},"query-input":{"@type":"PropertyValueSpecification","valueRequired":true,"valueName":"search_term_string"}}],"inLanguage":"en-US"}]}},"_links":{"self":[{"href":"https:\/\/one-offmarbella.com\/en\/wp-json\/wp\/v2\/product\/2481","targetHints":{"allow":["GET"]}}],"collection":[{"href":"https:\/\/one-offmarbella.com\/en\/wp-json\/wp\/v2\/product"}],"about":[{"href":"https:\/\/one-offmarbella.com\/en\/wp-json\/wp\/v2\/types\/product"}],"version-history":[{"count":4,"href":"https:\/\/one-offmarbella.com\/en\/wp-json\/wp\/v2\/product\/2481\/revisions"}],"predecessor-version":[{"id":3292,"href":"https:\/\/one-offmarbella.com\/en\/wp-json\/wp\/v2\/product\/2481\/revisions\/3292"}],"wp:featuredmedia":[{"embeddable":true,"href":"https:\/\/one-offmarbella.com\/en\/wp-json\/wp\/v2\/media\/4086"}],"wp:attachment":[{"href":"https:\/\/one-offmarbella.com\/en\/wp-json\/wp\/v2\/media?parent=2481"}],"wp:term":[{"taxonomy":"product_brand","embeddable":true,"href":"https:\/\/one-offmarbella.com\/en\/wp-json\/wp\/v2\/product_brand?post=2481"},{"taxonomy":"product_cat","embeddable":true,"href":"https:\/\/one-offmarbella.com\/en\/wp-json\/wp\/v2\/product_cat?post=2481"},{"taxonomy":"product_tag","embeddable":true,"href":"https:\/\/one-offmarbella.com\/en\/wp-json\/wp\/v2\/product_tag?post=2481"}],"curies":[{"name":"wp","href":"https:\/\/api.w.org\/{rel}","templated":true}]}}