{"id":2478,"date":"2023-09-15T17:28:02","date_gmt":"2023-09-15T17:28:02","guid":{"rendered":"https:\/\/one-offmarbella.com\/?post_type=product&#038;p=2478"},"modified":"2024-12-13T07:13:32","modified_gmt":"2024-12-13T07:13:32","slug":"sudadera-cuello-de-polo","status":"publish","type":"product","link":"https:\/\/one-offmarbella.com\/en\/tienda\/sudaderas\/sudadera-cuello-de-polo\/","title":{"rendered":"Polo Neck Sweatshirt"},"content":{"rendered":"<ul>\n<li>100% Cotton, 50% Recycled<\/li>\n<li>Hidden placket with snap buttons.<\/li>\n<li>Cuffs with anchored 1x1 elastane edges.<\/li>\n<li>Knit collar base.<\/li>\n<li>320 grams<\/li>\n<\/ul>","protected":false},"excerpt":{"rendered":"<p>Sweatshirt with a polo neck and intricate embroidery on the back. The classic combination of navy blue and beige creates a sporty and elegant garment. Loose fit for greater comfort and snap buttons for added practicality.<br \/>\nMen's Model: Size L, 80 kg, 185 cm<br \/>\nWomen's Model: Size S, 50 kg, 165 cm<\/p>","protected":false},"featured_media":4082,"template":"","meta":[],"product_brand":[],"product_cat":[98],"product_tag":[],"class_list":{"0":"post-2478","1":"product","2":"type-product","3":"status-publish","4":"has-post-thumbnail","6":"product_cat-sudaderas","8":"first","9":"instock","10":"shipping-taxable","11":"purchasable","12":"product-type-variable"},"yoast_head":"<!-- This site is optimized with the Yoast SEO plugin v24.3 - https:\/\/yoast.com\/wordpress\/plugins\/seo\/ -->\n<title>Sudadera cuello de polo | One Off Marbella<\/title>\n<meta name=\"description\" content=\"Sudadera con cuello de polo con bordado complejo en la espalda. La combinaci\u00f3n cl\u00e1sica del azul marino y beis forman una prenda deportiva y elegante. Tiro suelto para una mayor comodidad y botones de presi\u00f3n para una mayor utilidad.\" \/>\n<meta name=\"robots\" content=\"index, follow, max-snippet:-1, max-image-preview:large, max-video-preview:-1\" \/>\n<link rel=\"canonical\" href=\"https:\/\/one-offmarbella.com\/en\/tienda\/sudaderas\/sudadera-cuello-de-polo\/\" \/>\n<meta property=\"og:locale\" content=\"en_US\" \/>\n<meta property=\"og:type\" content=\"article\" \/>\n<meta property=\"og:title\" content=\"Sudadera cuello de polo | One Off Marbella\" \/>\n<meta property=\"og:description\" content=\"Sudadera con cuello de polo con bordado complejo en la espalda. La combinaci\u00f3n cl\u00e1sica del azul marino y beis forman una prenda deportiva y elegante. Tiro suelto para una mayor comodidad y botones de presi\u00f3n para una mayor utilidad.\" \/>\n<meta property=\"og:url\" content=\"https:\/\/one-offmarbella.com\/en\/tienda\/sudaderas\/sudadera-cuello-de-polo\/\" \/>\n<meta property=\"og:site_name\" content=\"One Off Marbella\" \/>\n<meta property=\"article:modified_time\" content=\"2024-12-13T07:13:32+00:00\" \/>\n<meta property=\"og:image\" content=\"https:\/\/one-offmarbella.com\/wp-content\/uploads\/2023\/12\/cuello_polo_1000_1300.png\" \/>\n\t<meta property=\"og:image:width\" content=\"2000\" \/>\n\t<meta property=\"og:image:height\" content=\"2600\" \/>\n\t<meta property=\"og:image:type\" content=\"image\/png\" \/>\n<meta name=\"twitter:card\" content=\"summary_large_image\" \/>\n<meta name=\"twitter:label1\" content=\"Est. reading time\" \/>\n\t<meta name=\"twitter:data1\" content=\"1 minute\" \/>\n<script type=\"application\/ld+json\" class=\"yoast-schema-graph\">{\"@context\":\"https:\/\/schema.org\",\"@graph\":[{\"@type\":\"WebPage\",\"@id\":\"https:\/\/one-offmarbella.com\/tienda\/sudaderas\/sudadera-cuello-de-polo\/\",\"url\":\"https:\/\/one-offmarbella.com\/tienda\/sudaderas\/sudadera-cuello-de-polo\/\",\"name\":\"Sudadera cuello de polo | One Off Marbella\",\"isPartOf\":{\"@id\":\"https:\/\/one-offmarbella.com\/#website\"},\"primaryImageOfPage\":{\"@id\":\"https:\/\/one-offmarbella.com\/tienda\/sudaderas\/sudadera-cuello-de-polo\/#primaryimage\"},\"image\":{\"@id\":\"https:\/\/one-offmarbella.com\/tienda\/sudaderas\/sudadera-cuello-de-polo\/#primaryimage\"},\"thumbnailUrl\":\"https:\/\/one-offmarbella.com\/wp-content\/uploads\/2023\/12\/cuello_polo_1000_1300.png\",\"datePublished\":\"2023-09-15T17:28:02+00:00\",\"dateModified\":\"2024-12-13T07:13:32+00:00\",\"description\":\"Sudadera con cuello de polo con bordado complejo en la espalda. La combinaci\u00f3n cl\u00e1sica del azul marino y beis forman una prenda deportiva y elegante. Tiro suelto para una mayor comodidad y botones de presi\u00f3n para una mayor utilidad.\",\"breadcrumb\":{\"@id\":\"https:\/\/one-offmarbella.com\/tienda\/sudaderas\/sudadera-cuello-de-polo\/#breadcrumb\"},\"inLanguage\":\"en-US\",\"potentialAction\":[{\"@type\":\"ReadAction\",\"target\":[\"https:\/\/one-offmarbella.com\/tienda\/sudaderas\/sudadera-cuello-de-polo\/\"]}]},{\"@type\":\"ImageObject\",\"inLanguage\":\"en-US\",\"@id\":\"https:\/\/one-offmarbella.com\/tienda\/sudaderas\/sudadera-cuello-de-polo\/#primaryimage\",\"url\":\"https:\/\/one-offmarbella.com\/wp-content\/uploads\/2023\/12\/cuello_polo_1000_1300.png\",\"contentUrl\":\"https:\/\/one-offmarbella.com\/wp-content\/uploads\/2023\/12\/cuello_polo_1000_1300.png\",\"width\":2000,\"height\":2600},{\"@type\":\"BreadcrumbList\",\"@id\":\"https:\/\/one-offmarbella.com\/tienda\/sudaderas\/sudadera-cuello-de-polo\/#breadcrumb\",\"itemListElement\":[{\"@type\":\"ListItem\",\"position\":1,\"name\":\"Portada\",\"item\":\"https:\/\/one-offmarbella.com\/\"},{\"@type\":\"ListItem\",\"position\":2,\"name\":\"Tienda\",\"item\":\"https:\/\/one-offmarbella.com\/tienda\/\"},{\"@type\":\"ListItem\",\"position\":3,\"name\":\"Sudadera cuello de polo\"}]},{\"@type\":\"WebSite\",\"@id\":\"https:\/\/one-offmarbella.com\/#website\",\"url\":\"https:\/\/one-offmarbella.com\/\",\"name\":\"One - Off Marbella\",\"description\":\"Bienvenido a One - Off Marbella, la \u00fanica marca que hace prendas de numeraci\u00f3n \u00fanica y limitada. Calidad, sostenibilidad y personalidad.\",\"potentialAction\":[{\"@type\":\"SearchAction\",\"target\":{\"@type\":\"EntryPoint\",\"urlTemplate\":\"https:\/\/one-offmarbella.com\/?s={search_term_string}\"},\"query-input\":{\"@type\":\"PropertyValueSpecification\",\"valueRequired\":true,\"valueName\":\"search_term_string\"}}],\"inLanguage\":\"en-US\"}]}<\/script>\n<!-- \/ Yoast SEO plugin. -->","yoast_head_json":{"title":"Sudadera cuello de polo | One Off Marbella","description":"Sudadera con cuello de polo con bordado complejo en la espalda. La combinaci\u00f3n cl\u00e1sica del azul marino y beis forman una prenda deportiva y elegante. Tiro suelto para una mayor comodidad y botones de presi\u00f3n para una mayor utilidad.","robots":{"index":"index","follow":"follow","max-snippet":"max-snippet:-1","max-image-preview":"max-image-preview:large","max-video-preview":"max-video-preview:-1"},"canonical":"https:\/\/one-offmarbella.com\/en\/tienda\/sudaderas\/sudadera-cuello-de-polo\/","og_locale":"en_US","og_type":"article","og_title":"Sudadera cuello de polo | One Off Marbella","og_description":"Sudadera con cuello de polo con bordado complejo en la espalda. La combinaci\u00f3n cl\u00e1sica del azul marino y beis forman una prenda deportiva y elegante. Tiro suelto para una mayor comodidad y botones de presi\u00f3n para una mayor utilidad.","og_url":"https:\/\/one-offmarbella.com\/en\/tienda\/sudaderas\/sudadera-cuello-de-polo\/","og_site_name":"One Off Marbella","article_modified_time":"2024-12-13T07:13:32+00:00","og_image":[{"width":2000,"height":2600,"url":"https:\/\/one-offmarbella.com\/wp-content\/uploads\/2023\/12\/cuello_polo_1000_1300.png","type":"image\/png"}],"twitter_card":"summary_large_image","twitter_misc":{"Est. reading time":"1 minute"},"schema":{"@context":"https:\/\/schema.org","@graph":[{"@type":"WebPage","@id":"https:\/\/one-offmarbella.com\/tienda\/sudaderas\/sudadera-cuello-de-polo\/","url":"https:\/\/one-offmarbella.com\/tienda\/sudaderas\/sudadera-cuello-de-polo\/","name":"Sudadera cuello de polo | One Off Marbella","isPartOf":{"@id":"https:\/\/one-offmarbella.com\/#website"},"primaryImageOfPage":{"@id":"https:\/\/one-offmarbella.com\/tienda\/sudaderas\/sudadera-cuello-de-polo\/#primaryimage"},"image":{"@id":"https:\/\/one-offmarbella.com\/tienda\/sudaderas\/sudadera-cuello-de-polo\/#primaryimage"},"thumbnailUrl":"https:\/\/one-offmarbella.com\/wp-content\/uploads\/2023\/12\/cuello_polo_1000_1300.png","datePublished":"2023-09-15T17:28:02+00:00","dateModified":"2024-12-13T07:13:32+00:00","description":"Sudadera con cuello de polo con bordado complejo en la espalda. La combinaci\u00f3n cl\u00e1sica del azul marino y beis forman una prenda deportiva y elegante. Tiro suelto para una mayor comodidad y botones de presi\u00f3n para una mayor utilidad.","breadcrumb":{"@id":"https:\/\/one-offmarbella.com\/tienda\/sudaderas\/sudadera-cuello-de-polo\/#breadcrumb"},"inLanguage":"en-US","potentialAction":[{"@type":"ReadAction","target":["https:\/\/one-offmarbella.com\/tienda\/sudaderas\/sudadera-cuello-de-polo\/"]}]},{"@type":"ImageObject","inLanguage":"en-US","@id":"https:\/\/one-offmarbella.com\/tienda\/sudaderas\/sudadera-cuello-de-polo\/#primaryimage","url":"https:\/\/one-offmarbella.com\/wp-content\/uploads\/2023\/12\/cuello_polo_1000_1300.png","contentUrl":"https:\/\/one-offmarbella.com\/wp-content\/uploads\/2023\/12\/cuello_polo_1000_1300.png","width":2000,"height":2600},{"@type":"BreadcrumbList","@id":"https:\/\/one-offmarbella.com\/tienda\/sudaderas\/sudadera-cuello-de-polo\/#breadcrumb","itemListElement":[{"@type":"ListItem","position":1,"name":"Portada","item":"https:\/\/one-offmarbella.com\/"},{"@type":"ListItem","position":2,"name":"Tienda","item":"https:\/\/one-offmarbella.com\/tienda\/"},{"@type":"ListItem","position":3,"name":"Sudadera cuello de polo"}]},{"@type":"WebSite","@id":"https:\/\/one-offmarbella.com\/#website","url":"https:\/\/one-offmarbella.com\/","name":"One - Off Marbella","description":"Bienvenido a One - Off Marbella, la \u00fanica marca que hace prendas de numeraci\u00f3n \u00fanica y limitada. Calidad, sostenibilidad y personalidad.","potentialAction":[{"@type":"SearchAction","target":{"@type":"EntryPoint","urlTemplate":"https:\/\/one-offmarbella.com\/?s={search_term_string}"},"query-input":{"@type":"PropertyValueSpecification","valueRequired":true,"valueName":"search_term_string"}}],"inLanguage":"en-US"}]}},"_links":{"self":[{"href":"https:\/\/one-offmarbella.com\/en\/wp-json\/wp\/v2\/product\/2478","targetHints":{"allow":["GET"]}}],"collection":[{"href":"https:\/\/one-offmarbella.com\/en\/wp-json\/wp\/v2\/product"}],"about":[{"href":"https:\/\/one-offmarbella.com\/en\/wp-json\/wp\/v2\/types\/product"}],"version-history":[{"count":3,"href":"https:\/\/one-offmarbella.com\/en\/wp-json\/wp\/v2\/product\/2478\/revisions"}],"predecessor-version":[{"id":3289,"href":"https:\/\/one-offmarbella.com\/en\/wp-json\/wp\/v2\/product\/2478\/revisions\/3289"}],"wp:featuredmedia":[{"embeddable":true,"href":"https:\/\/one-offmarbella.com\/en\/wp-json\/wp\/v2\/media\/4082"}],"wp:attachment":[{"href":"https:\/\/one-offmarbella.com\/en\/wp-json\/wp\/v2\/media?parent=2478"}],"wp:term":[{"taxonomy":"product_brand","embeddable":true,"href":"https:\/\/one-offmarbella.com\/en\/wp-json\/wp\/v2\/product_brand?post=2478"},{"taxonomy":"product_cat","embeddable":true,"href":"https:\/\/one-offmarbella.com\/en\/wp-json\/wp\/v2\/product_cat?post=2478"},{"taxonomy":"product_tag","embeddable":true,"href":"https:\/\/one-offmarbella.com\/en\/wp-json\/wp\/v2\/product_tag?post=2478"}],"curies":[{"name":"wp","href":"https:\/\/api.w.org\/{rel}","templated":true}]}}