{"id":2476,"date":"2023-09-15T17:25:32","date_gmt":"2023-09-15T17:25:32","guid":{"rendered":"https:\/\/one-offmarbella.com\/?post_type=product&#038;p=2476"},"modified":"2024-12-13T07:13:23","modified_gmt":"2024-12-13T07:13:23","slug":"polo-manga-larga-nautica","status":"publish","type":"product","link":"https:\/\/one-offmarbella.com\/en\/tienda\/polos\/polo-manga-larga-nautica\/","title":{"rendered":"Long Sleeve Nautical Polo"},"content":{"rendered":"<ul>\n<li>240 grams 100% cotton<\/li>\n<li>Organic interlock cotton<\/li>\n<li>Two-tone (green and white)<\/li>\n<li>Bottom part without elastic<\/li>\n<li>Long sleeves with fitted cuffs<\/li>\n<\/ul>","protected":false},"excerpt":{"rendered":"<p>Long sleeve polo in two-tone interlock cotton with embroidered nautical flag design. A comfortable and lightweight garment, perfect under a jacket or with casual pants.<\/p>\n<p>Men's Model: Size XL, 80 kg, 185 cm<br \/>\nWomen's Model: Size S, 50 kg, 165 cm<\/p>","protected":false},"featured_media":4093,"template":"","meta":[],"product_brand":[],"product_cat":[59],"product_tag":[],"class_list":{"0":"post-2476","1":"product","2":"type-product","3":"status-publish","4":"has-post-thumbnail","6":"product_cat-polos","8":"first","9":"instock","10":"shipping-taxable","11":"purchasable","12":"product-type-variable"},"yoast_head":"<!-- This site is optimized with the Yoast SEO plugin v24.3 - https:\/\/yoast.com\/wordpress\/plugins\/seo\/ -->\n<title>Polo manga larga n\u00e1utica | One Off Marbella<\/title>\n<meta name=\"description\" content=\"Polo manga larga en algod\u00f3n interlock bicolor con dise\u00f1o de banderas n\u00e1uticas bordadas. Una prenda c\u00f3moda y ligera perfecta bajo una chaqueta o con un pantal\u00f3n informal.\" \/>\n<meta name=\"robots\" content=\"index, follow, max-snippet:-1, max-image-preview:large, max-video-preview:-1\" \/>\n<link rel=\"canonical\" href=\"https:\/\/one-offmarbella.com\/en\/tienda\/polos\/polo-manga-larga-nautica\/\" \/>\n<meta property=\"og:locale\" content=\"en_US\" \/>\n<meta property=\"og:type\" content=\"article\" \/>\n<meta property=\"og:title\" content=\"Polo manga larga n\u00e1utica | One Off Marbella\" \/>\n<meta property=\"og:description\" content=\"Polo manga larga en algod\u00f3n interlock bicolor con dise\u00f1o de banderas n\u00e1uticas bordadas. Una prenda c\u00f3moda y ligera perfecta bajo una chaqueta o con un pantal\u00f3n informal.\" \/>\n<meta property=\"og:url\" content=\"https:\/\/one-offmarbella.com\/en\/tienda\/polos\/polo-manga-larga-nautica\/\" \/>\n<meta property=\"og:site_name\" content=\"One Off Marbella\" \/>\n<meta property=\"article:modified_time\" content=\"2024-12-13T07:13:23+00:00\" \/>\n<meta property=\"og:image\" content=\"https:\/\/one-offmarbella.com\/wp-content\/uploads\/2023\/12\/polo_nautico_1000_1300.png\" \/>\n\t<meta property=\"og:image:width\" content=\"2000\" \/>\n\t<meta property=\"og:image:height\" content=\"2600\" \/>\n\t<meta property=\"og:image:type\" content=\"image\/png\" \/>\n<meta name=\"twitter:card\" content=\"summary_large_image\" \/>\n<meta name=\"twitter:label1\" content=\"Est. reading time\" \/>\n\t<meta name=\"twitter:data1\" content=\"1 minute\" \/>\n<script type=\"application\/ld+json\" class=\"yoast-schema-graph\">{\"@context\":\"https:\/\/schema.org\",\"@graph\":[{\"@type\":\"WebPage\",\"@id\":\"https:\/\/one-offmarbella.com\/tienda\/polos\/polo-manga-larga-nautica\/\",\"url\":\"https:\/\/one-offmarbella.com\/tienda\/polos\/polo-manga-larga-nautica\/\",\"name\":\"Polo manga larga n\u00e1utica | One Off Marbella\",\"isPartOf\":{\"@id\":\"https:\/\/one-offmarbella.com\/#website\"},\"primaryImageOfPage\":{\"@id\":\"https:\/\/one-offmarbella.com\/tienda\/polos\/polo-manga-larga-nautica\/#primaryimage\"},\"image\":{\"@id\":\"https:\/\/one-offmarbella.com\/tienda\/polos\/polo-manga-larga-nautica\/#primaryimage\"},\"thumbnailUrl\":\"https:\/\/one-offmarbella.com\/wp-content\/uploads\/2023\/12\/polo_nautico_1000_1300.png\",\"datePublished\":\"2023-09-15T17:25:32+00:00\",\"dateModified\":\"2024-12-13T07:13:23+00:00\",\"description\":\"Polo manga larga en algod\u00f3n interlock bicolor con dise\u00f1o de banderas n\u00e1uticas bordadas. Una prenda c\u00f3moda y ligera perfecta bajo una chaqueta o con un pantal\u00f3n informal.\",\"breadcrumb\":{\"@id\":\"https:\/\/one-offmarbella.com\/tienda\/polos\/polo-manga-larga-nautica\/#breadcrumb\"},\"inLanguage\":\"en-US\",\"potentialAction\":[{\"@type\":\"ReadAction\",\"target\":[\"https:\/\/one-offmarbella.com\/tienda\/polos\/polo-manga-larga-nautica\/\"]}]},{\"@type\":\"ImageObject\",\"inLanguage\":\"en-US\",\"@id\":\"https:\/\/one-offmarbella.com\/tienda\/polos\/polo-manga-larga-nautica\/#primaryimage\",\"url\":\"https:\/\/one-offmarbella.com\/wp-content\/uploads\/2023\/12\/polo_nautico_1000_1300.png\",\"contentUrl\":\"https:\/\/one-offmarbella.com\/wp-content\/uploads\/2023\/12\/polo_nautico_1000_1300.png\",\"width\":2000,\"height\":2600},{\"@type\":\"BreadcrumbList\",\"@id\":\"https:\/\/one-offmarbella.com\/tienda\/polos\/polo-manga-larga-nautica\/#breadcrumb\",\"itemListElement\":[{\"@type\":\"ListItem\",\"position\":1,\"name\":\"Portada\",\"item\":\"https:\/\/one-offmarbella.com\/\"},{\"@type\":\"ListItem\",\"position\":2,\"name\":\"Tienda\",\"item\":\"https:\/\/one-offmarbella.com\/tienda\/\"},{\"@type\":\"ListItem\",\"position\":3,\"name\":\"Polo manga larga n\u00e1utica\"}]},{\"@type\":\"WebSite\",\"@id\":\"https:\/\/one-offmarbella.com\/#website\",\"url\":\"https:\/\/one-offmarbella.com\/\",\"name\":\"One - Off Marbella\",\"description\":\"Bienvenido a One - Off Marbella, la \u00fanica marca que hace prendas de numeraci\u00f3n \u00fanica y limitada. Calidad, sostenibilidad y personalidad.\",\"potentialAction\":[{\"@type\":\"SearchAction\",\"target\":{\"@type\":\"EntryPoint\",\"urlTemplate\":\"https:\/\/one-offmarbella.com\/?s={search_term_string}\"},\"query-input\":{\"@type\":\"PropertyValueSpecification\",\"valueRequired\":true,\"valueName\":\"search_term_string\"}}],\"inLanguage\":\"en-US\"}]}<\/script>\n<!-- \/ Yoast SEO plugin. -->","yoast_head_json":{"title":"Polo manga larga n\u00e1utica | One Off Marbella","description":"Polo manga larga en algod\u00f3n interlock bicolor con dise\u00f1o de banderas n\u00e1uticas bordadas. Una prenda c\u00f3moda y ligera perfecta bajo una chaqueta o con un pantal\u00f3n informal.","robots":{"index":"index","follow":"follow","max-snippet":"max-snippet:-1","max-image-preview":"max-image-preview:large","max-video-preview":"max-video-preview:-1"},"canonical":"https:\/\/one-offmarbella.com\/en\/tienda\/polos\/polo-manga-larga-nautica\/","og_locale":"en_US","og_type":"article","og_title":"Polo manga larga n\u00e1utica | One Off Marbella","og_description":"Polo manga larga en algod\u00f3n interlock bicolor con dise\u00f1o de banderas n\u00e1uticas bordadas. Una prenda c\u00f3moda y ligera perfecta bajo una chaqueta o con un pantal\u00f3n informal.","og_url":"https:\/\/one-offmarbella.com\/en\/tienda\/polos\/polo-manga-larga-nautica\/","og_site_name":"One Off Marbella","article_modified_time":"2024-12-13T07:13:23+00:00","og_image":[{"width":2000,"height":2600,"url":"https:\/\/one-offmarbella.com\/wp-content\/uploads\/2023\/12\/polo_nautico_1000_1300.png","type":"image\/png"}],"twitter_card":"summary_large_image","twitter_misc":{"Est. reading time":"1 minute"},"schema":{"@context":"https:\/\/schema.org","@graph":[{"@type":"WebPage","@id":"https:\/\/one-offmarbella.com\/tienda\/polos\/polo-manga-larga-nautica\/","url":"https:\/\/one-offmarbella.com\/tienda\/polos\/polo-manga-larga-nautica\/","name":"Polo manga larga n\u00e1utica | One Off Marbella","isPartOf":{"@id":"https:\/\/one-offmarbella.com\/#website"},"primaryImageOfPage":{"@id":"https:\/\/one-offmarbella.com\/tienda\/polos\/polo-manga-larga-nautica\/#primaryimage"},"image":{"@id":"https:\/\/one-offmarbella.com\/tienda\/polos\/polo-manga-larga-nautica\/#primaryimage"},"thumbnailUrl":"https:\/\/one-offmarbella.com\/wp-content\/uploads\/2023\/12\/polo_nautico_1000_1300.png","datePublished":"2023-09-15T17:25:32+00:00","dateModified":"2024-12-13T07:13:23+00:00","description":"Polo manga larga en algod\u00f3n interlock bicolor con dise\u00f1o de banderas n\u00e1uticas bordadas. Una prenda c\u00f3moda y ligera perfecta bajo una chaqueta o con un pantal\u00f3n informal.","breadcrumb":{"@id":"https:\/\/one-offmarbella.com\/tienda\/polos\/polo-manga-larga-nautica\/#breadcrumb"},"inLanguage":"en-US","potentialAction":[{"@type":"ReadAction","target":["https:\/\/one-offmarbella.com\/tienda\/polos\/polo-manga-larga-nautica\/"]}]},{"@type":"ImageObject","inLanguage":"en-US","@id":"https:\/\/one-offmarbella.com\/tienda\/polos\/polo-manga-larga-nautica\/#primaryimage","url":"https:\/\/one-offmarbella.com\/wp-content\/uploads\/2023\/12\/polo_nautico_1000_1300.png","contentUrl":"https:\/\/one-offmarbella.com\/wp-content\/uploads\/2023\/12\/polo_nautico_1000_1300.png","width":2000,"height":2600},{"@type":"BreadcrumbList","@id":"https:\/\/one-offmarbella.com\/tienda\/polos\/polo-manga-larga-nautica\/#breadcrumb","itemListElement":[{"@type":"ListItem","position":1,"name":"Portada","item":"https:\/\/one-offmarbella.com\/"},{"@type":"ListItem","position":2,"name":"Tienda","item":"https:\/\/one-offmarbella.com\/tienda\/"},{"@type":"ListItem","position":3,"name":"Polo manga larga n\u00e1utica"}]},{"@type":"WebSite","@id":"https:\/\/one-offmarbella.com\/#website","url":"https:\/\/one-offmarbella.com\/","name":"One - Off Marbella","description":"Bienvenido a One - Off Marbella, la \u00fanica marca que hace prendas de numeraci\u00f3n \u00fanica y limitada. Calidad, sostenibilidad y personalidad.","potentialAction":[{"@type":"SearchAction","target":{"@type":"EntryPoint","urlTemplate":"https:\/\/one-offmarbella.com\/?s={search_term_string}"},"query-input":{"@type":"PropertyValueSpecification","valueRequired":true,"valueName":"search_term_string"}}],"inLanguage":"en-US"}]}},"_links":{"self":[{"href":"https:\/\/one-offmarbella.com\/en\/wp-json\/wp\/v2\/product\/2476","targetHints":{"allow":["GET"]}}],"collection":[{"href":"https:\/\/one-offmarbella.com\/en\/wp-json\/wp\/v2\/product"}],"about":[{"href":"https:\/\/one-offmarbella.com\/en\/wp-json\/wp\/v2\/types\/product"}],"version-history":[{"count":4,"href":"https:\/\/one-offmarbella.com\/en\/wp-json\/wp\/v2\/product\/2476\/revisions"}],"predecessor-version":[{"id":9203,"href":"https:\/\/one-offmarbella.com\/en\/wp-json\/wp\/v2\/product\/2476\/revisions\/9203"}],"wp:featuredmedia":[{"embeddable":true,"href":"https:\/\/one-offmarbella.com\/en\/wp-json\/wp\/v2\/media\/4093"}],"wp:attachment":[{"href":"https:\/\/one-offmarbella.com\/en\/wp-json\/wp\/v2\/media?parent=2476"}],"wp:term":[{"taxonomy":"product_brand","embeddable":true,"href":"https:\/\/one-offmarbella.com\/en\/wp-json\/wp\/v2\/product_brand?post=2476"},{"taxonomy":"product_cat","embeddable":true,"href":"https:\/\/one-offmarbella.com\/en\/wp-json\/wp\/v2\/product_cat?post=2476"},{"taxonomy":"product_tag","embeddable":true,"href":"https:\/\/one-offmarbella.com\/en\/wp-json\/wp\/v2\/product_tag?post=2476"}],"curies":[{"name":"wp","href":"https:\/\/api.w.org\/{rel}","templated":true}]}}