{"id":2472,"date":"2023-09-15T17:16:49","date_gmt":"2023-09-15T17:16:49","guid":{"rendered":"https:\/\/one-offmarbella.com\/?post_type=product&#038;p=2472"},"modified":"2025-04-23T18:55:00","modified_gmt":"2025-04-23T18:55:00","slug":"sobre-camisa","status":"publish","type":"product","link":"https:\/\/one-offmarbella.com\/en\/tienda\/exteriores\/sobre-camisa\/","title":{"rendered":"Shirt Jacket"},"content":{"rendered":"<ul>\n<li>100% Twill Cotton<\/li>\n<li>Yoke on the back.<\/li>\n<li>Flap pockets on the chest with buttons sewn with red thread.<\/li>\n<li>Long sleeves with placket and buttoned cuffs.<\/li>\n<li>Curved bottom hem.<\/li>\n<\/ul>","protected":false},"excerpt":{"rendered":"<p>Designed especially for the fall\/winter season, combining elegance and comfort in a sophisticated navy blue garment. Crafted from Twill Cotton with meticulous craftsmanship, exemplified in the buttons with hand-sewn red thread.<\/p>\n<hr \/>\n<p>Men's Model: Size XL, 80 kg, 185 cm<br \/>\nWomen's Model: Size S, 50 kg, 165 cm<\/p>","protected":false},"featured_media":4091,"template":"","meta":[],"product_brand":[],"product_cat":[124],"product_tag":[],"class_list":{"0":"post-2472","1":"product","2":"type-product","3":"status-publish","4":"has-post-thumbnail","6":"product_cat-exteriores","8":"first","9":"instock","10":"shipping-taxable","11":"purchasable","12":"product-type-variable"},"yoast_head":"<!-- This site is optimized with the Yoast SEO plugin v24.3 - https:\/\/yoast.com\/wordpress\/plugins\/seo\/ -->\n<title>Sobre Camisa | One Off Marbella<\/title>\n<meta name=\"description\" content=\"Dise\u00f1ada especialmente para la temporada de oto\u00f1o\/invierno combinando elegancia y comodidad siendo una prenda sofisticada azul marino. Confeccionada a partir de Algod\u00f3n de Sarga con una cuidada artesan\u00eda representada en los botones con hilo rojo cosido a mano.\" \/>\n<meta name=\"robots\" content=\"index, follow, max-snippet:-1, max-image-preview:large, max-video-preview:-1\" \/>\n<link rel=\"canonical\" href=\"https:\/\/one-offmarbella.com\/en\/tienda\/exteriores\/sobre-camisa\/\" \/>\n<meta property=\"og:locale\" content=\"en_US\" \/>\n<meta property=\"og:type\" content=\"article\" \/>\n<meta property=\"og:title\" content=\"Sobre Camisa | One Off Marbella\" \/>\n<meta property=\"og:description\" content=\"Dise\u00f1ada especialmente para la temporada de oto\u00f1o\/invierno combinando elegancia y comodidad siendo una prenda sofisticada azul marino. Confeccionada a partir de Algod\u00f3n de Sarga con una cuidada artesan\u00eda representada en los botones con hilo rojo cosido a mano.\" \/>\n<meta property=\"og:url\" content=\"https:\/\/one-offmarbella.com\/en\/tienda\/exteriores\/sobre-camisa\/\" \/>\n<meta property=\"og:site_name\" content=\"One Off Marbella\" \/>\n<meta property=\"article:modified_time\" content=\"2025-04-23T18:55:00+00:00\" \/>\n<meta property=\"og:image\" content=\"https:\/\/one-offmarbella.com\/wp-content\/uploads\/2023\/12\/sobre_camisa_1000_1300.png\" \/>\n\t<meta property=\"og:image:width\" content=\"2000\" \/>\n\t<meta property=\"og:image:height\" content=\"2600\" \/>\n\t<meta property=\"og:image:type\" content=\"image\/png\" \/>\n<meta name=\"twitter:card\" content=\"summary_large_image\" \/>\n<meta name=\"twitter:label1\" content=\"Est. reading time\" \/>\n\t<meta name=\"twitter:data1\" content=\"1 minute\" \/>\n<script type=\"application\/ld+json\" class=\"yoast-schema-graph\">{\"@context\":\"https:\/\/schema.org\",\"@graph\":[{\"@type\":\"WebPage\",\"@id\":\"https:\/\/one-offmarbella.com\/tienda\/exteriores\/sobre-camisa\/\",\"url\":\"https:\/\/one-offmarbella.com\/tienda\/exteriores\/sobre-camisa\/\",\"name\":\"Sobre Camisa | One Off Marbella\",\"isPartOf\":{\"@id\":\"https:\/\/one-offmarbella.com\/#website\"},\"primaryImageOfPage\":{\"@id\":\"https:\/\/one-offmarbella.com\/tienda\/exteriores\/sobre-camisa\/#primaryimage\"},\"image\":{\"@id\":\"https:\/\/one-offmarbella.com\/tienda\/exteriores\/sobre-camisa\/#primaryimage\"},\"thumbnailUrl\":\"https:\/\/one-offmarbella.com\/wp-content\/uploads\/2023\/12\/sobre_camisa_1000_1300.png\",\"datePublished\":\"2023-09-15T17:16:49+00:00\",\"dateModified\":\"2025-04-23T18:55:00+00:00\",\"description\":\"Dise\u00f1ada especialmente para la temporada de oto\u00f1o\/invierno combinando elegancia y comodidad siendo una prenda sofisticada azul marino. Confeccionada a partir de Algod\u00f3n de Sarga con una cuidada artesan\u00eda representada en los botones con hilo rojo cosido a mano.\",\"breadcrumb\":{\"@id\":\"https:\/\/one-offmarbella.com\/tienda\/exteriores\/sobre-camisa\/#breadcrumb\"},\"inLanguage\":\"en-US\",\"potentialAction\":[{\"@type\":\"ReadAction\",\"target\":[\"https:\/\/one-offmarbella.com\/tienda\/exteriores\/sobre-camisa\/\"]}]},{\"@type\":\"ImageObject\",\"inLanguage\":\"en-US\",\"@id\":\"https:\/\/one-offmarbella.com\/tienda\/exteriores\/sobre-camisa\/#primaryimage\",\"url\":\"https:\/\/one-offmarbella.com\/wp-content\/uploads\/2023\/12\/sobre_camisa_1000_1300.png\",\"contentUrl\":\"https:\/\/one-offmarbella.com\/wp-content\/uploads\/2023\/12\/sobre_camisa_1000_1300.png\",\"width\":2000,\"height\":2600},{\"@type\":\"BreadcrumbList\",\"@id\":\"https:\/\/one-offmarbella.com\/tienda\/exteriores\/sobre-camisa\/#breadcrumb\",\"itemListElement\":[{\"@type\":\"ListItem\",\"position\":1,\"name\":\"Portada\",\"item\":\"https:\/\/one-offmarbella.com\/\"},{\"@type\":\"ListItem\",\"position\":2,\"name\":\"Tienda\",\"item\":\"https:\/\/one-offmarbella.com\/tienda\/\"},{\"@type\":\"ListItem\",\"position\":3,\"name\":\"Sobre Camisa\"}]},{\"@type\":\"WebSite\",\"@id\":\"https:\/\/one-offmarbella.com\/#website\",\"url\":\"https:\/\/one-offmarbella.com\/\",\"name\":\"One - Off Marbella\",\"description\":\"Bienvenido a One - Off Marbella, la \u00fanica marca que hace prendas de numeraci\u00f3n \u00fanica y limitada. Calidad, sostenibilidad y personalidad.\",\"potentialAction\":[{\"@type\":\"SearchAction\",\"target\":{\"@type\":\"EntryPoint\",\"urlTemplate\":\"https:\/\/one-offmarbella.com\/?s={search_term_string}\"},\"query-input\":{\"@type\":\"PropertyValueSpecification\",\"valueRequired\":true,\"valueName\":\"search_term_string\"}}],\"inLanguage\":\"en-US\"}]}<\/script>\n<!-- \/ Yoast SEO plugin. -->","yoast_head_json":{"title":"Sobre Camisa | One Off Marbella","description":"Dise\u00f1ada especialmente para la temporada de oto\u00f1o\/invierno combinando elegancia y comodidad siendo una prenda sofisticada azul marino. Confeccionada a partir de Algod\u00f3n de Sarga con una cuidada artesan\u00eda representada en los botones con hilo rojo cosido a mano.","robots":{"index":"index","follow":"follow","max-snippet":"max-snippet:-1","max-image-preview":"max-image-preview:large","max-video-preview":"max-video-preview:-1"},"canonical":"https:\/\/one-offmarbella.com\/en\/tienda\/exteriores\/sobre-camisa\/","og_locale":"en_US","og_type":"article","og_title":"Sobre Camisa | One Off Marbella","og_description":"Dise\u00f1ada especialmente para la temporada de oto\u00f1o\/invierno combinando elegancia y comodidad siendo una prenda sofisticada azul marino. Confeccionada a partir de Algod\u00f3n de Sarga con una cuidada artesan\u00eda representada en los botones con hilo rojo cosido a mano.","og_url":"https:\/\/one-offmarbella.com\/en\/tienda\/exteriores\/sobre-camisa\/","og_site_name":"One Off Marbella","article_modified_time":"2025-04-23T18:55:00+00:00","og_image":[{"width":2000,"height":2600,"url":"https:\/\/one-offmarbella.com\/wp-content\/uploads\/2023\/12\/sobre_camisa_1000_1300.png","type":"image\/png"}],"twitter_card":"summary_large_image","twitter_misc":{"Est. reading time":"1 minute"},"schema":{"@context":"https:\/\/schema.org","@graph":[{"@type":"WebPage","@id":"https:\/\/one-offmarbella.com\/tienda\/exteriores\/sobre-camisa\/","url":"https:\/\/one-offmarbella.com\/tienda\/exteriores\/sobre-camisa\/","name":"Sobre Camisa | One Off Marbella","isPartOf":{"@id":"https:\/\/one-offmarbella.com\/#website"},"primaryImageOfPage":{"@id":"https:\/\/one-offmarbella.com\/tienda\/exteriores\/sobre-camisa\/#primaryimage"},"image":{"@id":"https:\/\/one-offmarbella.com\/tienda\/exteriores\/sobre-camisa\/#primaryimage"},"thumbnailUrl":"https:\/\/one-offmarbella.com\/wp-content\/uploads\/2023\/12\/sobre_camisa_1000_1300.png","datePublished":"2023-09-15T17:16:49+00:00","dateModified":"2025-04-23T18:55:00+00:00","description":"Dise\u00f1ada especialmente para la temporada de oto\u00f1o\/invierno combinando elegancia y comodidad siendo una prenda sofisticada azul marino. Confeccionada a partir de Algod\u00f3n de Sarga con una cuidada artesan\u00eda representada en los botones con hilo rojo cosido a mano.","breadcrumb":{"@id":"https:\/\/one-offmarbella.com\/tienda\/exteriores\/sobre-camisa\/#breadcrumb"},"inLanguage":"en-US","potentialAction":[{"@type":"ReadAction","target":["https:\/\/one-offmarbella.com\/tienda\/exteriores\/sobre-camisa\/"]}]},{"@type":"ImageObject","inLanguage":"en-US","@id":"https:\/\/one-offmarbella.com\/tienda\/exteriores\/sobre-camisa\/#primaryimage","url":"https:\/\/one-offmarbella.com\/wp-content\/uploads\/2023\/12\/sobre_camisa_1000_1300.png","contentUrl":"https:\/\/one-offmarbella.com\/wp-content\/uploads\/2023\/12\/sobre_camisa_1000_1300.png","width":2000,"height":2600},{"@type":"BreadcrumbList","@id":"https:\/\/one-offmarbella.com\/tienda\/exteriores\/sobre-camisa\/#breadcrumb","itemListElement":[{"@type":"ListItem","position":1,"name":"Portada","item":"https:\/\/one-offmarbella.com\/"},{"@type":"ListItem","position":2,"name":"Tienda","item":"https:\/\/one-offmarbella.com\/tienda\/"},{"@type":"ListItem","position":3,"name":"Sobre Camisa"}]},{"@type":"WebSite","@id":"https:\/\/one-offmarbella.com\/#website","url":"https:\/\/one-offmarbella.com\/","name":"One - Off Marbella","description":"Bienvenido a One - Off Marbella, la \u00fanica marca que hace prendas de numeraci\u00f3n \u00fanica y limitada. Calidad, sostenibilidad y personalidad.","potentialAction":[{"@type":"SearchAction","target":{"@type":"EntryPoint","urlTemplate":"https:\/\/one-offmarbella.com\/?s={search_term_string}"},"query-input":{"@type":"PropertyValueSpecification","valueRequired":true,"valueName":"search_term_string"}}],"inLanguage":"en-US"}]}},"_links":{"self":[{"href":"https:\/\/one-offmarbella.com\/en\/wp-json\/wp\/v2\/product\/2472","targetHints":{"allow":["GET"]}}],"collection":[{"href":"https:\/\/one-offmarbella.com\/en\/wp-json\/wp\/v2\/product"}],"about":[{"href":"https:\/\/one-offmarbella.com\/en\/wp-json\/wp\/v2\/types\/product"}],"version-history":[{"count":16,"href":"https:\/\/one-offmarbella.com\/en\/wp-json\/wp\/v2\/product\/2472\/revisions"}],"predecessor-version":[{"id":9510,"href":"https:\/\/one-offmarbella.com\/en\/wp-json\/wp\/v2\/product\/2472\/revisions\/9510"}],"wp:featuredmedia":[{"embeddable":true,"href":"https:\/\/one-offmarbella.com\/en\/wp-json\/wp\/v2\/media\/4091"}],"wp:attachment":[{"href":"https:\/\/one-offmarbella.com\/en\/wp-json\/wp\/v2\/media?parent=2472"}],"wp:term":[{"taxonomy":"product_brand","embeddable":true,"href":"https:\/\/one-offmarbella.com\/en\/wp-json\/wp\/v2\/product_brand?post=2472"},{"taxonomy":"product_cat","embeddable":true,"href":"https:\/\/one-offmarbella.com\/en\/wp-json\/wp\/v2\/product_cat?post=2472"},{"taxonomy":"product_tag","embeddable":true,"href":"https:\/\/one-offmarbella.com\/en\/wp-json\/wp\/v2\/product_tag?post=2472"}],"curies":[{"name":"wp","href":"https:\/\/api.w.org\/{rel}","templated":true}]}}