{"id":1384,"date":"2023-06-29T23:26:06","date_gmt":"2023-06-29T23:26:06","guid":{"rendered":"https:\/\/one-offmarbella.com\/?post_type=product&#038;p=1384"},"modified":"2024-08-29T17:22:54","modified_gmt":"2024-08-29T17:22:54","slug":"cuarzo-morado","status":"publish","type":"product","link":"https:\/\/one-offmarbella.com\/en\/tienda\/polos\/cuarzo-morado\/","title":{"rendered":"Purple Quartz"},"content":{"rendered":"<ul>\n<li><span style=\"font-weight: 400;\">Lavender piqu\u00e9 polo. Embroidered crest on the chest and numbering on the right sleeve in a slightly darker shade.<\/span><\/li>\n<li><span style=\"font-weight: 400;\">40 units<\/span><\/li>\n<li><span style=\"font-weight: 400;\">Regular fit<\/span><\/li>\n<li><span style=\"font-weight: 400;\">100% organic cotton, 230 GSM.<\/span><\/li>\n<li><span style=\"font-weight: 400;\">Men's Model: Wearing size L, 175 cm tall, 74 kg.<\/span><\/li>\n<\/ul>","protected":false},"excerpt":{"rendered":"<p class=\"translation-block\"><span style=\"font-weight: 400\">Purple Quartz is a high-quality <a href=\"https:\/\/one-offmarbella.com\/en\/polos\/\" target=\"_self\"><strong>polo<\/strong><\/a> with piqu\u00e9 fabric, 100% ring-spun combed organic cotton, in a lavender color. The embroidered crest on the chest and numbering on the right sleeve, both in a slightly darker shade, make this garment a timeless piece. Its quality and elegance make it perfect for casual outfits, being soft and lightweight.\n<\/span><\/p>\n<hr \/>\n<p><span style=\"font-weight: 400;\">Men's Model: Wearing size L, 175 cm tall, 74 kg.<\/span><\/p>\n<p>&nbsp;<\/p>\n<p>&nbsp;<\/p>","protected":false},"featured_media":1704,"template":"","meta":[],"product_brand":[],"product_cat":[59],"product_tag":[],"class_list":{"0":"post-1384","1":"product","2":"type-product","3":"status-publish","4":"has-post-thumbnail","6":"product_cat-polos","8":"first","9":"instock","10":"shipping-taxable","11":"purchasable","12":"product-type-variable"},"yoast_head":"<!-- This site is optimized with the Yoast SEO plugin v24.3 - https:\/\/yoast.com\/wordpress\/plugins\/seo\/ -->\n<title>Cuarzo Morado Polos | One - Off Marbella<\/title>\n<meta name=\"description\" content=\"Consigue ahora tu polo cuarzo morado de One - Off Marbella. Gran calidad con tejido piqu\u00e9, 100% algod\u00f3n, en color lavanda y exclusivo. \u00a1S\u00f3lo 40 unidades!\" \/>\n<meta name=\"robots\" content=\"index, follow, max-snippet:-1, max-image-preview:large, max-video-preview:-1\" \/>\n<link rel=\"canonical\" href=\"https:\/\/one-offmarbella.com\/en\/tienda\/polos\/cuarzo-morado\/\" \/>\n<meta property=\"og:locale\" content=\"en_US\" \/>\n<meta property=\"og:type\" content=\"article\" \/>\n<meta property=\"og:title\" content=\"Cuarzo Morado Polos | One - Off Marbella\" \/>\n<meta property=\"og:description\" content=\"Consigue ahora tu polo cuarzo morado de One - Off Marbella. Gran calidad con tejido piqu\u00e9, 100% algod\u00f3n, en color lavanda y exclusivo. \u00a1S\u00f3lo 40 unidades!\" \/>\n<meta property=\"og:url\" content=\"https:\/\/one-offmarbella.com\/en\/tienda\/polos\/cuarzo-morado\/\" \/>\n<meta property=\"og:site_name\" content=\"One Off Marbella\" \/>\n<meta property=\"article:modified_time\" content=\"2024-08-29T17:22:54+00:00\" \/>\n<meta property=\"og:image\" content=\"https:\/\/one-offmarbella.com\/wp-content\/uploads\/2023\/06\/DSC_8455-scaled.jpg\" \/>\n\t<meta property=\"og:image:width\" content=\"1707\" \/>\n\t<meta property=\"og:image:height\" content=\"2560\" \/>\n\t<meta property=\"og:image:type\" content=\"image\/jpeg\" \/>\n<meta name=\"twitter:card\" content=\"summary_large_image\" \/>\n<meta name=\"twitter:label1\" content=\"Est. reading time\" \/>\n\t<meta name=\"twitter:data1\" content=\"1 minute\" \/>\n<script type=\"application\/ld+json\" class=\"yoast-schema-graph\">{\"@context\":\"https:\/\/schema.org\",\"@graph\":[{\"@type\":\"WebPage\",\"@id\":\"https:\/\/one-offmarbella.com\/tienda\/polos\/cuarzo-morado\/\",\"url\":\"https:\/\/one-offmarbella.com\/tienda\/polos\/cuarzo-morado\/\",\"name\":\"Cuarzo Morado Polos | One - Off Marbella\",\"isPartOf\":{\"@id\":\"https:\/\/one-offmarbella.com\/#website\"},\"primaryImageOfPage\":{\"@id\":\"https:\/\/one-offmarbella.com\/tienda\/polos\/cuarzo-morado\/#primaryimage\"},\"image\":{\"@id\":\"https:\/\/one-offmarbella.com\/tienda\/polos\/cuarzo-morado\/#primaryimage\"},\"thumbnailUrl\":\"https:\/\/one-offmarbella.com\/wp-content\/uploads\/2023\/06\/DSC_8455-scaled.jpg\",\"datePublished\":\"2023-06-29T23:26:06+00:00\",\"dateModified\":\"2024-08-29T17:22:54+00:00\",\"description\":\"Consigue ahora tu polo cuarzo morado de One - Off Marbella. Gran calidad con tejido piqu\u00e9, 100% algod\u00f3n, en color lavanda y exclusivo. \u00a1S\u00f3lo 40 unidades!\",\"breadcrumb\":{\"@id\":\"https:\/\/one-offmarbella.com\/tienda\/polos\/cuarzo-morado\/#breadcrumb\"},\"inLanguage\":\"en-US\",\"potentialAction\":[{\"@type\":\"ReadAction\",\"target\":[\"https:\/\/one-offmarbella.com\/tienda\/polos\/cuarzo-morado\/\"]}]},{\"@type\":\"ImageObject\",\"inLanguage\":\"en-US\",\"@id\":\"https:\/\/one-offmarbella.com\/tienda\/polos\/cuarzo-morado\/#primaryimage\",\"url\":\"https:\/\/one-offmarbella.com\/wp-content\/uploads\/2023\/06\/DSC_8455-scaled.jpg\",\"contentUrl\":\"https:\/\/one-offmarbella.com\/wp-content\/uploads\/2023\/06\/DSC_8455-scaled.jpg\",\"width\":1707,\"height\":2560},{\"@type\":\"BreadcrumbList\",\"@id\":\"https:\/\/one-offmarbella.com\/tienda\/polos\/cuarzo-morado\/#breadcrumb\",\"itemListElement\":[{\"@type\":\"ListItem\",\"position\":1,\"name\":\"Portada\",\"item\":\"https:\/\/one-offmarbella.com\/\"},{\"@type\":\"ListItem\",\"position\":2,\"name\":\"Tienda\",\"item\":\"https:\/\/one-offmarbella.com\/tienda\/\"},{\"@type\":\"ListItem\",\"position\":3,\"name\":\"Cuarzo Morado\"}]},{\"@type\":\"WebSite\",\"@id\":\"https:\/\/one-offmarbella.com\/#website\",\"url\":\"https:\/\/one-offmarbella.com\/\",\"name\":\"One - Off Marbella\",\"description\":\"Bienvenido a One - Off Marbella, la \u00fanica marca que hace prendas de numeraci\u00f3n \u00fanica y limitada. Calidad, sostenibilidad y personalidad.\",\"potentialAction\":[{\"@type\":\"SearchAction\",\"target\":{\"@type\":\"EntryPoint\",\"urlTemplate\":\"https:\/\/one-offmarbella.com\/?s={search_term_string}\"},\"query-input\":{\"@type\":\"PropertyValueSpecification\",\"valueRequired\":true,\"valueName\":\"search_term_string\"}}],\"inLanguage\":\"en-US\"}]}<\/script>\n<!-- \/ Yoast SEO plugin. -->","yoast_head_json":{"title":"Cuarzo Morado Polos | One - Off Marbella","description":"Consigue ahora tu polo cuarzo morado de One - Off Marbella. Gran calidad con tejido piqu\u00e9, 100% algod\u00f3n, en color lavanda y exclusivo. \u00a1S\u00f3lo 40 unidades!","robots":{"index":"index","follow":"follow","max-snippet":"max-snippet:-1","max-image-preview":"max-image-preview:large","max-video-preview":"max-video-preview:-1"},"canonical":"https:\/\/one-offmarbella.com\/en\/tienda\/polos\/cuarzo-morado\/","og_locale":"en_US","og_type":"article","og_title":"Cuarzo Morado Polos | One - Off Marbella","og_description":"Consigue ahora tu polo cuarzo morado de One - Off Marbella. Gran calidad con tejido piqu\u00e9, 100% algod\u00f3n, en color lavanda y exclusivo. \u00a1S\u00f3lo 40 unidades!","og_url":"https:\/\/one-offmarbella.com\/en\/tienda\/polos\/cuarzo-morado\/","og_site_name":"One Off Marbella","article_modified_time":"2024-08-29T17:22:54+00:00","og_image":[{"width":1707,"height":2560,"url":"https:\/\/one-offmarbella.com\/wp-content\/uploads\/2023\/06\/DSC_8455-scaled.jpg","type":"image\/jpeg"}],"twitter_card":"summary_large_image","twitter_misc":{"Est. reading time":"1 minute"},"schema":{"@context":"https:\/\/schema.org","@graph":[{"@type":"WebPage","@id":"https:\/\/one-offmarbella.com\/tienda\/polos\/cuarzo-morado\/","url":"https:\/\/one-offmarbella.com\/tienda\/polos\/cuarzo-morado\/","name":"Cuarzo Morado Polos | One - Off Marbella","isPartOf":{"@id":"https:\/\/one-offmarbella.com\/#website"},"primaryImageOfPage":{"@id":"https:\/\/one-offmarbella.com\/tienda\/polos\/cuarzo-morado\/#primaryimage"},"image":{"@id":"https:\/\/one-offmarbella.com\/tienda\/polos\/cuarzo-morado\/#primaryimage"},"thumbnailUrl":"https:\/\/one-offmarbella.com\/wp-content\/uploads\/2023\/06\/DSC_8455-scaled.jpg","datePublished":"2023-06-29T23:26:06+00:00","dateModified":"2024-08-29T17:22:54+00:00","description":"Consigue ahora tu polo cuarzo morado de One - Off Marbella. Gran calidad con tejido piqu\u00e9, 100% algod\u00f3n, en color lavanda y exclusivo. \u00a1S\u00f3lo 40 unidades!","breadcrumb":{"@id":"https:\/\/one-offmarbella.com\/tienda\/polos\/cuarzo-morado\/#breadcrumb"},"inLanguage":"en-US","potentialAction":[{"@type":"ReadAction","target":["https:\/\/one-offmarbella.com\/tienda\/polos\/cuarzo-morado\/"]}]},{"@type":"ImageObject","inLanguage":"en-US","@id":"https:\/\/one-offmarbella.com\/tienda\/polos\/cuarzo-morado\/#primaryimage","url":"https:\/\/one-offmarbella.com\/wp-content\/uploads\/2023\/06\/DSC_8455-scaled.jpg","contentUrl":"https:\/\/one-offmarbella.com\/wp-content\/uploads\/2023\/06\/DSC_8455-scaled.jpg","width":1707,"height":2560},{"@type":"BreadcrumbList","@id":"https:\/\/one-offmarbella.com\/tienda\/polos\/cuarzo-morado\/#breadcrumb","itemListElement":[{"@type":"ListItem","position":1,"name":"Portada","item":"https:\/\/one-offmarbella.com\/"},{"@type":"ListItem","position":2,"name":"Tienda","item":"https:\/\/one-offmarbella.com\/tienda\/"},{"@type":"ListItem","position":3,"name":"Cuarzo Morado"}]},{"@type":"WebSite","@id":"https:\/\/one-offmarbella.com\/#website","url":"https:\/\/one-offmarbella.com\/","name":"One - Off Marbella","description":"Bienvenido a One - Off Marbella, la \u00fanica marca que hace prendas de numeraci\u00f3n \u00fanica y limitada. Calidad, sostenibilidad y personalidad.","potentialAction":[{"@type":"SearchAction","target":{"@type":"EntryPoint","urlTemplate":"https:\/\/one-offmarbella.com\/?s={search_term_string}"},"query-input":{"@type":"PropertyValueSpecification","valueRequired":true,"valueName":"search_term_string"}}],"inLanguage":"en-US"}]}},"_links":{"self":[{"href":"https:\/\/one-offmarbella.com\/en\/wp-json\/wp\/v2\/product\/1384","targetHints":{"allow":["GET"]}}],"collection":[{"href":"https:\/\/one-offmarbella.com\/en\/wp-json\/wp\/v2\/product"}],"about":[{"href":"https:\/\/one-offmarbella.com\/en\/wp-json\/wp\/v2\/types\/product"}],"version-history":[{"count":7,"href":"https:\/\/one-offmarbella.com\/en\/wp-json\/wp\/v2\/product\/1384\/revisions"}],"predecessor-version":[{"id":4441,"href":"https:\/\/one-offmarbella.com\/en\/wp-json\/wp\/v2\/product\/1384\/revisions\/4441"}],"wp:featuredmedia":[{"embeddable":true,"href":"https:\/\/one-offmarbella.com\/en\/wp-json\/wp\/v2\/media\/1704"}],"wp:attachment":[{"href":"https:\/\/one-offmarbella.com\/en\/wp-json\/wp\/v2\/media?parent=1384"}],"wp:term":[{"taxonomy":"product_brand","embeddable":true,"href":"https:\/\/one-offmarbella.com\/en\/wp-json\/wp\/v2\/product_brand?post=1384"},{"taxonomy":"product_cat","embeddable":true,"href":"https:\/\/one-offmarbella.com\/en\/wp-json\/wp\/v2\/product_cat?post=1384"},{"taxonomy":"product_tag","embeddable":true,"href":"https:\/\/one-offmarbella.com\/en\/wp-json\/wp\/v2\/product_tag?post=1384"}],"curies":[{"name":"wp","href":"https:\/\/api.w.org\/{rel}","templated":true}]}}