{"id":1370,"date":"2023-06-29T23:11:06","date_gmt":"2023-06-29T23:11:06","guid":{"rendered":"https:\/\/one-offmarbella.com\/?post_type=product&#038;p=1370"},"modified":"2024-11-22T18:23:22","modified_gmt":"2024-11-22T18:23:22","slug":"oneoffclub","status":"publish","type":"product","link":"https:\/\/one-offmarbella.com\/en\/tienda\/camisas\/oneoffclub\/","title":{"rendered":"One &#8211; Off Club"},"content":{"rendered":"<ul>\n<li><span style=\"font-weight: 400;\">Linen shirt in its natural color, not subjected to dye. Navy blue embroidery on the left chest.<\/span><\/li>\n<li><span style=\"font-weight: 400;\">20 units<\/span><\/li>\n<li><span style=\"font-weight: 400;\">Loose fit<\/span><\/li>\n<li><span style=\"font-weight: 400;\">100% Linen<\/span><\/li>\n<li><span style=\"font-weight: 400;\">Men's Model: Wearing size L, 175 cm tall, 74 kg.<\/span><\/li>\n<\/ul>","protected":false},"excerpt":{"rendered":"<p><span style=\"font-weight: 400;\">One \u2013 Off Club is a linen <a href=\"https:\/\/one-offmarbella.com\/en\/camisas\/\"><strong>shirt<\/strong><\/a> in its natural color without undergoing dyes. The navy blue embroidery on the chest and numbering at the bottom of the crest are the identity of this garment. This fabric offers durability, lightness, and breathability, perfect for sunny summer days. Simplicity, elegance, and confidence define the personality of One \u2013 Off Club.<\/span><\/p>\n<p><span style=\"font-weight: 400;\">Men's Model: Wearing size L, 175 cm tall, 74 kg.<\/span><\/p>\n<p>&nbsp;<\/p>","protected":false},"featured_media":9047,"template":"","meta":[],"product_brand":[],"product_cat":[58],"product_tag":[],"class_list":{"0":"post-1370","1":"product","2":"type-product","3":"status-publish","4":"has-post-thumbnail","6":"product_cat-camisas","8":"first","9":"instock","10":"shipping-taxable","11":"purchasable","12":"product-type-variable"},"yoast_head":"<!-- This site is optimized with the Yoast SEO plugin v24.3 - https:\/\/yoast.com\/wordpress\/plugins\/seo\/ -->\n<title>One - Off Club Camisas | One - Off Marbella<\/title>\n<meta name=\"description\" content=\"Consigue la edici\u00f3n limitada de One - Off Club de One - Off Marbella. Camisa de lino con su color natural sin haberse sometido a tintes. \u00a1S\u00f3lo 20 unidades!\" \/>\n<meta name=\"robots\" content=\"index, follow, max-snippet:-1, max-image-preview:large, max-video-preview:-1\" \/>\n<link rel=\"canonical\" href=\"https:\/\/one-offmarbella.com\/en\/tienda\/camisas\/oneoffclub\/\" \/>\n<meta property=\"og:locale\" content=\"en_US\" \/>\n<meta property=\"og:type\" content=\"article\" \/>\n<meta property=\"og:title\" content=\"One - Off Club Camisas | One - Off Marbella\" \/>\n<meta property=\"og:description\" content=\"Consigue la edici\u00f3n limitada de One - Off Club de One - Off Marbella. Camisa de lino con su color natural sin haberse sometido a tintes. \u00a1S\u00f3lo 20 unidades!\" \/>\n<meta property=\"og:url\" content=\"https:\/\/one-offmarbella.com\/en\/tienda\/camisas\/oneoffclub\/\" \/>\n<meta property=\"og:site_name\" content=\"One Off Marbella\" \/>\n<meta property=\"article:modified_time\" content=\"2024-11-22T18:23:22+00:00\" \/>\n<meta property=\"og:image\" content=\"https:\/\/one-offmarbella.com\/wp-content\/uploads\/2024\/07\/ONE-OFF-CLUB.png\" \/>\n\t<meta property=\"og:image:width\" content=\"4000\" \/>\n\t<meta property=\"og:image:height\" content=\"6000\" \/>\n\t<meta property=\"og:image:type\" content=\"image\/png\" \/>\n<meta name=\"twitter:card\" content=\"summary_large_image\" \/>\n<meta name=\"twitter:label1\" content=\"Est. reading time\" \/>\n\t<meta name=\"twitter:data1\" content=\"1 minute\" \/>\n<script type=\"application\/ld+json\" class=\"yoast-schema-graph\">{\"@context\":\"https:\/\/schema.org\",\"@graph\":[{\"@type\":\"WebPage\",\"@id\":\"https:\/\/one-offmarbella.com\/tienda\/camisas\/oneoffclub\/\",\"url\":\"https:\/\/one-offmarbella.com\/tienda\/camisas\/oneoffclub\/\",\"name\":\"One - Off Club Camisas | One - Off Marbella\",\"isPartOf\":{\"@id\":\"https:\/\/one-offmarbella.com\/#website\"},\"primaryImageOfPage\":{\"@id\":\"https:\/\/one-offmarbella.com\/tienda\/camisas\/oneoffclub\/#primaryimage\"},\"image\":{\"@id\":\"https:\/\/one-offmarbella.com\/tienda\/camisas\/oneoffclub\/#primaryimage\"},\"thumbnailUrl\":\"https:\/\/one-offmarbella.com\/wp-content\/uploads\/2024\/07\/ONE-OFF-CLUB.png\",\"datePublished\":\"2023-06-29T23:11:06+00:00\",\"dateModified\":\"2024-11-22T18:23:22+00:00\",\"description\":\"Consigue la edici\u00f3n limitada de One - Off Club de One - Off Marbella. Camisa de lino con su color natural sin haberse sometido a tintes. \u00a1S\u00f3lo 20 unidades!\",\"breadcrumb\":{\"@id\":\"https:\/\/one-offmarbella.com\/tienda\/camisas\/oneoffclub\/#breadcrumb\"},\"inLanguage\":\"en-US\",\"potentialAction\":[{\"@type\":\"ReadAction\",\"target\":[\"https:\/\/one-offmarbella.com\/tienda\/camisas\/oneoffclub\/\"]}]},{\"@type\":\"ImageObject\",\"inLanguage\":\"en-US\",\"@id\":\"https:\/\/one-offmarbella.com\/tienda\/camisas\/oneoffclub\/#primaryimage\",\"url\":\"https:\/\/one-offmarbella.com\/wp-content\/uploads\/2024\/07\/ONE-OFF-CLUB.png\",\"contentUrl\":\"https:\/\/one-offmarbella.com\/wp-content\/uploads\/2024\/07\/ONE-OFF-CLUB.png\",\"width\":4000,\"height\":6000},{\"@type\":\"BreadcrumbList\",\"@id\":\"https:\/\/one-offmarbella.com\/tienda\/camisas\/oneoffclub\/#breadcrumb\",\"itemListElement\":[{\"@type\":\"ListItem\",\"position\":1,\"name\":\"Portada\",\"item\":\"https:\/\/one-offmarbella.com\/\"},{\"@type\":\"ListItem\",\"position\":2,\"name\":\"Tienda\",\"item\":\"https:\/\/one-offmarbella.com\/tienda\/\"},{\"@type\":\"ListItem\",\"position\":3,\"name\":\"One &#8211; Off Club\"}]},{\"@type\":\"WebSite\",\"@id\":\"https:\/\/one-offmarbella.com\/#website\",\"url\":\"https:\/\/one-offmarbella.com\/\",\"name\":\"One - Off Marbella\",\"description\":\"Bienvenido a One - Off Marbella, la \u00fanica marca que hace prendas de numeraci\u00f3n \u00fanica y limitada. Calidad, sostenibilidad y personalidad.\",\"potentialAction\":[{\"@type\":\"SearchAction\",\"target\":{\"@type\":\"EntryPoint\",\"urlTemplate\":\"https:\/\/one-offmarbella.com\/?s={search_term_string}\"},\"query-input\":{\"@type\":\"PropertyValueSpecification\",\"valueRequired\":true,\"valueName\":\"search_term_string\"}}],\"inLanguage\":\"en-US\"}]}<\/script>\n<!-- \/ Yoast SEO plugin. -->","yoast_head_json":{"title":"One - Off Club Camisas | One - Off Marbella","description":"Consigue la edici\u00f3n limitada de One - Off Club de One - Off Marbella. Camisa de lino con su color natural sin haberse sometido a tintes. \u00a1S\u00f3lo 20 unidades!","robots":{"index":"index","follow":"follow","max-snippet":"max-snippet:-1","max-image-preview":"max-image-preview:large","max-video-preview":"max-video-preview:-1"},"canonical":"https:\/\/one-offmarbella.com\/en\/tienda\/camisas\/oneoffclub\/","og_locale":"en_US","og_type":"article","og_title":"One - Off Club Camisas | One - Off Marbella","og_description":"Consigue la edici\u00f3n limitada de One - Off Club de One - Off Marbella. Camisa de lino con su color natural sin haberse sometido a tintes. \u00a1S\u00f3lo 20 unidades!","og_url":"https:\/\/one-offmarbella.com\/en\/tienda\/camisas\/oneoffclub\/","og_site_name":"One Off Marbella","article_modified_time":"2024-11-22T18:23:22+00:00","og_image":[{"width":4000,"height":6000,"url":"https:\/\/one-offmarbella.com\/wp-content\/uploads\/2024\/07\/ONE-OFF-CLUB.png","type":"image\/png"}],"twitter_card":"summary_large_image","twitter_misc":{"Est. reading time":"1 minute"},"schema":{"@context":"https:\/\/schema.org","@graph":[{"@type":"WebPage","@id":"https:\/\/one-offmarbella.com\/tienda\/camisas\/oneoffclub\/","url":"https:\/\/one-offmarbella.com\/tienda\/camisas\/oneoffclub\/","name":"One - Off Club Camisas | One - Off Marbella","isPartOf":{"@id":"https:\/\/one-offmarbella.com\/#website"},"primaryImageOfPage":{"@id":"https:\/\/one-offmarbella.com\/tienda\/camisas\/oneoffclub\/#primaryimage"},"image":{"@id":"https:\/\/one-offmarbella.com\/tienda\/camisas\/oneoffclub\/#primaryimage"},"thumbnailUrl":"https:\/\/one-offmarbella.com\/wp-content\/uploads\/2024\/07\/ONE-OFF-CLUB.png","datePublished":"2023-06-29T23:11:06+00:00","dateModified":"2024-11-22T18:23:22+00:00","description":"Consigue la edici\u00f3n limitada de One - Off Club de One - Off Marbella. Camisa de lino con su color natural sin haberse sometido a tintes. \u00a1S\u00f3lo 20 unidades!","breadcrumb":{"@id":"https:\/\/one-offmarbella.com\/tienda\/camisas\/oneoffclub\/#breadcrumb"},"inLanguage":"en-US","potentialAction":[{"@type":"ReadAction","target":["https:\/\/one-offmarbella.com\/tienda\/camisas\/oneoffclub\/"]}]},{"@type":"ImageObject","inLanguage":"en-US","@id":"https:\/\/one-offmarbella.com\/tienda\/camisas\/oneoffclub\/#primaryimage","url":"https:\/\/one-offmarbella.com\/wp-content\/uploads\/2024\/07\/ONE-OFF-CLUB.png","contentUrl":"https:\/\/one-offmarbella.com\/wp-content\/uploads\/2024\/07\/ONE-OFF-CLUB.png","width":4000,"height":6000},{"@type":"BreadcrumbList","@id":"https:\/\/one-offmarbella.com\/tienda\/camisas\/oneoffclub\/#breadcrumb","itemListElement":[{"@type":"ListItem","position":1,"name":"Portada","item":"https:\/\/one-offmarbella.com\/"},{"@type":"ListItem","position":2,"name":"Tienda","item":"https:\/\/one-offmarbella.com\/tienda\/"},{"@type":"ListItem","position":3,"name":"One &#8211; Off Club"}]},{"@type":"WebSite","@id":"https:\/\/one-offmarbella.com\/#website","url":"https:\/\/one-offmarbella.com\/","name":"One - Off Marbella","description":"Bienvenido a One - Off Marbella, la \u00fanica marca que hace prendas de numeraci\u00f3n \u00fanica y limitada. Calidad, sostenibilidad y personalidad.","potentialAction":[{"@type":"SearchAction","target":{"@type":"EntryPoint","urlTemplate":"https:\/\/one-offmarbella.com\/?s={search_term_string}"},"query-input":{"@type":"PropertyValueSpecification","valueRequired":true,"valueName":"search_term_string"}}],"inLanguage":"en-US"}]}},"_links":{"self":[{"href":"https:\/\/one-offmarbella.com\/en\/wp-json\/wp\/v2\/product\/1370","targetHints":{"allow":["GET"]}}],"collection":[{"href":"https:\/\/one-offmarbella.com\/en\/wp-json\/wp\/v2\/product"}],"about":[{"href":"https:\/\/one-offmarbella.com\/en\/wp-json\/wp\/v2\/types\/product"}],"version-history":[{"count":5,"href":"https:\/\/one-offmarbella.com\/en\/wp-json\/wp\/v2\/product\/1370\/revisions"}],"predecessor-version":[{"id":3635,"href":"https:\/\/one-offmarbella.com\/en\/wp-json\/wp\/v2\/product\/1370\/revisions\/3635"}],"wp:featuredmedia":[{"embeddable":true,"href":"https:\/\/one-offmarbella.com\/en\/wp-json\/wp\/v2\/media\/9047"}],"wp:attachment":[{"href":"https:\/\/one-offmarbella.com\/en\/wp-json\/wp\/v2\/media?parent=1370"}],"wp:term":[{"taxonomy":"product_brand","embeddable":true,"href":"https:\/\/one-offmarbella.com\/en\/wp-json\/wp\/v2\/product_brand?post=1370"},{"taxonomy":"product_cat","embeddable":true,"href":"https:\/\/one-offmarbella.com\/en\/wp-json\/wp\/v2\/product_cat?post=1370"},{"taxonomy":"product_tag","embeddable":true,"href":"https:\/\/one-offmarbella.com\/en\/wp-json\/wp\/v2\/product_tag?post=1370"}],"curies":[{"name":"wp","href":"https:\/\/api.w.org\/{rel}","templated":true}]}}