{"id":9,"date":"2023-04-27T09:09:00","date_gmt":"2023-04-27T09:09:00","guid":{"rendered":"https:\/\/one-offmarbella.com\/mi-cuenta\/"},"modified":"2023-05-16T18:49:30","modified_gmt":"2023-05-16T18:49:30","slug":"cuenta","status":"publish","type":"page","link":"https:\/\/one-offmarbella.com\/en\/cuenta\/","title":{"rendered":"Mi cuenta"},"content":{"rendered":"<div class=\"woocommerce\"><\/div>","protected":false},"excerpt":{"rendered":"","protected":false},"author":1,"featured_media":0,"parent":0,"menu_order":0,"comment_status":"closed","ping_status":"closed","template":"","meta":{"footnotes":""},"class_list":["post-9","page","type-page","status-publish","hentry"],"post-meta":{"_edit_lock":["1701981240:1"],"_last_editor_used_jetpack":["block-editor"],"_edit_last":["1"],"site-container":["default"],"site-header-transparent":["default"],"site-page-header":["default"],"site-sidebar":["default"],"_yoast_wpseo_focuskw":["mi cuenta"],"_yoast_wpseo_title":["Mi cuenta | One - Off Marbella"],"_yoast_wpseo_metadesc":["\u00a1Accede ahora a la secci\u00f3n \"mi cuenta\" de One - Off Marbella! Al registrarte, obtendr\u00e1s las fechas de nuevos lanzamientos antes que nadie."],"_yoast_wpseo_linkdex":["41"],"_yoast_wpseo_estimated-reading-time-minutes":["1"],"_yoast_wpseo_meta-robots-noindex":["1"],"_yoast_wpseo_meta-robots-nofollow":["1"],"_yoast_wpseo_wordproof_timestamp":[""],"_elementor_page_assets":["a:0:{}"]},"yoast_head":"<!-- This site is optimized with the Yoast SEO plugin v24.3 - https:\/\/yoast.com\/wordpress\/plugins\/seo\/ -->\n<title>Mi cuenta | One - Off Marbella<\/title>\n<meta name=\"description\" content=\"\u00a1Accede ahora a la secci\u00f3n &quot;mi cuenta&quot; de One - Off Marbella! Al registrarte, obtendr\u00e1s las fechas de nuevos lanzamientos antes que nadie.\" \/>\n<meta name=\"robots\" content=\"noindex, nofollow\" \/>\n<meta property=\"og:locale\" content=\"en_US\" \/>\n<meta property=\"og:type\" content=\"article\" \/>\n<meta property=\"og:title\" content=\"Mi cuenta | One - Off Marbella\" \/>\n<meta property=\"og:description\" content=\"\u00a1Accede ahora a la secci\u00f3n &quot;mi cuenta&quot; de One - Off Marbella! Al registrarte, obtendr\u00e1s las fechas de nuevos lanzamientos antes que nadie.\" \/>\n<meta property=\"og:url\" content=\"https:\/\/one-offmarbella.com\/en\/cuenta\/\" \/>\n<meta property=\"og:site_name\" content=\"One Off Marbella\" \/>\n<meta property=\"article:modified_time\" content=\"2023-05-16T18:49:30+00:00\" \/>\n<meta property=\"og:image\" content=\"https:\/\/one-offmarbella.com\/wp-content\/uploads\/2023\/05\/logotipo-blanco-oneoffmarbella.png\" \/>\n\t<meta property=\"og:image:width\" content=\"2483\" \/>\n\t<meta property=\"og:image:height\" content=\"3510\" \/>\n\t<meta property=\"og:image:type\" content=\"image\/png\" \/>\n<meta name=\"twitter:card\" content=\"summary_large_image\" \/>\n<meta name=\"twitter:label1\" content=\"Est. reading time\" \/>\n\t<meta name=\"twitter:data1\" content=\"1 minute\" \/>\n<script type=\"application\/ld+json\" class=\"yoast-schema-graph\">{\"@context\":\"https:\/\/schema.org\",\"@graph\":[{\"@type\":\"WebPage\",\"@id\":\"https:\/\/one-offmarbella.com\/cuenta\/\",\"url\":\"https:\/\/one-offmarbella.com\/cuenta\/\",\"name\":\"Mi cuenta | One - Off Marbella\",\"isPartOf\":{\"@id\":\"https:\/\/one-offmarbella.com\/#website\"},\"datePublished\":\"2023-04-27T09:09:00+00:00\",\"dateModified\":\"2023-05-16T18:49:30+00:00\",\"description\":\"\u00a1Accede ahora a la secci\u00f3n \\\"mi cuenta\\\" de One - Off Marbella! Al registrarte, obtendr\u00e1s las fechas de nuevos lanzamientos antes que nadie.\",\"breadcrumb\":{\"@id\":\"https:\/\/one-offmarbella.com\/cuenta\/#breadcrumb\"},\"inLanguage\":\"en-US\",\"potentialAction\":[{\"@type\":\"ReadAction\",\"target\":[\"https:\/\/one-offmarbella.com\/cuenta\/\"]}]},{\"@type\":\"BreadcrumbList\",\"@id\":\"https:\/\/one-offmarbella.com\/cuenta\/#breadcrumb\",\"itemListElement\":[{\"@type\":\"ListItem\",\"position\":1,\"name\":\"Portada\",\"item\":\"https:\/\/one-offmarbella.com\/\"},{\"@type\":\"ListItem\",\"position\":2,\"name\":\"Mi cuenta\"}]},{\"@type\":\"WebSite\",\"@id\":\"https:\/\/one-offmarbella.com\/#website\",\"url\":\"https:\/\/one-offmarbella.com\/\",\"name\":\"One - Off Marbella\",\"description\":\"Bienvenido a One - Off Marbella, la \u00fanica marca que hace prendas de numeraci\u00f3n \u00fanica y limitada. Calidad, sostenibilidad y personalidad.\",\"potentialAction\":[{\"@type\":\"SearchAction\",\"target\":{\"@type\":\"EntryPoint\",\"urlTemplate\":\"https:\/\/one-offmarbella.com\/?s={search_term_string}\"},\"query-input\":{\"@type\":\"PropertyValueSpecification\",\"valueRequired\":true,\"valueName\":\"search_term_string\"}}],\"inLanguage\":\"en-US\"}]}<\/script>\n<!-- \/ Yoast SEO plugin. -->","yoast_head_json":{"title":"Mi cuenta | One - Off Marbella","description":"\u00a1Accede ahora a la secci\u00f3n \"mi cuenta\" de One - Off Marbella! Al registrarte, obtendr\u00e1s las fechas de nuevos lanzamientos antes que nadie.","robots":{"index":"noindex","follow":"nofollow"},"og_locale":"en_US","og_type":"article","og_title":"Mi cuenta | One - Off Marbella","og_description":"\u00a1Accede ahora a la secci\u00f3n \"mi cuenta\" de One - Off Marbella! Al registrarte, obtendr\u00e1s las fechas de nuevos lanzamientos antes que nadie.","og_url":"https:\/\/one-offmarbella.com\/en\/cuenta\/","og_site_name":"One Off Marbella","article_modified_time":"2023-05-16T18:49:30+00:00","og_image":[{"width":2483,"height":3510,"url":"https:\/\/one-offmarbella.com\/wp-content\/uploads\/2023\/05\/logotipo-blanco-oneoffmarbella.png","type":"image\/png"}],"twitter_card":"summary_large_image","twitter_misc":{"Est. reading time":"1 minute"},"schema":{"@context":"https:\/\/schema.org","@graph":[{"@type":"WebPage","@id":"https:\/\/one-offmarbella.com\/cuenta\/","url":"https:\/\/one-offmarbella.com\/cuenta\/","name":"Mi cuenta | One - Off Marbella","isPartOf":{"@id":"https:\/\/one-offmarbella.com\/#website"},"datePublished":"2023-04-27T09:09:00+00:00","dateModified":"2023-05-16T18:49:30+00:00","description":"\u00a1Accede ahora a la secci\u00f3n \"mi cuenta\" de One - Off Marbella! Al registrarte, obtendr\u00e1s las fechas de nuevos lanzamientos antes que nadie.","breadcrumb":{"@id":"https:\/\/one-offmarbella.com\/cuenta\/#breadcrumb"},"inLanguage":"en-US","potentialAction":[{"@type":"ReadAction","target":["https:\/\/one-offmarbella.com\/cuenta\/"]}]},{"@type":"BreadcrumbList","@id":"https:\/\/one-offmarbella.com\/cuenta\/#breadcrumb","itemListElement":[{"@type":"ListItem","position":1,"name":"Portada","item":"https:\/\/one-offmarbella.com\/"},{"@type":"ListItem","position":2,"name":"Mi cuenta"}]},{"@type":"WebSite","@id":"https:\/\/one-offmarbella.com\/#website","url":"https:\/\/one-offmarbella.com\/","name":"One - Off Marbella","description":"Bienvenido a One - Off Marbella, la \u00fanica marca que hace prendas de numeraci\u00f3n \u00fanica y limitada. Calidad, sostenibilidad y personalidad.","potentialAction":[{"@type":"SearchAction","target":{"@type":"EntryPoint","urlTemplate":"https:\/\/one-offmarbella.com\/?s={search_term_string}"},"query-input":{"@type":"PropertyValueSpecification","valueRequired":true,"valueName":"search_term_string"}}],"inLanguage":"en-US"}]}},"_links":{"self":[{"href":"https:\/\/one-offmarbella.com\/en\/wp-json\/wp\/v2\/pages\/9","targetHints":{"allow":["GET"]}}],"collection":[{"href":"https:\/\/one-offmarbella.com\/en\/wp-json\/wp\/v2\/pages"}],"about":[{"href":"https:\/\/one-offmarbella.com\/en\/wp-json\/wp\/v2\/types\/page"}],"author":[{"embeddable":true,"href":"https:\/\/one-offmarbella.com\/en\/wp-json\/wp\/v2\/users\/1"}],"replies":[{"embeddable":true,"href":"https:\/\/one-offmarbella.com\/en\/wp-json\/wp\/v2\/comments?post=9"}],"version-history":[{"count":1,"href":"https:\/\/one-offmarbella.com\/en\/wp-json\/wp\/v2\/pages\/9\/revisions"}],"predecessor-version":[{"id":855,"href":"https:\/\/one-offmarbella.com\/en\/wp-json\/wp\/v2\/pages\/9\/revisions\/855"}],"wp:attachment":[{"href":"https:\/\/one-offmarbella.com\/en\/wp-json\/wp\/v2\/media?parent=9"}],"curies":[{"name":"wp","href":"https:\/\/api.w.org\/{rel}","templated":true}]}}