{"id":769,"date":"2023-05-15T22:36:01","date_gmt":"2023-05-15T22:36:01","guid":{"rendered":"https:\/\/one-offmarbella.com\/?page_id=769"},"modified":"2023-10-08T10:27:14","modified_gmt":"2023-10-08T10:27:14","slug":"politica-devolucion","status":"publish","type":"page","link":"https:\/\/one-offmarbella.com\/en\/politica-devolucion\/","title":{"rendered":"Return Policy"},"content":{"rendered":"<div data-elementor-type=\"wp-page\" data-elementor-id=\"769\" class=\"elementor elementor-769\" data-elementor-post-type=\"page\">\n\t\t\t\t\t\t<section class=\"elementor-section elementor-top-section elementor-element elementor-element-7021e63 elementor-section-boxed elementor-section-height-default elementor-section-height-default\" data-id=\"7021e63\" data-element_type=\"section\">\n\t\t\t\t\t\t<div class=\"elementor-container elementor-column-gap-default\">\n\t\t\t\t\t<div class=\"elementor-column elementor-col-100 elementor-top-column elementor-element elementor-element-cfc1088\" data-id=\"cfc1088\" data-element_type=\"column\">\n\t\t\t<div class=\"elementor-widget-wrap elementor-element-populated\">\n\t\t\t\t\t\t<div class=\"elementor-element elementor-element-17770ae elementor-absolute elementor-widget elementor-widget-image\" data-id=\"17770ae\" data-element_type=\"widget\" data-settings=\"{&quot;_position&quot;:&quot;absolute&quot;}\" data-widget_type=\"image.default\">\n\t\t\t\t<div class=\"elementor-widget-container\">\n\t\t\t\t\t\t\t\t\t\t\t\t\t\t\t<img fetchpriority=\"high\" decoding=\"async\" width=\"1024\" height=\"205\" src=\"https:\/\/one-offmarbella.com\/wp-content\/uploads\/2023\/06\/politica_dev-1.jpg\" class=\"attachment-large size-large wp-image-1169\" alt=\"\" srcset=\"https:\/\/one-offmarbella.com\/wp-content\/uploads\/2023\/06\/politica_dev-1.jpg 2000w, https:\/\/one-offmarbella.com\/wp-content\/uploads\/2023\/06\/politica_dev-1-1920x384.jpg 1920w\" sizes=\"(max-width: 1024px) 100vw, 1024px\" \/>\t\t\t\t\t\t\t\t\t\t\t\t\t\t\t<\/div>\n\t\t\t\t<\/div>\n\t\t\t\t<div class=\"elementor-element elementor-element-ce99b95 elementor-widget elementor-widget-text-editor\" data-id=\"ce99b95\" data-element_type=\"widget\" data-widget_type=\"text-editor.default\">\n\t\t\t\t<div class=\"elementor-widget-container\">\n\t\t\t\t\t\t\t\t\t<h2>\u00a0<\/h2><h2>\u00a0<\/h2><p><span style=\"font-weight: 400;\">We strive to provide you with the best shopping experience possible by offering unique and exclusive products tailored just for you. Each numbered product is carefully designed and crafted with attention to detail, ensuring it meets your expectations and specific requirements.<\/span><\/p><p>At One \u2013 Off, we believe that trust is a fundamental element in building relationships. Therefore, we accept returns within the first 14 days after delivery. To initiate a return, simply contact our customer service, and we will work with you to handle the situation.<\/p><p><span style=\"font-weight: 400;\">We take the quality and care in the manufacturing of each numbered product very seriously, and we make every effort to ensure they meet the highest standards. If you have any questions or concerns about your order, feel free to contact us; our customer service team will be happy to assist you.<\/span><\/p><p><span style=\"font-weight: 400;\">We appreciate your trust in our products and services, and we look forward to providing you with the best shopping experience possible.<\/span><\/p>\t\t\t\t\t\t\t\t<\/div>\n\t\t\t\t<\/div>\n\t\t\t\t<div class=\"elementor-element elementor-element-c5b9823 elementor-absolute elementor-widget-mobile__width-initial elementor-widget elementor-widget-text-editor\" data-id=\"c5b9823\" data-element_type=\"widget\" data-settings=\"{&quot;_position&quot;:&quot;absolute&quot;}\" data-widget_type=\"text-editor.default\">\n\t\t\t\t<div class=\"elementor-widget-container\">\n\t\t\t\t\t\t\t\t\t<p>Return Policy<\/p>\t\t\t\t\t\t\t\t<\/div>\n\t\t\t\t<\/div>\n\t\t\t\t\t<\/div>\n\t\t<\/div>\n\t\t\t\t\t<\/div>\n\t\t<\/section>\n\t\t\t\t<\/div>","protected":false},"excerpt":{"rendered":"<p>Nos esforzamos por brindarle la mejor experiencia de compra posible, ofreci\u00e9ndole productos \u00fanicos y exclusivos para usted. Cada producto numerado&#8230;<\/p>","protected":false},"author":1,"featured_media":0,"parent":0,"menu_order":0,"comment_status":"closed","ping_status":"closed","template":"","meta":{"footnotes":""},"class_list":["post-769","page","type-page","status-publish","hentry"],"post-meta":{"_edit_lock":["1696965754:1"],"_last_editor_used_jetpack":["block-editor"],"_elementor_edit_mode":["builder"],"_elementor_template_type":["wp-page"],"_elementor_version":["3.16.4"],"_wp_page_template":["default"],"_elementor_data":["[{\"id\":\"7021e63\",\"elType\":\"section\",\"settings\":[],\"elements\":[{\"id\":\"cfc1088\",\"elType\":\"column\",\"settings\":{\"_column_size\":100,\"_inline_size\":null},\"elements\":[{\"id\":\"17770ae\",\"elType\":\"widget\",\"settings\":{\"image\":{\"url\":\"https:\\\/\\\/one-offmarbella.com\\\/wp-content\\\/uploads\\\/2023\\\/06\\\/politica_dev-1.jpg\",\"id\":1169,\"size\":\"\",\"alt\":\"\",\"source\":\"library\"},\"width\":{\"unit\":\"%\",\"size\":100,\"sizes\":[]},\"space\":{\"unit\":\"%\",\"size\":100,\"sizes\":[]},\"_margin\":{\"unit\":\"px\",\"top\":\"-190\",\"right\":\"-190\",\"bottom\":\"-190\",\"left\":\"-190\",\"isLinked\":true},\"_position\":\"absolute\",\"_offset_x\":{\"unit\":\"px\",\"size\":0,\"sizes\":[]},\"_offset_y\":{\"unit\":\"px\",\"size\":150,\"sizes\":[]},\"_offset_x_mobile\":{\"size\":7,\"unit\":\"px\"},\"_offset_y_mobile\":{\"size\":207,\"unit\":\"px\"}},\"elements\":[],\"widgetType\":\"image\"},{\"id\":\"ce99b95\",\"elType\":\"widget\",\"settings\":{\"editor\":\"<h2>\\u00a0<\\\/h2><h2>\\u00a0<\\\/h2><p><span style=\\\"font-weight: 400;\\\">Nos esforzamos por brindarle la mejor experiencia de compra posible, ofreci\\u00e9ndole productos \\u00fanicos y exclusivos para usted. Cada producto numerado es cuidadosamente dise\\u00f1ado y fabricado con detalle, asegur\\u00e1ndonos de que cumpla con sus expectativas y requisitos espec\\u00edficos.<\\\/span><\\\/p><p>En One - Off consideramos que la confianza es un elemento base para establecer las relaciones, de este modo, aceptamos devoluciones los primeros 14 d\\u00edas despu\\u00e9s de la entrega. Para poder efectuar la devoluci\\u00f3n solo debe contactar a nuestro servicio t\\u00e9cnico y gestionaremos con usted la situaci\\u00f3n.<\\\/p><p><span style=\\\"font-weight: 400;\\\">Nos tomamos muy en serio la calidad y el cuidado en la fabricaci\\u00f3n de cada producto numerado y nos esforzamos por garantizar que cumplan con los m\\u00e1s altos est\\u00e1ndares. Si tiene alguna pregunta o inquietud sobre su pedido, no dude en contactarnos, nuestro equipo de atenci\\u00f3n al cliente estar\\u00e1 feliz de ayudarle.<\\\/span><\\\/p><p><span style=\\\"font-weight: 400;\\\">Agradecemos su confianza en nuestros productos y servicios, y esperamos poder ofrecerle la mejor experiencia de compra posible.<\\\/span><\\\/p>\",\"_padding\":{\"unit\":\"px\",\"top\":\"120\",\"right\":\"0\",\"bottom\":\"0\",\"left\":\"0\",\"isLinked\":false},\"typography_typography\":\"custom\",\"typography_font_family\":\"EB Garamond\",\"typography_font_size\":{\"unit\":\"px\",\"size\":18,\"sizes\":[]},\"typography_font_weight\":\"400\",\"_padding_tablet\":{\"unit\":\"px\",\"top\":\"30\",\"right\":\"0\",\"bottom\":\"0\",\"left\":\"0\",\"isLinked\":false},\"_padding_mobile\":{\"unit\":\"px\",\"top\":\"0\",\"right\":\"0\",\"bottom\":\"0\",\"left\":\"0\",\"isLinked\":true}},\"elements\":[],\"widgetType\":\"text-editor\"},{\"id\":\"c5b9823\",\"elType\":\"widget\",\"settings\":{\"editor\":\"<p>Pol\\u00edtica de Devoluci\\u00f3n<\\\/p>\",\"align\":\"center\",\"text_color\":\"#FFFFFF\",\"typography_typography\":\"custom\",\"typography_font_family\":\"EB Garamond\",\"typography_font_size\":{\"unit\":\"px\",\"size\":40,\"sizes\":[]},\"typography_font_weight\":\"500\",\"typography_line_height\":{\"unit\":\"px\",\"size\":58,\"sizes\":[]},\"_position\":\"absolute\",\"_offset_y\":{\"unit\":\"px\",\"size\":100,\"sizes\":[]},\"typography_font_size_mobile\":{\"unit\":\"px\",\"size\":32,\"sizes\":[]},\"_element_width_mobile\":\"initial\",\"_element_custom_width_mobile\":{\"unit\":\"px\",\"size\":267.2},\"_offset_x_mobile\":{\"size\":50,\"unit\":\"px\"},\"_offset_y_mobile\":{\"size\":27,\"unit\":\"px\"}},\"elements\":[],\"widgetType\":\"text-editor\"}],\"isInner\":false}],\"isInner\":false}]"],"_yoast_wpseo_content_score":["90"],"_yoast_wpseo_estimated-reading-time-minutes":["1"],"_edit_last":["1"],"site-container":["default"],"site-header-transparent":["default"],"site-page-header":["default"],"site-sidebar":["default"],"_yoast_wpseo_focuskw":["pol\u00edtica de devoluci\u00f3n"],"_yoast_wpseo_title":["Pol\u00edtica de Devoluci\u00f3n | One - Off Marbella"],"_yoast_wpseo_linkdex":["50"],"_yoast_wpseo_meta-robots-noindex":["1"],"_yoast_wpseo_meta-robots-nofollow":["1"],"_yoast_wpseo_wordproof_timestamp":[""],"_elementor_controls_usage":["a:4:{s:5:\"image\";a:3:{s:5:\"count\";i:1;s:15:\"control_percent\";i:1;s:8:\"controls\";a:3:{s:7:\"content\";a:1:{s:13:\"section_image\";a:1:{s:5:\"image\";i:1;}}s:5:\"style\";a:1:{s:19:\"section_style_image\";a:2:{s:5:\"width\";i:1;s:5:\"space\";i:1;}}s:8:\"advanced\";a:1:{s:14:\"_section_style\";a:3:{s:7:\"_margin\";i:1;s:9:\"_position\";i:1;s:9:\"_offset_y\";i:1;}}}}s:11:\"text-editor\";a:3:{s:5:\"count\";i:2;s:15:\"control_percent\";i:3;s:8:\"controls\";a:3:{s:7:\"content\";a:1:{s:14:\"section_editor\";a:1:{s:6:\"editor\";i:2;}}s:8:\"advanced\";a:1:{s:14:\"_section_style\";a:4:{s:8:\"_padding\";i:1;s:9:\"_position\";i:1;s:9:\"_offset_y\";i:1;s:21:\"_element_width_mobile\";i:1;}}s:5:\"style\";a:1:{s:13:\"section_style\";a:7:{s:21:\"typography_typography\";i:2;s:22:\"typography_font_family\";i:2;s:20:\"typography_font_size\";i:2;s:22:\"typography_font_weight\";i:2;s:5:\"align\";i:1;s:10:\"text_color\";i:1;s:22:\"typography_line_height\";i:1;}}}}s:6:\"column\";a:3:{s:5:\"count\";i:1;s:15:\"control_percent\";i:0;s:8:\"controls\";a:1:{s:6:\"layout\";a:1:{s:6:\"layout\";a:1:{s:12:\"_inline_size\";i:1;}}}}s:7:\"section\";a:3:{s:5:\"count\";i:1;s:15:\"control_percent\";i:0;s:8:\"controls\";a:0:{}}}"],"_yoast_wpseo_metadesc":["Nos esforzamos por brindarle la mejor experiencia de compra posible, ofreci\u00e9ndole productos \u00fanicos y exclusivos para usted. Cada producto numerado es cuidadosamente dise\u00f1ado y fabricado con detalle, asegur\u00e1ndonos de que cumpla con sus expectativas y requisitos espec\u00edficos."],"_elementor_page_assets":["a:1:{s:6:\"styles\";a:2:{i:0;s:12:\"widget-image\";i:1;s:18:\"widget-text-editor\";}}"],"_elementor_css":["a:7:{s:4:\"time\";i:1737981096;s:5:\"fonts\";a:1:{i:0;s:11:\"EB Garamond\";}s:5:\"icons\";a:0:{}s:20:\"dynamic_elements_ids\";a:0:{}s:6:\"status\";s:6:\"inline\";i:0;s:0:\"\";s:3:\"css\";s:1953:\".elementor-769 .elementor-element.elementor-element-17770ae > .elementor-widget-container{margin:-190px -190px -190px -190px;}body:not(.rtl) .elementor-769 .elementor-element.elementor-element-17770ae{left:0px;}body.rtl .elementor-769 .elementor-element.elementor-element-17770ae{right:0px;}.elementor-769 .elementor-element.elementor-element-17770ae{top:150px;}.elementor-769 .elementor-element.elementor-element-17770ae img{width:100%;max-width:100%;}.elementor-769 .elementor-element.elementor-element-ce99b95 > .elementor-widget-container{padding:120px 0px 0px 0px;}.elementor-769 .elementor-element.elementor-element-ce99b95{font-family:\"EB Garamond\", Sans-serif;font-size:18px;font-weight:400;}body:not(.rtl) .elementor-769 .elementor-element.elementor-element-c5b9823{left:0px;}body.rtl .elementor-769 .elementor-element.elementor-element-c5b9823{right:0px;}.elementor-769 .elementor-element.elementor-element-c5b9823{top:100px;text-align:center;color:#FFFFFF;font-family:\"EB Garamond\", Sans-serif;font-size:40px;font-weight:500;line-height:58px;}@media(max-width:1024px){.elementor-769 .elementor-element.elementor-element-ce99b95 > .elementor-widget-container{padding:30px 0px 0px 0px;}}@media(max-width:767px){body:not(.rtl) .elementor-769 .elementor-element.elementor-element-17770ae{left:7px;}body.rtl .elementor-769 .elementor-element.elementor-element-17770ae{right:7px;}.elementor-769 .elementor-element.elementor-element-17770ae{top:207px;}.elementor-769 .elementor-element.elementor-element-ce99b95 > .elementor-widget-container{padding:0px 0px 0px 0px;}.elementor-769 .elementor-element.elementor-element-c5b9823{width:var( --container-widget-width, 267.2px );max-width:267.2px;--container-widget-width:267.2px;--container-widget-flex-grow:0;top:27px;font-size:32px;}body:not(.rtl) .elementor-769 .elementor-element.elementor-element-c5b9823{left:50px;}body.rtl .elementor-769 .elementor-element.elementor-element-c5b9823{right:50px;}}\";}"]},"yoast_head":"<!-- This site is optimized with the Yoast SEO plugin v24.3 - https:\/\/yoast.com\/wordpress\/plugins\/seo\/ -->\n<title>Pol\u00edtica de Devoluci\u00f3n | One - Off Marbella<\/title>\n<meta name=\"description\" content=\"Nos esforzamos por brindarle la mejor experiencia de compra posible, ofreci\u00e9ndole productos \u00fanicos y exclusivos para usted. Cada producto numerado es cuidadosamente dise\u00f1ado y fabricado con detalle, asegur\u00e1ndonos de que cumpla con sus expectativas y requisitos espec\u00edficos.\" \/>\n<meta name=\"robots\" content=\"noindex, nofollow\" \/>\n<meta property=\"og:locale\" content=\"en_US\" \/>\n<meta property=\"og:type\" content=\"article\" \/>\n<meta property=\"og:title\" content=\"Pol\u00edtica de Devoluci\u00f3n | One - Off Marbella\" \/>\n<meta property=\"og:description\" content=\"Nos esforzamos por brindarle la mejor experiencia de compra posible, ofreci\u00e9ndole productos \u00fanicos y exclusivos para usted. Cada producto numerado es cuidadosamente dise\u00f1ado y fabricado con detalle, asegur\u00e1ndonos de que cumpla con sus expectativas y requisitos espec\u00edficos.\" \/>\n<meta property=\"og:url\" content=\"https:\/\/one-offmarbella.com\/en\/politica-devolucion\/\" \/>\n<meta property=\"og:site_name\" content=\"One Off Marbella\" \/>\n<meta property=\"article:modified_time\" content=\"2023-10-08T10:27:14+00:00\" \/>\n<meta property=\"og:image\" content=\"https:\/\/one-offmarbella.com\/wp-content\/uploads\/2023\/06\/politica_dev-1.jpg\" \/>\n<meta name=\"twitter:card\" content=\"summary_large_image\" \/>\n<meta name=\"twitter:label1\" content=\"Est. reading time\" \/>\n\t<meta name=\"twitter:data1\" content=\"1 minute\" \/>\n<script type=\"application\/ld+json\" class=\"yoast-schema-graph\">{\"@context\":\"https:\/\/schema.org\",\"@graph\":[{\"@type\":\"WebPage\",\"@id\":\"https:\/\/one-offmarbella.com\/politica-devolucion\/\",\"url\":\"https:\/\/one-offmarbella.com\/politica-devolucion\/\",\"name\":\"Pol\u00edtica de Devoluci\u00f3n | One - Off Marbella\",\"isPartOf\":{\"@id\":\"https:\/\/one-offmarbella.com\/#website\"},\"primaryImageOfPage\":{\"@id\":\"https:\/\/one-offmarbella.com\/politica-devolucion\/#primaryimage\"},\"image\":{\"@id\":\"https:\/\/one-offmarbella.com\/politica-devolucion\/#primaryimage\"},\"thumbnailUrl\":\"https:\/\/one-offmarbella.com\/wp-content\/uploads\/2023\/06\/politica_dev-1.jpg\",\"datePublished\":\"2023-05-15T22:36:01+00:00\",\"dateModified\":\"2023-10-08T10:27:14+00:00\",\"description\":\"Nos esforzamos por brindarle la mejor experiencia de compra posible, ofreci\u00e9ndole productos \u00fanicos y exclusivos para usted. Cada producto numerado es cuidadosamente dise\u00f1ado y fabricado con detalle, asegur\u00e1ndonos de que cumpla con sus expectativas y requisitos espec\u00edficos.\",\"breadcrumb\":{\"@id\":\"https:\/\/one-offmarbella.com\/politica-devolucion\/#breadcrumb\"},\"inLanguage\":\"en-US\",\"potentialAction\":[{\"@type\":\"ReadAction\",\"target\":[\"https:\/\/one-offmarbella.com\/politica-devolucion\/\"]}]},{\"@type\":\"ImageObject\",\"inLanguage\":\"en-US\",\"@id\":\"https:\/\/one-offmarbella.com\/politica-devolucion\/#primaryimage\",\"url\":\"https:\/\/one-offmarbella.com\/wp-content\/uploads\/2023\/06\/politica_dev-1.jpg\",\"contentUrl\":\"https:\/\/one-offmarbella.com\/wp-content\/uploads\/2023\/06\/politica_dev-1.jpg\"},{\"@type\":\"BreadcrumbList\",\"@id\":\"https:\/\/one-offmarbella.com\/politica-devolucion\/#breadcrumb\",\"itemListElement\":[{\"@type\":\"ListItem\",\"position\":1,\"name\":\"Portada\",\"item\":\"https:\/\/one-offmarbella.com\/\"},{\"@type\":\"ListItem\",\"position\":2,\"name\":\"Pol\u00edtica de Devoluci\u00f3n\"}]},{\"@type\":\"WebSite\",\"@id\":\"https:\/\/one-offmarbella.com\/#website\",\"url\":\"https:\/\/one-offmarbella.com\/\",\"name\":\"One - Off Marbella\",\"description\":\"Bienvenido a One - Off Marbella, la \u00fanica marca que hace prendas de numeraci\u00f3n \u00fanica y limitada. Calidad, sostenibilidad y personalidad.\",\"potentialAction\":[{\"@type\":\"SearchAction\",\"target\":{\"@type\":\"EntryPoint\",\"urlTemplate\":\"https:\/\/one-offmarbella.com\/?s={search_term_string}\"},\"query-input\":{\"@type\":\"PropertyValueSpecification\",\"valueRequired\":true,\"valueName\":\"search_term_string\"}}],\"inLanguage\":\"en-US\"}]}<\/script>\n<!-- \/ Yoast SEO plugin. -->","yoast_head_json":{"title":"Pol\u00edtica de Devoluci\u00f3n | One - Off Marbella","description":"Nos esforzamos por brindarle la mejor experiencia de compra posible, ofreci\u00e9ndole productos \u00fanicos y exclusivos para usted. Cada producto numerado es cuidadosamente dise\u00f1ado y fabricado con detalle, asegur\u00e1ndonos de que cumpla con sus expectativas y requisitos espec\u00edficos.","robots":{"index":"noindex","follow":"nofollow"},"og_locale":"en_US","og_type":"article","og_title":"Pol\u00edtica de Devoluci\u00f3n | One - Off Marbella","og_description":"Nos esforzamos por brindarle la mejor experiencia de compra posible, ofreci\u00e9ndole productos \u00fanicos y exclusivos para usted. Cada producto numerado es cuidadosamente dise\u00f1ado y fabricado con detalle, asegur\u00e1ndonos de que cumpla con sus expectativas y requisitos espec\u00edficos.","og_url":"https:\/\/one-offmarbella.com\/en\/politica-devolucion\/","og_site_name":"One Off Marbella","article_modified_time":"2023-10-08T10:27:14+00:00","og_image":[{"url":"https:\/\/one-offmarbella.com\/wp-content\/uploads\/2023\/06\/politica_dev-1.jpg","type":"","width":"","height":""}],"twitter_card":"summary_large_image","twitter_misc":{"Est. reading time":"1 minute"},"schema":{"@context":"https:\/\/schema.org","@graph":[{"@type":"WebPage","@id":"https:\/\/one-offmarbella.com\/politica-devolucion\/","url":"https:\/\/one-offmarbella.com\/politica-devolucion\/","name":"Pol\u00edtica de Devoluci\u00f3n | One - Off Marbella","isPartOf":{"@id":"https:\/\/one-offmarbella.com\/#website"},"primaryImageOfPage":{"@id":"https:\/\/one-offmarbella.com\/politica-devolucion\/#primaryimage"},"image":{"@id":"https:\/\/one-offmarbella.com\/politica-devolucion\/#primaryimage"},"thumbnailUrl":"https:\/\/one-offmarbella.com\/wp-content\/uploads\/2023\/06\/politica_dev-1.jpg","datePublished":"2023-05-15T22:36:01+00:00","dateModified":"2023-10-08T10:27:14+00:00","description":"Nos esforzamos por brindarle la mejor experiencia de compra posible, ofreci\u00e9ndole productos \u00fanicos y exclusivos para usted. Cada producto numerado es cuidadosamente dise\u00f1ado y fabricado con detalle, asegur\u00e1ndonos de que cumpla con sus expectativas y requisitos espec\u00edficos.","breadcrumb":{"@id":"https:\/\/one-offmarbella.com\/politica-devolucion\/#breadcrumb"},"inLanguage":"en-US","potentialAction":[{"@type":"ReadAction","target":["https:\/\/one-offmarbella.com\/politica-devolucion\/"]}]},{"@type":"ImageObject","inLanguage":"en-US","@id":"https:\/\/one-offmarbella.com\/politica-devolucion\/#primaryimage","url":"https:\/\/one-offmarbella.com\/wp-content\/uploads\/2023\/06\/politica_dev-1.jpg","contentUrl":"https:\/\/one-offmarbella.com\/wp-content\/uploads\/2023\/06\/politica_dev-1.jpg"},{"@type":"BreadcrumbList","@id":"https:\/\/one-offmarbella.com\/politica-devolucion\/#breadcrumb","itemListElement":[{"@type":"ListItem","position":1,"name":"Portada","item":"https:\/\/one-offmarbella.com\/"},{"@type":"ListItem","position":2,"name":"Pol\u00edtica de Devoluci\u00f3n"}]},{"@type":"WebSite","@id":"https:\/\/one-offmarbella.com\/#website","url":"https:\/\/one-offmarbella.com\/","name":"One - Off Marbella","description":"Bienvenido a One - Off Marbella, la \u00fanica marca que hace prendas de numeraci\u00f3n \u00fanica y limitada. Calidad, sostenibilidad y personalidad.","potentialAction":[{"@type":"SearchAction","target":{"@type":"EntryPoint","urlTemplate":"https:\/\/one-offmarbella.com\/?s={search_term_string}"},"query-input":{"@type":"PropertyValueSpecification","valueRequired":true,"valueName":"search_term_string"}}],"inLanguage":"en-US"}]}},"_links":{"self":[{"href":"https:\/\/one-offmarbella.com\/en\/wp-json\/wp\/v2\/pages\/769","targetHints":{"allow":["GET"]}}],"collection":[{"href":"https:\/\/one-offmarbella.com\/en\/wp-json\/wp\/v2\/pages"}],"about":[{"href":"https:\/\/one-offmarbella.com\/en\/wp-json\/wp\/v2\/types\/page"}],"author":[{"embeddable":true,"href":"https:\/\/one-offmarbella.com\/en\/wp-json\/wp\/v2\/users\/1"}],"replies":[{"embeddable":true,"href":"https:\/\/one-offmarbella.com\/en\/wp-json\/wp\/v2\/comments?post=769"}],"version-history":[{"count":30,"href":"https:\/\/one-offmarbella.com\/en\/wp-json\/wp\/v2\/pages\/769\/revisions"}],"predecessor-version":[{"id":3438,"href":"https:\/\/one-offmarbella.com\/en\/wp-json\/wp\/v2\/pages\/769\/revisions\/3438"}],"wp:attachment":[{"href":"https:\/\/one-offmarbella.com\/en\/wp-json\/wp\/v2\/media?parent=769"}],"curies":[{"name":"wp","href":"https:\/\/api.w.org\/{rel}","templated":true}]}}