{"id":763,"date":"2023-05-15T22:31:48","date_gmt":"2023-05-15T22:31:48","guid":{"rendered":"https:\/\/one-offmarbella.com\/?page_id=763"},"modified":"2023-10-10T19:23:08","modified_gmt":"2023-10-10T19:23:08","slug":"informacion-envio","status":"publish","type":"page","link":"https:\/\/one-offmarbella.com\/en\/informacion-envio\/","title":{"rendered":"Shipping Information"},"content":{"rendered":"<div data-elementor-type=\"wp-page\" data-elementor-id=\"763\" class=\"elementor elementor-763\" data-elementor-post-type=\"page\">\n\t\t\t\t\t\t<section class=\"elementor-section elementor-top-section elementor-element elementor-element-af62a3b elementor-section-boxed elementor-section-height-default elementor-section-height-default\" data-id=\"af62a3b\" data-element_type=\"section\">\n\t\t\t\t\t\t<div class=\"elementor-container elementor-column-gap-default\">\n\t\t\t\t\t<div class=\"elementor-column elementor-col-100 elementor-top-column elementor-element elementor-element-4a9ccac\" data-id=\"4a9ccac\" data-element_type=\"column\">\n\t\t\t<div class=\"elementor-widget-wrap elementor-element-populated\">\n\t\t\t\t\t\t<div class=\"elementor-element elementor-element-bcaf1c1 elementor-absolute elementor-widget elementor-widget-image\" data-id=\"bcaf1c1\" data-element_type=\"widget\" data-settings=\"{&quot;_position&quot;:&quot;absolute&quot;}\" data-widget_type=\"image.default\">\n\t\t\t\t<div class=\"elementor-widget-container\">\n\t\t\t\t\t\t\t\t\t\t\t\t\t\t\t<img fetchpriority=\"high\" decoding=\"async\" width=\"1024\" height=\"205\" src=\"https:\/\/one-offmarbella.com\/wp-content\/uploads\/2023\/06\/shipping.jpg\" class=\"attachment-large size-large wp-image-1195\" alt=\"\" srcset=\"https:\/\/one-offmarbella.com\/wp-content\/uploads\/2023\/06\/shipping.jpg 2000w, https:\/\/one-offmarbella.com\/wp-content\/uploads\/2023\/06\/shipping-1920x384.jpg 1920w\" sizes=\"(max-width: 1024px) 100vw, 1024px\" \/>\t\t\t\t\t\t\t\t\t\t\t\t\t\t\t<\/div>\n\t\t\t\t<\/div>\n\t\t\t\t<div class=\"elementor-element elementor-element-41797c0 elementor-absolute elementor-widget__width-initial elementor-widget-mobile__width-initial elementor-widget elementor-widget-text-editor\" data-id=\"41797c0\" data-element_type=\"widget\" data-settings=\"{&quot;_position&quot;:&quot;absolute&quot;}\" data-widget_type=\"text-editor.default\">\n\t\t\t\t<div class=\"elementor-widget-container\">\n\t\t\t\t\t\t\t\t\t<p><span style=\"color: #ffffff;\">Shipping Information<\/span><\/p><p><span style=\"color: #ffffff;\"> from One \u2013 Off Marbella<\/span><\/p>\t\t\t\t\t\t\t\t<\/div>\n\t\t\t\t<\/div>\n\t\t\t\t\t<\/div>\n\t\t<\/div>\n\t\t\t\t\t<\/div>\n\t\t<\/section>\n\t\t\t\t<section class=\"elementor-section elementor-top-section elementor-element elementor-element-90ae44f elementor-section-boxed elementor-section-height-default elementor-section-height-default\" data-id=\"90ae44f\" data-element_type=\"section\">\n\t\t\t\t\t\t<div class=\"elementor-container elementor-column-gap-default\">\n\t\t\t\t\t<div class=\"elementor-column elementor-col-100 elementor-top-column elementor-element elementor-element-074f209\" data-id=\"074f209\" data-element_type=\"column\">\n\t\t\t<div class=\"elementor-widget-wrap elementor-element-populated\">\n\t\t\t\t\t\t<div class=\"elementor-element elementor-element-79fb563 elementor-widget elementor-widget-text-editor\" data-id=\"79fb563\" data-element_type=\"widget\" data-widget_type=\"text-editor.default\">\n\t\t\t\t<div class=\"elementor-widget-container\">\n\t\t\t\t\t\t\t\t\t<h2>\u00a0<\/h2><p>\u00a0<\/p><p>\u00a0<\/p><p>\u00a0<\/p><p>\u00a0<\/p><p>\u00a0<\/p><p>Our products are crafted from scratch just for you, closing the door to the immediacy offered by mass-produced textile industries. Therefore, our free shipping for orders over 80\u20ac is delivered within 7 to 9 business days. Our premium shipping option, with a cost of 9.99\u20ac, will be delivered between 3 and 5 business days.<\/p><p>The conditions described in the previous paragraph apply to garments not exceeding XXL within the Iberian Peninsula. If your garment is larger than XXL or the shipping location is outside the Iberian Peninsula, please contact customer support directly.<\/p><p>Premium shipping: 9.99\u20ac, delivered between 3 and 5 business days <br \/>Free shipping for orders over 80\u20ac: delivered between 7 and 9 business days<\/p>\t\t\t\t\t\t\t\t<\/div>\n\t\t\t\t<\/div>\n\t\t\t\t\t<\/div>\n\t\t<\/div>\n\t\t\t\t\t<\/div>\n\t\t<\/section>\n\t\t\t\t<\/div>","protected":false},"excerpt":{"rendered":"<p>Informaci\u00f3n de Env\u00edo de One &#8211; Off Marbella Nuestros productos son confeccionados desde cero para usted cerrando la puerta de&#8230;<\/p>","protected":false},"author":1,"featured_media":0,"parent":0,"menu_order":0,"comment_status":"closed","ping_status":"closed","template":"","meta":{"footnotes":""},"class_list":["post-763","page","type-page","status-publish","hentry"],"post-meta":{"_edit_lock":["1696965789:1"],"_last_editor_used_jetpack":["block-editor"],"_edit_last":["1"],"site-container":["default"],"site-header-transparent":["default"],"site-page-header":["default"],"site-sidebar":["default"],"_yoast_wpseo_focuskw":["informaci\u00f3n de env\u00edo one off marbella"],"_yoast_wpseo_title":["Informaci\u00f3n de Env\u00edo | One - Off Marbella"],"_yoast_wpseo_linkdex":["46"],"_yoast_wpseo_estimated-reading-time-minutes":["1"],"_yoast_wpseo_wordproof_timestamp":[""],"_elementor_edit_mode":["builder"],"_elementor_template_type":["wp-page"],"_elementor_version":["3.16.4"],"_wp_page_template":["default"],"_elementor_data":["[{\"id\":\"af62a3b\",\"elType\":\"section\",\"settings\":[],\"elements\":[{\"id\":\"4a9ccac\",\"elType\":\"column\",\"settings\":{\"_column_size\":100,\"_inline_size\":null},\"elements\":[{\"id\":\"bcaf1c1\",\"elType\":\"widget\",\"settings\":{\"image\":{\"url\":\"https:\\\/\\\/one-offmarbella.com\\\/wp-content\\\/uploads\\\/2023\\\/06\\\/shipping.jpg\",\"id\":1195,\"size\":\"\",\"alt\":\"\",\"source\":\"library\"},\"width\":{\"unit\":\"%\",\"size\":100,\"sizes\":[]},\"space\":{\"unit\":\"%\",\"size\":100,\"sizes\":[]},\"_margin\":{\"unit\":\"px\",\"top\":\"-190\",\"right\":\"-190\",\"bottom\":\"-190\",\"left\":\"-190\",\"isLinked\":true},\"_position\":\"absolute\",\"_offset_y\":{\"unit\":\"px\",\"size\":190,\"sizes\":[]},\"_offset_x_mobile\":{\"size\":0,\"unit\":\"px\"},\"_offset_y_mobile\":{\"size\":281,\"unit\":\"px\"}},\"elements\":[],\"widgetType\":\"image\"},{\"id\":\"41797c0\",\"elType\":\"widget\",\"settings\":{\"editor\":\"<p><span style=\\\"color: #ffffff;\\\">Informaci\\u00f3n de Env\\u00edo<\\\/span><\\\/p><p><span style=\\\"color: #ffffff;\\\"> de One - Off Marbella<\\\/span><\\\/p>\",\"align\":\"center\",\"typography_typography\":\"custom\",\"typography_font_family\":\"EB Garamond\",\"typography_font_size\":{\"unit\":\"px\",\"size\":40,\"sizes\":[]},\"typography_font_weight\":\"500\",\"_position\":\"absolute\",\"_offset_y\":{\"size\":100,\"unit\":\"px\"},\"typography_line_height\":{\"unit\":\"px\",\"size\":40,\"sizes\":[]},\"_element_width\":\"initial\",\"_element_custom_width\":{\"unit\":\"%\",\"size\":49.018},\"_offset_x\":{\"size\":0,\"unit\":\"px\"},\"typography_font_size_mobile\":{\"unit\":\"px\",\"size\":20,\"sizes\":[]},\"_element_width_mobile\":\"initial\",\"_element_custom_width_mobile\":{\"unit\":\"px\",\"size\":226.5},\"_offset_x_mobile\":{\"size\":-24,\"unit\":\"px\"},\"_offset_y_mobile\":{\"size\":112,\"unit\":\"px\"}},\"elements\":[],\"widgetType\":\"text-editor\"}],\"isInner\":false}],\"isInner\":false},{\"id\":\"90ae44f\",\"elType\":\"section\",\"settings\":[],\"elements\":[{\"id\":\"074f209\",\"elType\":\"column\",\"settings\":{\"_column_size\":100,\"_inline_size\":null},\"elements\":[{\"id\":\"79fb563\",\"elType\":\"widget\",\"settings\":{\"editor\":\"<h2>\\u00a0<\\\/h2><p>\\u00a0<\\\/p><p>\\u00a0<\\\/p><p>\\u00a0<\\\/p><p>\\u00a0<\\\/p><p>\\u00a0<\\\/p><p>Nuestros productos son confeccionados desde cero para usted cerrando la puerta de la inmediatez que ofrece la industria textil masificada. De este modo nuestro env\\u00edo gratuito a partir de 80\\u20ac se entrega de 7 a 9 d\\u00edas laborales. Nuestro env\\u00edo premium con un coste de 9,99\\u20ac se efectuar\\u00e1 entre 3 y 5 d\\u00edas laborales.<\\\/p><p>Las condiciones descritas en el p\\u00e1rrafo anterior se dar\\u00e1n para prendas no superiores a la XXL dentro de la pen\\u00ednsula ib\\u00e9rica. En el caso de que su prenda sea mayor a una XXL o la localizaci\\u00f3n de env\\u00edo sea fuera de la pen\\u00ednsula ib\\u00e9rica contacte directamente con el servicio de asistencia t\\u00e9cnica.<\\\/p><p>Envio premium 9,99\\u20ac entre 3 y 5 d\\u00edas laborales <br \\\/>Envio gratis con compras superior a 80\\u20ac entre 7 y 9 d\\u00edas laborales<\\\/p>\",\"_padding\":{\"unit\":\"px\",\"top\":\"20\",\"right\":\"0\",\"bottom\":\"20\",\"left\":\"0\",\"isLinked\":false},\"typography_typography\":\"custom\",\"typography_font_family\":\"EB Garamond\",\"typography_font_size\":{\"unit\":\"px\",\"size\":18,\"sizes\":[]},\"typography_font_weight\":\"400\"},\"elements\":[],\"widgetType\":\"text-editor\"}],\"isInner\":false}],\"isInner\":false}]"],"_yoast_wpseo_content_score":["90"],"_yoast_wpseo_metadesc":["Descubre nuestra shipping information para saber como llegar\u00e1 tu pedido al domicilio. Contamos con las mejores empresas de transportes."],"_elementor_controls_usage":["a:4:{s:5:\"image\";a:3:{s:5:\"count\";i:1;s:15:\"control_percent\";i:1;s:8:\"controls\";a:3:{s:7:\"content\";a:1:{s:13:\"section_image\";a:1:{s:5:\"image\";i:1;}}s:5:\"style\";a:1:{s:19:\"section_style_image\";a:2:{s:5:\"width\";i:1;s:5:\"space\";i:1;}}s:8:\"advanced\";a:1:{s:14:\"_section_style\";a:3:{s:7:\"_margin\";i:1;s:9:\"_position\";i:1;s:9:\"_offset_y\";i:1;}}}}s:11:\"text-editor\";a:3:{s:5:\"count\";i:2;s:15:\"control_percent\";i:2;s:8:\"controls\";a:3:{s:7:\"content\";a:1:{s:14:\"section_editor\";a:1:{s:6:\"editor\";i:2;}}s:5:\"style\";a:1:{s:13:\"section_style\";a:6:{s:5:\"align\";i:1;s:21:\"typography_typography\";i:2;s:22:\"typography_font_family\";i:2;s:20:\"typography_font_size\";i:2;s:22:\"typography_font_weight\";i:2;s:22:\"typography_line_height\";i:1;}}s:8:\"advanced\";a:1:{s:14:\"_section_style\";a:7:{s:9:\"_position\";i:1;s:9:\"_offset_y\";i:1;s:14:\"_element_width\";i:1;s:21:\"_element_custom_width\";i:1;s:9:\"_offset_x\";i:1;s:21:\"_element_width_mobile\";i:1;s:8:\"_padding\";i:1;}}}}s:6:\"column\";a:3:{s:5:\"count\";i:2;s:15:\"control_percent\";i:0;s:8:\"controls\";a:1:{s:6:\"layout\";a:1:{s:6:\"layout\";a:1:{s:12:\"_inline_size\";i:2;}}}}s:7:\"section\";a:3:{s:5:\"count\";i:2;s:15:\"control_percent\";i:0;s:8:\"controls\";a:0:{}}}"],"_yoast_wpseo_meta-robots-noindex":["1"],"_elementor_page_assets":["a:1:{s:6:\"styles\";a:2:{i:0;s:12:\"widget-image\";i:1;s:18:\"widget-text-editor\";}}"],"_elementor_css":["a:7:{s:4:\"time\";i:1737981092;s:5:\"fonts\";a:1:{i:0;s:11:\"EB Garamond\";}s:5:\"icons\";a:0:{}s:20:\"dynamic_elements_ids\";a:0:{}s:6:\"status\";s:6:\"inline\";i:0;s:0:\"\";s:3:\"css\";s:1814:\".elementor-763 .elementor-element.elementor-element-bcaf1c1 > .elementor-widget-container{margin:-190px -190px -190px -190px;}body:not(.rtl) .elementor-763 .elementor-element.elementor-element-bcaf1c1{left:0px;}body.rtl .elementor-763 .elementor-element.elementor-element-bcaf1c1{right:0px;}.elementor-763 .elementor-element.elementor-element-bcaf1c1{top:190px;}.elementor-763 .elementor-element.elementor-element-bcaf1c1 img{width:100%;max-width:100%;}.elementor-763 .elementor-element.elementor-element-41797c0{width:var( --container-widget-width, 49.018% );max-width:49.018%;--container-widget-width:49.018%;--container-widget-flex-grow:0;top:100px;text-align:center;font-family:\"EB Garamond\", Sans-serif;font-size:40px;font-weight:500;line-height:40px;}body:not(.rtl) .elementor-763 .elementor-element.elementor-element-41797c0{left:0px;}body.rtl .elementor-763 .elementor-element.elementor-element-41797c0{right:0px;}.elementor-763 .elementor-element.elementor-element-79fb563 > .elementor-widget-container{padding:20px 0px 20px 0px;}.elementor-763 .elementor-element.elementor-element-79fb563{font-family:\"EB Garamond\", Sans-serif;font-size:18px;font-weight:400;}@media(max-width:767px){body:not(.rtl) .elementor-763 .elementor-element.elementor-element-bcaf1c1{left:0px;}body.rtl .elementor-763 .elementor-element.elementor-element-bcaf1c1{right:0px;}.elementor-763 .elementor-element.elementor-element-bcaf1c1{top:281px;}.elementor-763 .elementor-element.elementor-element-41797c0{width:var( --container-widget-width, 226.5px );max-width:226.5px;--container-widget-width:226.5px;--container-widget-flex-grow:0;top:112px;font-size:20px;}body:not(.rtl) .elementor-763 .elementor-element.elementor-element-41797c0{left:-24px;}body.rtl .elementor-763 .elementor-element.elementor-element-41797c0{right:-24px;}}\";}"]},"yoast_head":"<!-- This site is optimized with the Yoast SEO plugin v24.3 - https:\/\/yoast.com\/wordpress\/plugins\/seo\/ -->\n<title>Informaci\u00f3n de Env\u00edo | One - Off Marbella<\/title>\n<meta name=\"description\" content=\"Descubre nuestra shipping information para saber como llegar\u00e1 tu pedido al domicilio. Contamos con las mejores empresas de transportes.\" \/>\n<meta name=\"robots\" content=\"noindex, follow\" \/>\n<meta property=\"og:locale\" content=\"en_US\" \/>\n<meta property=\"og:type\" content=\"article\" \/>\n<meta property=\"og:title\" content=\"Informaci\u00f3n de Env\u00edo | One - Off Marbella\" \/>\n<meta property=\"og:description\" content=\"Descubre nuestra shipping information para saber como llegar\u00e1 tu pedido al domicilio. Contamos con las mejores empresas de transportes.\" \/>\n<meta property=\"og:url\" content=\"https:\/\/one-offmarbella.com\/en\/informacion-envio\/\" \/>\n<meta property=\"og:site_name\" content=\"One Off Marbella\" \/>\n<meta property=\"article:modified_time\" content=\"2023-10-10T19:23:08+00:00\" \/>\n<meta property=\"og:image\" content=\"https:\/\/one-offmarbella.com\/wp-content\/uploads\/2023\/06\/shipping.jpg\" \/>\n<meta name=\"twitter:card\" content=\"summary_large_image\" \/>\n<meta name=\"twitter:label1\" content=\"Est. reading time\" \/>\n\t<meta name=\"twitter:data1\" content=\"1 minute\" \/>\n<script type=\"application\/ld+json\" class=\"yoast-schema-graph\">{\"@context\":\"https:\/\/schema.org\",\"@graph\":[{\"@type\":\"WebPage\",\"@id\":\"https:\/\/one-offmarbella.com\/informacion-envio\/\",\"url\":\"https:\/\/one-offmarbella.com\/informacion-envio\/\",\"name\":\"Informaci\u00f3n de Env\u00edo | One - Off Marbella\",\"isPartOf\":{\"@id\":\"https:\/\/one-offmarbella.com\/#website\"},\"primaryImageOfPage\":{\"@id\":\"https:\/\/one-offmarbella.com\/informacion-envio\/#primaryimage\"},\"image\":{\"@id\":\"https:\/\/one-offmarbella.com\/informacion-envio\/#primaryimage\"},\"thumbnailUrl\":\"https:\/\/one-offmarbella.com\/wp-content\/uploads\/2023\/06\/shipping.jpg\",\"datePublished\":\"2023-05-15T22:31:48+00:00\",\"dateModified\":\"2023-10-10T19:23:08+00:00\",\"description\":\"Descubre nuestra shipping information para saber como llegar\u00e1 tu pedido al domicilio. Contamos con las mejores empresas de transportes.\",\"breadcrumb\":{\"@id\":\"https:\/\/one-offmarbella.com\/informacion-envio\/#breadcrumb\"},\"inLanguage\":\"en-US\",\"potentialAction\":[{\"@type\":\"ReadAction\",\"target\":[\"https:\/\/one-offmarbella.com\/informacion-envio\/\"]}]},{\"@type\":\"ImageObject\",\"inLanguage\":\"en-US\",\"@id\":\"https:\/\/one-offmarbella.com\/informacion-envio\/#primaryimage\",\"url\":\"https:\/\/one-offmarbella.com\/wp-content\/uploads\/2023\/06\/shipping.jpg\",\"contentUrl\":\"https:\/\/one-offmarbella.com\/wp-content\/uploads\/2023\/06\/shipping.jpg\"},{\"@type\":\"BreadcrumbList\",\"@id\":\"https:\/\/one-offmarbella.com\/informacion-envio\/#breadcrumb\",\"itemListElement\":[{\"@type\":\"ListItem\",\"position\":1,\"name\":\"Portada\",\"item\":\"https:\/\/one-offmarbella.com\/\"},{\"@type\":\"ListItem\",\"position\":2,\"name\":\"Informaci\u00f3n de Env\u00edo\"}]},{\"@type\":\"WebSite\",\"@id\":\"https:\/\/one-offmarbella.com\/#website\",\"url\":\"https:\/\/one-offmarbella.com\/\",\"name\":\"One - Off Marbella\",\"description\":\"Bienvenido a One - Off Marbella, la \u00fanica marca que hace prendas de numeraci\u00f3n \u00fanica y limitada. Calidad, sostenibilidad y personalidad.\",\"potentialAction\":[{\"@type\":\"SearchAction\",\"target\":{\"@type\":\"EntryPoint\",\"urlTemplate\":\"https:\/\/one-offmarbella.com\/?s={search_term_string}\"},\"query-input\":{\"@type\":\"PropertyValueSpecification\",\"valueRequired\":true,\"valueName\":\"search_term_string\"}}],\"inLanguage\":\"en-US\"}]}<\/script>\n<!-- \/ Yoast SEO plugin. -->","yoast_head_json":{"title":"Informaci\u00f3n de Env\u00edo | One - Off Marbella","description":"Descubre nuestra shipping information para saber como llegar\u00e1 tu pedido al domicilio. Contamos con las mejores empresas de transportes.","robots":{"index":"noindex","follow":"follow"},"og_locale":"en_US","og_type":"article","og_title":"Informaci\u00f3n de Env\u00edo | One - Off Marbella","og_description":"Descubre nuestra shipping information para saber como llegar\u00e1 tu pedido al domicilio. Contamos con las mejores empresas de transportes.","og_url":"https:\/\/one-offmarbella.com\/en\/informacion-envio\/","og_site_name":"One Off Marbella","article_modified_time":"2023-10-10T19:23:08+00:00","og_image":[{"url":"https:\/\/one-offmarbella.com\/wp-content\/uploads\/2023\/06\/shipping.jpg","type":"","width":"","height":""}],"twitter_card":"summary_large_image","twitter_misc":{"Est. reading time":"1 minute"},"schema":{"@context":"https:\/\/schema.org","@graph":[{"@type":"WebPage","@id":"https:\/\/one-offmarbella.com\/informacion-envio\/","url":"https:\/\/one-offmarbella.com\/informacion-envio\/","name":"Informaci\u00f3n de Env\u00edo | One - Off Marbella","isPartOf":{"@id":"https:\/\/one-offmarbella.com\/#website"},"primaryImageOfPage":{"@id":"https:\/\/one-offmarbella.com\/informacion-envio\/#primaryimage"},"image":{"@id":"https:\/\/one-offmarbella.com\/informacion-envio\/#primaryimage"},"thumbnailUrl":"https:\/\/one-offmarbella.com\/wp-content\/uploads\/2023\/06\/shipping.jpg","datePublished":"2023-05-15T22:31:48+00:00","dateModified":"2023-10-10T19:23:08+00:00","description":"Descubre nuestra shipping information para saber como llegar\u00e1 tu pedido al domicilio. Contamos con las mejores empresas de transportes.","breadcrumb":{"@id":"https:\/\/one-offmarbella.com\/informacion-envio\/#breadcrumb"},"inLanguage":"en-US","potentialAction":[{"@type":"ReadAction","target":["https:\/\/one-offmarbella.com\/informacion-envio\/"]}]},{"@type":"ImageObject","inLanguage":"en-US","@id":"https:\/\/one-offmarbella.com\/informacion-envio\/#primaryimage","url":"https:\/\/one-offmarbella.com\/wp-content\/uploads\/2023\/06\/shipping.jpg","contentUrl":"https:\/\/one-offmarbella.com\/wp-content\/uploads\/2023\/06\/shipping.jpg"},{"@type":"BreadcrumbList","@id":"https:\/\/one-offmarbella.com\/informacion-envio\/#breadcrumb","itemListElement":[{"@type":"ListItem","position":1,"name":"Portada","item":"https:\/\/one-offmarbella.com\/"},{"@type":"ListItem","position":2,"name":"Informaci\u00f3n de Env\u00edo"}]},{"@type":"WebSite","@id":"https:\/\/one-offmarbella.com\/#website","url":"https:\/\/one-offmarbella.com\/","name":"One - Off Marbella","description":"Bienvenido a One - Off Marbella, la \u00fanica marca que hace prendas de numeraci\u00f3n \u00fanica y limitada. Calidad, sostenibilidad y personalidad.","potentialAction":[{"@type":"SearchAction","target":{"@type":"EntryPoint","urlTemplate":"https:\/\/one-offmarbella.com\/?s={search_term_string}"},"query-input":{"@type":"PropertyValueSpecification","valueRequired":true,"valueName":"search_term_string"}}],"inLanguage":"en-US"}]}},"_links":{"self":[{"href":"https:\/\/one-offmarbella.com\/en\/wp-json\/wp\/v2\/pages\/763","targetHints":{"allow":["GET"]}}],"collection":[{"href":"https:\/\/one-offmarbella.com\/en\/wp-json\/wp\/v2\/pages"}],"about":[{"href":"https:\/\/one-offmarbella.com\/en\/wp-json\/wp\/v2\/types\/page"}],"author":[{"embeddable":true,"href":"https:\/\/one-offmarbella.com\/en\/wp-json\/wp\/v2\/users\/1"}],"replies":[{"embeddable":true,"href":"https:\/\/one-offmarbella.com\/en\/wp-json\/wp\/v2\/comments?post=763"}],"version-history":[{"count":30,"href":"https:\/\/one-offmarbella.com\/en\/wp-json\/wp\/v2\/pages\/763\/revisions"}],"predecessor-version":[{"id":3723,"href":"https:\/\/one-offmarbella.com\/en\/wp-json\/wp\/v2\/pages\/763\/revisions\/3723"}],"wp:attachment":[{"href":"https:\/\/one-offmarbella.com\/en\/wp-json\/wp\/v2\/media?parent=763"}],"curies":[{"name":"wp","href":"https:\/\/api.w.org\/{rel}","templated":true}]}}